{"id":14796,"date":"2024-12-19T12:23:09","date_gmt":"2024-12-19T12:23:09","guid":{"rendered":"https:\/\/pararepublique.com\/?post_type=product&#038;p=14796"},"modified":"2024-12-19T12:23:09","modified_gmt":"2024-12-19T12:23:09","slug":"parfum-narcisco-rodriques-for-her","status":"publish","type":"product","link":"https:\/\/pararepublique.com\/index.php\/product\/parfum-narcisco-rodriques-for-her\/","title":{"rendered":"PARFUM NARCISCO RODRIQUES FOR HER"},"content":{"rendered":"<div class=\"pdp-desc-details\">\n<p><em>for her<\/em> eau de parfum exhale une sensualit\u00e9 plus profonde que l\u2019eau de toilette originale <em>for her<\/em>. Pour ce deuxi\u00e8me opus de <em>for her<\/em>, l\u2019alchimie unique de <em>for her<\/em> est r\u00e9interpr\u00e9t\u00e9e dans une nouvelle composition somptueuse, exprimant la beaut\u00e9 int\u00e9rieure de la femme <em>for her<\/em>.<\/p>\n<p>Dans <em>for her<\/em> eau de parfum pour femme, le musc iconique de narciso\u00a0rodriguez demeure au c\u0153ur de la fragrance et se transforme sur la peau pour refl\u00e9ter et r\u00e9v\u00e9ler la nature unique de celle qui la porte. L\u2019accord musc signature est encore plus sensuel avec des notes florales de rose et de p\u00eache, soulign\u00e9es par la douceur de l\u2019ambre et du patchouli.<\/p>\n<p>Cette symphonie de notes florales envelopp\u00e9es dans un voile d\u00e9licat d\u2019ambre et de senteurs bois\u00e9es compl\u00e8te le sublime c\u0153ur de musc, apportant myst\u00e8re et profondeur \u00e0 la composition. Un parfum sophistiqu\u00e9, d\u00e9sarmant et persistant.<\/p>\n<\/div>\n","protected":false},"excerpt":{"rendered":"<p><em>for her<\/em> eau de parfum exhale une sensualit\u00e9 plus profonde que l\u2019eau de toilette originale <em>for her<\/em>. Pour ce deuxi\u00e8me opus de <em>for her<\/em>, l\u2019alchimie unique de <em>for her<\/em> est r\u00e9interpr\u00e9t\u00e9e dans une nouvelle composition somptueuse, exprimant la beaut\u00e9 int\u00e9rieure de la femme <em>for her<\/em>.<\/p>\n","protected":false},"featured_media":14797,"comment_status":"open","ping_status":"closed","template":"","meta":{"inline_featured_image":false,"_monsterinsights_skip_tracking":false,"_monsterinsights_sitenote_active":false,"_monsterinsights_sitenote_note":"","_monsterinsights_sitenote_category":0,"_joinchat":[]},"product_cat":[106],"product_tag":[],"class_list":{"0":"post-14796","1":"product","2":"type-product","3":"status-publish","4":"has-post-thumbnail","6":"product_cat-parfumerie","8":"first","9":"instock","10":"shipping-taxable","11":"purchasable","12":"product-type-simple","13":"add-to-wishlist-after_add_to_cart"},"aioseo_notices":[],"_links":{"self":[{"href":"https:\/\/pararepublique.com\/index.php\/wp-json\/wp\/v2\/product\/14796","targetHints":{"allow":["GET"]}}],"collection":[{"href":"https:\/\/pararepublique.com\/index.php\/wp-json\/wp\/v2\/product"}],"about":[{"href":"https:\/\/pararepublique.com\/index.php\/wp-json\/wp\/v2\/types\/product"}],"replies":[{"embeddable":true,"href":"https:\/\/pararepublique.com\/index.php\/wp-json\/wp\/v2\/comments?post=14796"}],"version-history":[{"count":2,"href":"https:\/\/pararepublique.com\/index.php\/wp-json\/wp\/v2\/product\/14796\/revisions"}],"predecessor-version":[{"id":14799,"href":"https:\/\/pararepublique.com\/index.php\/wp-json\/wp\/v2\/product\/14796\/revisions\/14799"}],"wp:featuredmedia":[{"embeddable":true,"href":"https:\/\/pararepublique.com\/index.php\/wp-json\/wp\/v2\/media\/14797"}],"wp:attachment":[{"href":"https:\/\/pararepublique.com\/index.php\/wp-json\/wp\/v2\/media?parent=14796"}],"wp:term":[{"taxonomy":"product_cat","embeddable":true,"href":"https:\/\/pararepublique.com\/index.php\/wp-json\/wp\/v2\/product_cat?post=14796"},{"taxonomy":"product_tag","embeddable":true,"href":"https:\/\/pararepublique.com\/index.php\/wp-json\/wp\/v2\/product_tag?post=14796"}],"curies":[{"name":"wp","href":"https:\/\/api.w.org\/{rel}","templated":true}]}}