{"id":14800,"date":"2024-12-19T12:28:59","date_gmt":"2024-12-19T12:28:59","guid":{"rendered":"https:\/\/pararepublique.com\/?post_type=product&#038;p=14800"},"modified":"2024-12-19T12:29:00","modified_gmt":"2024-12-19T12:29:00","slug":"parfum-narcisse-chloe-edt-100ml","status":"publish","type":"product","link":"https:\/\/pararepublique.com\/index.php\/product\/parfum-narcisse-chloe-edt-100ml\/","title":{"rendered":"PARFUM NARCISSE CHLOE EDT 100ML"},"content":{"rendered":"<p>Chlo\u00e9 Narcisse est une douce fragrance fleurie et orientale. La p\u00eache et l&rsquo;ananas juteux se plongent dans le c\u0153ur s\u00e9duisant compos\u00e9 de jasmin, de rose, de narcisse et de gard\u00e9nia. Cette vague fleurie d\u00e9voile ensuite les tonalit\u00e9s orientales de Chlo\u00e9 Narcisse compos\u00e9es de santal, de c\u00e8dre, de musc et de vanille exotique qui viennent clore cette fragrance.<\/p>\n","protected":false},"excerpt":{"rendered":"<p><span class=\"hps\">Chlo\u00e9<\/span>\u00a0<span class=\"hps\">Narcisse<\/span>\u00a0<span class=\"hps\">par Karl Lagerfeld<\/span>\u00a0<span class=\"hps\">est un parfum<\/span>\u00a0<span class=\"hps\">floral et<\/span>\u00a0<span class=\"hps\">doux, mais<\/span>\u00a0<span class=\"hps atn\">avec un soup\u00e7on d&rsquo;<\/span>amertume\u00a0<span class=\"hps\">revigorante<\/span>.\u00a0<span class=\"hps\">Narcisse<\/span>\u00a0<span class=\"hps\">est un parfum<\/span>\u00a0<span class=\"hps\">parfait pour porter<\/span>\u00a0<span class=\"hps\">dans la soir\u00e9e<\/span><span class=\"hps\">.<\/span><\/p>\n","protected":false},"featured_media":14801,"comment_status":"open","ping_status":"closed","template":"","meta":{"inline_featured_image":false,"_monsterinsights_skip_tracking":false,"_monsterinsights_sitenote_active":false,"_monsterinsights_sitenote_note":"","_monsterinsights_sitenote_category":0,"_joinchat":[]},"product_cat":[106],"product_tag":[],"class_list":{"0":"post-14800","1":"product","2":"type-product","3":"status-publish","4":"has-post-thumbnail","6":"product_cat-parfumerie","8":"first","9":"instock","10":"shipping-taxable","11":"purchasable","12":"product-type-simple","13":"add-to-wishlist-after_add_to_cart"},"aioseo_notices":[],"_links":{"self":[{"href":"https:\/\/pararepublique.com\/index.php\/wp-json\/wp\/v2\/product\/14800","targetHints":{"allow":["GET"]}}],"collection":[{"href":"https:\/\/pararepublique.com\/index.php\/wp-json\/wp\/v2\/product"}],"about":[{"href":"https:\/\/pararepublique.com\/index.php\/wp-json\/wp\/v2\/types\/product"}],"replies":[{"embeddable":true,"href":"https:\/\/pararepublique.com\/index.php\/wp-json\/wp\/v2\/comments?post=14800"}],"version-history":[{"count":2,"href":"https:\/\/pararepublique.com\/index.php\/wp-json\/wp\/v2\/product\/14800\/revisions"}],"predecessor-version":[{"id":14803,"href":"https:\/\/pararepublique.com\/index.php\/wp-json\/wp\/v2\/product\/14800\/revisions\/14803"}],"wp:featuredmedia":[{"embeddable":true,"href":"https:\/\/pararepublique.com\/index.php\/wp-json\/wp\/v2\/media\/14801"}],"wp:attachment":[{"href":"https:\/\/pararepublique.com\/index.php\/wp-json\/wp\/v2\/media?parent=14800"}],"wp:term":[{"taxonomy":"product_cat","embeddable":true,"href":"https:\/\/pararepublique.com\/index.php\/wp-json\/wp\/v2\/product_cat?post=14800"},{"taxonomy":"product_tag","embeddable":true,"href":"https:\/\/pararepublique.com\/index.php\/wp-json\/wp\/v2\/product_tag?post=14800"}],"curies":[{"name":"wp","href":"https:\/\/api.w.org\/{rel}","templated":true}]}}