{"id":14804,"date":"2024-12-19T12:35:37","date_gmt":"2024-12-19T12:35:37","guid":{"rendered":"https:\/\/pararepublique.com\/?post_type=product&#038;p=14804"},"modified":"2024-12-19T12:35:38","modified_gmt":"2024-12-19T12:35:38","slug":"parfum-nina-ricci-les-delices","status":"publish","type":"product","link":"https:\/\/pararepublique.com\/index.php\/product\/parfum-nina-ricci-les-delices\/","title":{"rendered":"PARFUM NINA RICCI LES DELICES"},"content":{"rendered":"<p>Nina Les Delices de Nina Ricci est une eau de toilette en \u00e9dition limit\u00e9e pour femme. Ce parfum a un parfum fruit\u00e9 fabuleux qui est doux et parfait pour un usage quotidien. Le parfum est fabriqu\u00e9 en Espagne, qui est diff\u00e9rent du parfum original de fabrication fran\u00e7aise que certains clients ont achet\u00e9 dans des boutiques hors taxes au Canada. Cependant, cela n&rsquo;affecte pas la qualit\u00e9 du parfum. Il est bien emball\u00e9, neuf et compl\u00e8tement original, ce qui en fait une excellente option cadeau pour les amis et la famille. Exp\u00e9rience client: &#8211; Certains clients ont remarqu\u00e9 une diff\u00e9rence significative de parfum et de long\u00e9vit\u00e9 par rapport au parfum original de fabrication fran\u00e7aise disponible dans les boutiques hors taxes au Canada. &#8211; D&rsquo;autres clients ont salu\u00e9 le parfum fruit\u00e9 et doux du parfum et sa tarification comp\u00e9titive. &#8211; Certains clients ont re\u00e7u le produit plus t\u00f4t que promis et en excellent \u00e9tat. &#8211; Un client a affirm\u00e9 que ce parfum \u00e9tait faux et ne dure pas toute la journ\u00e9e, contrairement au parfum Nina Ricci d&rsquo;origine.<\/p>\n","protected":false},"excerpt":{"rendered":"<p>Les Deices De Nina pour Femme Eau De Toilette Vaporisateur Edition Limit\u00e9e 2.5 Oz. \/ 75 Ml by Nina Ricci est 100% original par son cr\u00e9ateur original et est offert avec de nombreuses grandes ventes et des r\u00e9ductions rendant ce parfum moins cher que dans les grands magasins.<\/p>\n","protected":false},"featured_media":14805,"comment_status":"open","ping_status":"closed","template":"","meta":{"inline_featured_image":false,"_monsterinsights_skip_tracking":false,"_monsterinsights_sitenote_active":false,"_monsterinsights_sitenote_note":"","_monsterinsights_sitenote_category":0,"_joinchat":[]},"product_cat":[106],"product_tag":[],"class_list":{"0":"post-14804","1":"product","2":"type-product","3":"status-publish","4":"has-post-thumbnail","6":"product_cat-parfumerie","8":"first","9":"instock","10":"shipping-taxable","11":"purchasable","12":"product-type-simple","13":"add-to-wishlist-after_add_to_cart"},"aioseo_notices":[],"_links":{"self":[{"href":"https:\/\/pararepublique.com\/index.php\/wp-json\/wp\/v2\/product\/14804","targetHints":{"allow":["GET"]}}],"collection":[{"href":"https:\/\/pararepublique.com\/index.php\/wp-json\/wp\/v2\/product"}],"about":[{"href":"https:\/\/pararepublique.com\/index.php\/wp-json\/wp\/v2\/types\/product"}],"replies":[{"embeddable":true,"href":"https:\/\/pararepublique.com\/index.php\/wp-json\/wp\/v2\/comments?post=14804"}],"version-history":[{"count":1,"href":"https:\/\/pararepublique.com\/index.php\/wp-json\/wp\/v2\/product\/14804\/revisions"}],"predecessor-version":[{"id":14806,"href":"https:\/\/pararepublique.com\/index.php\/wp-json\/wp\/v2\/product\/14804\/revisions\/14806"}],"wp:featuredmedia":[{"embeddable":true,"href":"https:\/\/pararepublique.com\/index.php\/wp-json\/wp\/v2\/media\/14805"}],"wp:attachment":[{"href":"https:\/\/pararepublique.com\/index.php\/wp-json\/wp\/v2\/media?parent=14804"}],"wp:term":[{"taxonomy":"product_cat","embeddable":true,"href":"https:\/\/pararepublique.com\/index.php\/wp-json\/wp\/v2\/product_cat?post=14804"},{"taxonomy":"product_tag","embeddable":true,"href":"https:\/\/pararepublique.com\/index.php\/wp-json\/wp\/v2\/product_tag?post=14804"}],"curies":[{"name":"wp","href":"https:\/\/api.w.org\/{rel}","templated":true}]}}