{"id":14807,"date":"2024-12-19T12:40:07","date_gmt":"2024-12-19T12:40:07","guid":{"rendered":"https:\/\/pararepublique.com\/?post_type=product&#038;p=14807"},"modified":"2024-12-19T12:40:07","modified_gmt":"2024-12-19T12:40:07","slug":"parfum-nina-ricci-edt-80ml","status":"publish","type":"product","link":"https:\/\/pararepublique.com\/index.php\/product\/parfum-nina-ricci-edt-80ml\/","title":{"rendered":"PARFUM NINA RICCI EDT 80ML"},"content":{"rendered":"<p>Conte de f\u00e9e magique et enchanteur<br \/>\nPour embellir et r\u00e9inventer la r\u00e9alit\u00e9, Nina Ricci raconte un conte de f\u00e9e moderne, s\u00e9duisant et captivant, avec un philtre magique qui habille chaque instant des couleurs des r\u00eaves.<br \/>\nNotes olfactives<br \/>\nMagique et f\u00e9\u00e9rique<br \/>\nUn floral gourmand et p\u00e9tillant, enrob\u00e9 d&rsquo;un voile de pomme d&rsquo;amour qui s&rsquo;\u00e9tire sur un sillage caressant.<\/p>\n<p>T\u00eate : Une envol\u00e9e p\u00e9tillante et spontan\u00e9e. Un accord fusant autour de la pulpe d&rsquo;agrumes, r\u00e9v\u00e9l\u00e9 par la fra\u00eecheur grisante du citron de Calabre et du citron vert Caipirinha<br \/>\nC\u0153ur : Un c\u0153ur \u00e0 double facette, juteux, gourmand, caram\u00e9lis\u00e9, associ\u00e9 \u00e0 un floral pr\u00e9cieux, tr\u00e8s f\u00e9minin, d\u00e9licat et doux.<br \/>\nFond : Une douce \u00e9treinte, soyeuse et rassurante de bois clairs &#8211; bois de Pommier et C\u00e8dre blanc &#8211; sensuellement envelopp\u00e9s de Muscs caressants<\/p>\n","protected":false},"excerpt":{"rendered":"<div class=\"rah-static rah-static--height-auto\" aria-hidden=\"false\">\n<div>\n<div class=\"ulKuLk QfrfFD cell\">\n<div class=\"zp8uy2\" data-hook=\"info-section-description\">\n<p>eau de toilette pour femme 80ml<\/p>\n<p>produit authentique sous blister<\/p>\n<\/div>\n<\/div>\n<\/div>\n<\/div>\n","protected":false},"featured_media":14808,"comment_status":"open","ping_status":"closed","template":"","meta":{"inline_featured_image":false,"_monsterinsights_skip_tracking":false,"_monsterinsights_sitenote_active":false,"_monsterinsights_sitenote_note":"","_monsterinsights_sitenote_category":0,"_joinchat":[]},"product_cat":[106],"product_tag":[],"class_list":{"0":"post-14807","1":"product","2":"type-product","3":"status-publish","4":"has-post-thumbnail","6":"product_cat-parfumerie","8":"first","9":"instock","10":"shipping-taxable","11":"purchasable","12":"product-type-simple","13":"add-to-wishlist-after_add_to_cart"},"aioseo_notices":[],"_links":{"self":[{"href":"https:\/\/pararepublique.com\/index.php\/wp-json\/wp\/v2\/product\/14807","targetHints":{"allow":["GET"]}}],"collection":[{"href":"https:\/\/pararepublique.com\/index.php\/wp-json\/wp\/v2\/product"}],"about":[{"href":"https:\/\/pararepublique.com\/index.php\/wp-json\/wp\/v2\/types\/product"}],"replies":[{"embeddable":true,"href":"https:\/\/pararepublique.com\/index.php\/wp-json\/wp\/v2\/comments?post=14807"}],"version-history":[{"count":2,"href":"https:\/\/pararepublique.com\/index.php\/wp-json\/wp\/v2\/product\/14807\/revisions"}],"predecessor-version":[{"id":14810,"href":"https:\/\/pararepublique.com\/index.php\/wp-json\/wp\/v2\/product\/14807\/revisions\/14810"}],"wp:featuredmedia":[{"embeddable":true,"href":"https:\/\/pararepublique.com\/index.php\/wp-json\/wp\/v2\/media\/14808"}],"wp:attachment":[{"href":"https:\/\/pararepublique.com\/index.php\/wp-json\/wp\/v2\/media?parent=14807"}],"wp:term":[{"taxonomy":"product_cat","embeddable":true,"href":"https:\/\/pararepublique.com\/index.php\/wp-json\/wp\/v2\/product_cat?post=14807"},{"taxonomy":"product_tag","embeddable":true,"href":"https:\/\/pararepublique.com\/index.php\/wp-json\/wp\/v2\/product_tag?post=14807"}],"curies":[{"name":"wp","href":"https:\/\/api.w.org\/{rel}","templated":true}]}}