{"id":14811,"date":"2024-12-19T12:44:36","date_gmt":"2024-12-19T12:44:36","guid":{"rendered":"https:\/\/pararepublique.com\/?post_type=product&#038;p=14811"},"modified":"2024-12-19T12:44:36","modified_gmt":"2024-12-19T12:44:36","slug":"parfum-nina-ricci-mademoiselle","status":"publish","type":"product","link":"https:\/\/pararepublique.com\/index.php\/product\/parfum-nina-ricci-mademoiselle\/","title":{"rendered":"PARFUM NINA RICCI MADEMOISELLE"},"content":{"rendered":"","protected":false},"excerpt":{"rendered":"<p>80ML<br \/>\nUne fragrance sensible et originale, construite \u00e0 la mani\u00e8re d\u2019un bouquet rose, en hommage \u00e0 Mademoiselle Ricci. Eglantine, Rose Centifolia, Laurier Rose et Poivre Rose expriment chacune des facettes de cette personnalit\u00e9 irr\u00e9sistible, son grain de folie et sa s\u00e9duction addictive. Un parfum intemporel pour vivre et revivre le jeu amoureux.<\/p>\n","protected":false},"featured_media":14812,"comment_status":"open","ping_status":"closed","template":"","meta":{"inline_featured_image":false,"_monsterinsights_skip_tracking":false,"_monsterinsights_sitenote_active":false,"_monsterinsights_sitenote_note":"","_monsterinsights_sitenote_category":0,"_joinchat":[]},"product_cat":[106],"product_tag":[],"class_list":{"0":"post-14811","1":"product","2":"type-product","3":"status-publish","4":"has-post-thumbnail","6":"product_cat-parfumerie","8":"first","9":"instock","10":"shipping-taxable","11":"purchasable","12":"product-type-simple","13":"add-to-wishlist-after_add_to_cart"},"aioseo_notices":[],"_links":{"self":[{"href":"https:\/\/pararepublique.com\/index.php\/wp-json\/wp\/v2\/product\/14811","targetHints":{"allow":["GET"]}}],"collection":[{"href":"https:\/\/pararepublique.com\/index.php\/wp-json\/wp\/v2\/product"}],"about":[{"href":"https:\/\/pararepublique.com\/index.php\/wp-json\/wp\/v2\/types\/product"}],"replies":[{"embeddable":true,"href":"https:\/\/pararepublique.com\/index.php\/wp-json\/wp\/v2\/comments?post=14811"}],"version-history":[{"count":1,"href":"https:\/\/pararepublique.com\/index.php\/wp-json\/wp\/v2\/product\/14811\/revisions"}],"predecessor-version":[{"id":14813,"href":"https:\/\/pararepublique.com\/index.php\/wp-json\/wp\/v2\/product\/14811\/revisions\/14813"}],"wp:featuredmedia":[{"embeddable":true,"href":"https:\/\/pararepublique.com\/index.php\/wp-json\/wp\/v2\/media\/14812"}],"wp:attachment":[{"href":"https:\/\/pararepublique.com\/index.php\/wp-json\/wp\/v2\/media?parent=14811"}],"wp:term":[{"taxonomy":"product_cat","embeddable":true,"href":"https:\/\/pararepublique.com\/index.php\/wp-json\/wp\/v2\/product_cat?post=14811"},{"taxonomy":"product_tag","embeddable":true,"href":"https:\/\/pararepublique.com\/index.php\/wp-json\/wp\/v2\/product_tag?post=14811"}],"curies":[{"name":"wp","href":"https:\/\/api.w.org\/{rel}","templated":true}]}}