{"id":14818,"date":"2024-12-19T13:23:13","date_gmt":"2024-12-19T13:23:13","guid":{"rendered":"https:\/\/pararepublique.com\/?post_type=product&#038;p=14818"},"modified":"2024-12-19T13:23:13","modified_gmt":"2024-12-19T13:23:13","slug":"parfum-note-coriand-cedr-100ml","status":"publish","type":"product","link":"https:\/\/pararepublique.com\/index.php\/product\/parfum-note-coriand-cedr-100ml\/","title":{"rendered":"PARFUM NOTE CORIAND\/CEDR 100ML"},"content":{"rendered":"<div class=\"product__description rte quick-add-hidden\">\n<p><strong class=\"highlight\">Energie<\/strong>: En composant cet accord, nos ma\u00eetres parfumeurs ont voulu offrir une eau de parfum chaude et stimulante.<\/p>\n<ul>\n<li>Harmonie \u00e9l\u00e9gante et naturelle de notes orientales l\u00e9g\u00e8res de Coriandre et de bois de C\u00e8dre de l&rsquo;Atlas.<\/li>\n<li>Assemblage de 4 huiles essentielles aux propri\u00e9t\u00e9s calmantes, tonifiantes, stimulantes et relaxantes.<\/li>\n<li>Eau de Parfum artisanale 100% fabriqu\u00e9e \u00e0 Grasse.<\/li>\n<li>Un parfum unisexe est <b>un parfum qui a \u00e9t\u00e9 cr\u00e9\u00e9 pour les hommes et les femmes<\/b>.<\/li>\n<\/ul>\n<p>PYRAMIDE OLFACTIVE<\/p>\n<p>&#8211; Famille : Bois\u00e9<br \/>\n&#8211; Notes de t\u00eate \/ <strong>la premi\u00e8re rencontre<\/strong>: Coriandre, Cassis, P\u00eache,<br \/>\n&#8211; Notes de c\u0153ur \/ <strong>l&rsquo;instant pr\u00e9sent<\/strong>: Muscade, Girofle, Patchouli,<br \/>\n&#8211; Notes de fond \/ <strong>le souvenir fid\u00e8le<\/strong>: Santal, Miel, Vanille.<\/p>\n<\/div>\n","protected":false},"excerpt":{"rendered":"<p>PYRAMIDE OLFACTIVE<\/p>\n<p>&#8211; Famille : Bois\u00e9<br \/>\n&#8211; Notes de t\u00eate \/ <strong>la premi\u00e8re rencontre<\/strong>: Coriandre, Cassis, P\u00eache,<br \/>\n&#8211; Notes de c\u0153ur \/ <strong>l&rsquo;instant pr\u00e9sent<\/strong>: Muscade, Girofle, Patchouli,<br \/>\n&#8211; Notes de fond \/ <strong>le souvenir fid\u00e8le<\/strong>: Santal, Miel, Vanille.<\/p>\n","protected":false},"featured_media":14819,"comment_status":"open","ping_status":"closed","template":"","meta":{"inline_featured_image":false,"_monsterinsights_skip_tracking":false,"_monsterinsights_sitenote_active":false,"_monsterinsights_sitenote_note":"","_monsterinsights_sitenote_category":0,"_joinchat":[]},"product_cat":[106],"product_tag":[],"class_list":{"0":"post-14818","1":"product","2":"type-product","3":"status-publish","4":"has-post-thumbnail","6":"product_cat-parfumerie","8":"first","9":"instock","10":"shipping-taxable","11":"purchasable","12":"product-type-simple","13":"add-to-wishlist-after_add_to_cart"},"aioseo_notices":[],"_links":{"self":[{"href":"https:\/\/pararepublique.com\/index.php\/wp-json\/wp\/v2\/product\/14818","targetHints":{"allow":["GET"]}}],"collection":[{"href":"https:\/\/pararepublique.com\/index.php\/wp-json\/wp\/v2\/product"}],"about":[{"href":"https:\/\/pararepublique.com\/index.php\/wp-json\/wp\/v2\/types\/product"}],"replies":[{"embeddable":true,"href":"https:\/\/pararepublique.com\/index.php\/wp-json\/wp\/v2\/comments?post=14818"}],"version-history":[{"count":1,"href":"https:\/\/pararepublique.com\/index.php\/wp-json\/wp\/v2\/product\/14818\/revisions"}],"predecessor-version":[{"id":14820,"href":"https:\/\/pararepublique.com\/index.php\/wp-json\/wp\/v2\/product\/14818\/revisions\/14820"}],"wp:featuredmedia":[{"embeddable":true,"href":"https:\/\/pararepublique.com\/index.php\/wp-json\/wp\/v2\/media\/14819"}],"wp:attachment":[{"href":"https:\/\/pararepublique.com\/index.php\/wp-json\/wp\/v2\/media?parent=14818"}],"wp:term":[{"taxonomy":"product_cat","embeddable":true,"href":"https:\/\/pararepublique.com\/index.php\/wp-json\/wp\/v2\/product_cat?post=14818"},{"taxonomy":"product_tag","embeddable":true,"href":"https:\/\/pararepublique.com\/index.php\/wp-json\/wp\/v2\/product_tag?post=14818"}],"curies":[{"name":"wp","href":"https:\/\/api.w.org\/{rel}","templated":true}]}}