{"id":14821,"date":"2024-12-19T13:33:28","date_gmt":"2024-12-19T13:33:28","guid":{"rendered":"https:\/\/pararepublique.com\/?post_type=product&#038;p=14821"},"modified":"2024-12-19T13:33:28","modified_gmt":"2024-12-19T13:33:28","slug":"parfum-note-premium-oud-kyara-50ml","status":"publish","type":"product","link":"https:\/\/pararepublique.com\/index.php\/product\/parfum-note-premium-oud-kyara-50ml\/","title":{"rendered":"PARFUM NOTE PREMIUM OUD KYARA 50ML"},"content":{"rendered":"<ul>\n<li>Note de\u00a0t\u00eate :\u00a0<em>G\u00e9ranium d&rsquo;\u00c9gypte, Camomille bleue,\u00a0Ylang-Ylang<\/em><\/li>\n<li>Note de\u00a0c\u0153ur :<em>C\u00e8dre de l&rsquo;Atlas<\/em><em>, Safran,\u00a0Tub\u00e9reuse<\/em><\/li>\n<li>Note de\u00a0fond :\u00a0<em>Myrrhe, Patchouli,\u00a0V\u00e9tiver, Oud<\/em><\/li>\n<\/ul>\n<p>Ce parfum a \u00e9t\u00e9 test\u00e9 et valid\u00e9 en laboratoire dans l&rsquo;institut ind\u00e9pendant IDEA (Bordeaux, France) :compatibilit\u00e9 cutan\u00e9e, potentiel phototoxique, et s\u00e9curit\u00e9 pour la sant\u00e9 humaine.<\/p>\n","protected":false},"excerpt":{"rendered":"<h2>Fleuri &amp; oriental<\/h2>\n<p>La sensualit\u00e9 de l&rsquo;Ylang-Ylang et la note envo\u00fbtante de la Tub\u00e9reuse s&rsquo;accordent \u00e0 merveille avec les \u00e9pices rares et la noblesse du bois de Oud.<\/p>\n<p>Un hommage \u00e0 la f\u00e9minit\u00e9 et \u00e0 la sensualit\u00e9.<\/p>\n<p>&nbsp;<\/p>\n","protected":false},"featured_media":0,"comment_status":"open","ping_status":"closed","template":"","meta":{"inline_featured_image":false,"_monsterinsights_skip_tracking":false,"_monsterinsights_sitenote_active":false,"_monsterinsights_sitenote_note":"","_monsterinsights_sitenote_category":0,"_joinchat":[]},"product_cat":[106],"product_tag":[],"class_list":{"0":"post-14821","1":"product","2":"type-product","3":"status-publish","5":"product_cat-parfumerie","7":"first","8":"instock","9":"shipping-taxable","10":"purchasable","11":"product-type-simple","12":"add-to-wishlist-after_add_to_cart"},"aioseo_notices":[],"_links":{"self":[{"href":"https:\/\/pararepublique.com\/index.php\/wp-json\/wp\/v2\/product\/14821","targetHints":{"allow":["GET"]}}],"collection":[{"href":"https:\/\/pararepublique.com\/index.php\/wp-json\/wp\/v2\/product"}],"about":[{"href":"https:\/\/pararepublique.com\/index.php\/wp-json\/wp\/v2\/types\/product"}],"replies":[{"embeddable":true,"href":"https:\/\/pararepublique.com\/index.php\/wp-json\/wp\/v2\/comments?post=14821"}],"version-history":[{"count":1,"href":"https:\/\/pararepublique.com\/index.php\/wp-json\/wp\/v2\/product\/14821\/revisions"}],"predecessor-version":[{"id":14822,"href":"https:\/\/pararepublique.com\/index.php\/wp-json\/wp\/v2\/product\/14821\/revisions\/14822"}],"wp:attachment":[{"href":"https:\/\/pararepublique.com\/index.php\/wp-json\/wp\/v2\/media?parent=14821"}],"wp:term":[{"taxonomy":"product_cat","embeddable":true,"href":"https:\/\/pararepublique.com\/index.php\/wp-json\/wp\/v2\/product_cat?post=14821"},{"taxonomy":"product_tag","embeddable":true,"href":"https:\/\/pararepublique.com\/index.php\/wp-json\/wp\/v2\/product_tag?post=14821"}],"curies":[{"name":"wp","href":"https:\/\/api.w.org\/{rel}","templated":true}]}}