{"id":14823,"date":"2024-12-19T13:42:48","date_gmt":"2024-12-19T13:42:48","guid":{"rendered":"https:\/\/pararepublique.com\/?post_type=product&#038;p=14823"},"modified":"2024-12-19T13:42:49","modified_gmt":"2024-12-19T13:42:49","slug":"parfum-olympea-pacorabane-50ml","status":"publish","type":"product","link":"https:\/\/pararepublique.com\/index.php\/product\/parfum-olympea-pacorabane-50ml\/","title":{"rendered":"PARFUM  OLYMPEA PACORABANE 50ML"},"content":{"rendered":"<p>Et si les femmes reprenaient le pouvoir?<br \/>\nElle est l\u2019ic\u00f4ne absolue. L\u2019Unique. Celle qui domine et fascine. OLYMPEA. Chef d\u2019oeuvre des dieux.<br \/>\nSous ses talons la terre tremble, et son parfum envo\u00fbte.Trouble in paradise. Une Vanille sal\u00e9e charnelle, animale, devant laquelle on s\u2019incline. Sexy queen.<br \/>\n<strong>Contenance:<\/strong> 50ml<\/p>\n","protected":false},"excerpt":{"rendered":"<div id=\"tab-description\" class=\"woocommerce-Tabs-panel woocommerce-Tabs-panel--description panel entry-content active\" role=\"tabpanel\" aria-labelledby=\"tab-title-description\">\n<p>Le parfum divin \u00e0 la signature orientale fra\u00eeche : le d\u00e9part \u00e9clatant de notes de mandarine verte r\u00e9v\u00e8le un accord vanille sal\u00e9e unique.<br \/>\nL\u2019addiction des notes captivantes de jasmin et fleur de gingembre d\u00e9voile un fond bois de cachemire et ambre gris sensuel.<\/p>\n<\/div>\n<p>&nbsp;<\/p>\n<p>&nbsp;<\/p>\n<div id=\"tab-ywtm-paiements-livraison\" class=\"woocommerce-Tabs-panel woocommerce-Tabs-panel--ywtm-paiements-livraison panel entry-content\" role=\"tabpanel\" aria-labelledby=\"tab-title-ywtm-paiements-livraison\"><\/div>\n","protected":false},"featured_media":14824,"comment_status":"open","ping_status":"closed","template":"","meta":{"inline_featured_image":false,"_monsterinsights_skip_tracking":false,"_monsterinsights_sitenote_active":false,"_monsterinsights_sitenote_note":"","_monsterinsights_sitenote_category":0,"_joinchat":[]},"product_cat":[106],"product_tag":[],"class_list":{"0":"post-14823","1":"product","2":"type-product","3":"status-publish","4":"has-post-thumbnail","6":"product_cat-parfumerie","8":"first","9":"instock","10":"shipping-taxable","11":"purchasable","12":"product-type-simple","13":"add-to-wishlist-after_add_to_cart"},"aioseo_notices":[],"_links":{"self":[{"href":"https:\/\/pararepublique.com\/index.php\/wp-json\/wp\/v2\/product\/14823","targetHints":{"allow":["GET"]}}],"collection":[{"href":"https:\/\/pararepublique.com\/index.php\/wp-json\/wp\/v2\/product"}],"about":[{"href":"https:\/\/pararepublique.com\/index.php\/wp-json\/wp\/v2\/types\/product"}],"replies":[{"embeddable":true,"href":"https:\/\/pararepublique.com\/index.php\/wp-json\/wp\/v2\/comments?post=14823"}],"version-history":[{"count":1,"href":"https:\/\/pararepublique.com\/index.php\/wp-json\/wp\/v2\/product\/14823\/revisions"}],"predecessor-version":[{"id":14825,"href":"https:\/\/pararepublique.com\/index.php\/wp-json\/wp\/v2\/product\/14823\/revisions\/14825"}],"wp:featuredmedia":[{"embeddable":true,"href":"https:\/\/pararepublique.com\/index.php\/wp-json\/wp\/v2\/media\/14824"}],"wp:attachment":[{"href":"https:\/\/pararepublique.com\/index.php\/wp-json\/wp\/v2\/media?parent=14823"}],"wp:term":[{"taxonomy":"product_cat","embeddable":true,"href":"https:\/\/pararepublique.com\/index.php\/wp-json\/wp\/v2\/product_cat?post=14823"},{"taxonomy":"product_tag","embeddable":true,"href":"https:\/\/pararepublique.com\/index.php\/wp-json\/wp\/v2\/product_tag?post=14823"}],"curies":[{"name":"wp","href":"https:\/\/api.w.org\/{rel}","templated":true}]}}