{"id":14829,"date":"2024-12-19T13:55:19","date_gmt":"2024-12-19T13:55:19","guid":{"rendered":"https:\/\/pararepublique.com\/?post_type=product&#038;p=14829"},"modified":"2024-12-19T13:55:19","modified_gmt":"2024-12-19T13:55:19","slug":"parfum-opium-yves-saint-laurent-90ml","status":"publish","type":"product","link":"https:\/\/pararepublique.com\/index.php\/product\/parfum-opium-yves-saint-laurent-90ml\/","title":{"rendered":"PARFUM OPIUM YVES SAINT LAURENT 90ML"},"content":{"rendered":"<p>L&rsquo;Opium est d\u00e9di\u00e9 \u00e0 la femme audacieuse qui ose repousser les fronti\u00e8res des conventions. Sans crainte, elle explore l&rsquo;interdit et s&rsquo;aventure dans des ailleurs myst\u00e9rieux, empreints d&rsquo;orientalisme et de sensualit\u00e9.<\/p>\n<ul>\n<li><strong>Notes de t\u00eate<\/strong> : ald\u00e9hydes, bergamote, mandarine<\/li>\n<li><strong>Notes de c\u0153ur<\/strong> : \u0153illet, jasmin sambac, muguet<\/li>\n<li><strong>Notes de fond<\/strong> : ambre, patchouli, myrrhe, vanille<\/li>\n<\/ul>\n<p>Cette fragrance incarne le myst\u00e8re et la s\u00e9duction dans un m\u00e9lange envo\u00fbtant et intemporel.<\/p>\n","protected":false},"excerpt":{"rendered":"<ul>\n<li><strong>Notes de t\u00eate<\/strong> : ald\u00e9hydes, bergamote, mandarine<\/li>\n<li><strong>Notes de c\u0153ur<\/strong> : \u0153illet, jasmin sambac, muguet<\/li>\n<li><strong>Notes de fond<\/strong> : ambre, patchouli, myrrhe, vanille<\/li>\n<\/ul>\n","protected":false},"featured_media":14830,"comment_status":"open","ping_status":"closed","template":"","meta":{"inline_featured_image":false,"_monsterinsights_skip_tracking":false,"_monsterinsights_sitenote_active":false,"_monsterinsights_sitenote_note":"","_monsterinsights_sitenote_category":0,"_joinchat":[]},"product_cat":[106],"product_tag":[],"class_list":{"0":"post-14829","1":"product","2":"type-product","3":"status-publish","4":"has-post-thumbnail","6":"product_cat-parfumerie","8":"first","9":"instock","10":"shipping-taxable","11":"purchasable","12":"product-type-simple","13":"add-to-wishlist-after_add_to_cart"},"aioseo_notices":[],"_links":{"self":[{"href":"https:\/\/pararepublique.com\/index.php\/wp-json\/wp\/v2\/product\/14829","targetHints":{"allow":["GET"]}}],"collection":[{"href":"https:\/\/pararepublique.com\/index.php\/wp-json\/wp\/v2\/product"}],"about":[{"href":"https:\/\/pararepublique.com\/index.php\/wp-json\/wp\/v2\/types\/product"}],"replies":[{"embeddable":true,"href":"https:\/\/pararepublique.com\/index.php\/wp-json\/wp\/v2\/comments?post=14829"}],"version-history":[{"count":2,"href":"https:\/\/pararepublique.com\/index.php\/wp-json\/wp\/v2\/product\/14829\/revisions"}],"predecessor-version":[{"id":14832,"href":"https:\/\/pararepublique.com\/index.php\/wp-json\/wp\/v2\/product\/14829\/revisions\/14832"}],"wp:featuredmedia":[{"embeddable":true,"href":"https:\/\/pararepublique.com\/index.php\/wp-json\/wp\/v2\/media\/14830"}],"wp:attachment":[{"href":"https:\/\/pararepublique.com\/index.php\/wp-json\/wp\/v2\/media?parent=14829"}],"wp:term":[{"taxonomy":"product_cat","embeddable":true,"href":"https:\/\/pararepublique.com\/index.php\/wp-json\/wp\/v2\/product_cat?post=14829"},{"taxonomy":"product_tag","embeddable":true,"href":"https:\/\/pararepublique.com\/index.php\/wp-json\/wp\/v2\/product_tag?post=14829"}],"curies":[{"name":"wp","href":"https:\/\/api.w.org\/{rel}","templated":true}]}}