{"id":14850,"date":"2024-12-19T14:30:55","date_gmt":"2024-12-19T14:30:55","guid":{"rendered":"https:\/\/pararepublique.com\/?post_type=product&#038;p=14850"},"modified":"2024-12-19T14:30:56","modified_gmt":"2024-12-19T14:30:56","slug":"parfum-premier-jour-nina-ricci-edp-100ml","status":"publish","type":"product","link":"https:\/\/pararepublique.com\/index.php\/product\/parfum-premier-jour-nina-ricci-edp-100ml\/","title":{"rendered":"PARFUM PREMIER JOUR NINA RICCI EDP\/100ML"},"content":{"rendered":"","protected":false},"excerpt":{"rendered":"<p>Premier Jour est \u00e9vocateur de renouveau, de commencement, la promesse d&rsquo;une renaissance. La fragrance Premier Jour est une harmonie lumineuse et sensuelle. Un accord cr\u00e9\u00e9 autour de la drag\u00e9e blanche qui donne au parfum de Premier Jour toute sa douceur et sa volupt\u00e9.<\/p>\n","protected":false},"featured_media":14851,"comment_status":"open","ping_status":"closed","template":"","meta":{"inline_featured_image":false,"_monsterinsights_skip_tracking":false,"_monsterinsights_sitenote_active":false,"_monsterinsights_sitenote_note":"","_monsterinsights_sitenote_category":0,"_joinchat":[]},"product_cat":[106],"product_tag":[],"class_list":{"0":"post-14850","1":"product","2":"type-product","3":"status-publish","4":"has-post-thumbnail","6":"product_cat-parfumerie","8":"first","9":"instock","10":"shipping-taxable","11":"purchasable","12":"product-type-simple","13":"add-to-wishlist-after_add_to_cart"},"aioseo_notices":[],"_links":{"self":[{"href":"https:\/\/pararepublique.com\/index.php\/wp-json\/wp\/v2\/product\/14850","targetHints":{"allow":["GET"]}}],"collection":[{"href":"https:\/\/pararepublique.com\/index.php\/wp-json\/wp\/v2\/product"}],"about":[{"href":"https:\/\/pararepublique.com\/index.php\/wp-json\/wp\/v2\/types\/product"}],"replies":[{"embeddable":true,"href":"https:\/\/pararepublique.com\/index.php\/wp-json\/wp\/v2\/comments?post=14850"}],"version-history":[{"count":1,"href":"https:\/\/pararepublique.com\/index.php\/wp-json\/wp\/v2\/product\/14850\/revisions"}],"predecessor-version":[{"id":14852,"href":"https:\/\/pararepublique.com\/index.php\/wp-json\/wp\/v2\/product\/14850\/revisions\/14852"}],"wp:featuredmedia":[{"embeddable":true,"href":"https:\/\/pararepublique.com\/index.php\/wp-json\/wp\/v2\/media\/14851"}],"wp:attachment":[{"href":"https:\/\/pararepublique.com\/index.php\/wp-json\/wp\/v2\/media?parent=14850"}],"wp:term":[{"taxonomy":"product_cat","embeddable":true,"href":"https:\/\/pararepublique.com\/index.php\/wp-json\/wp\/v2\/product_cat?post=14850"},{"taxonomy":"product_tag","embeddable":true,"href":"https:\/\/pararepublique.com\/index.php\/wp-json\/wp\/v2\/product_tag?post=14850"}],"curies":[{"name":"wp","href":"https:\/\/api.w.org\/{rel}","templated":true}]}}