{"id":14853,"date":"2024-12-19T14:33:22","date_gmt":"2024-12-19T14:33:22","guid":{"rendered":"https:\/\/pararepublique.com\/?post_type=product&#038;p=14853"},"modified":"2024-12-19T14:33:22","modified_gmt":"2024-12-19T14:33:22","slug":"parfum-pure-poison","status":"publish","type":"product","link":"https:\/\/pararepublique.com\/index.php\/product\/parfum-pure-poison\/","title":{"rendered":"PARFUM PURE POISON"},"content":{"rendered":"","protected":false},"excerpt":{"rendered":"<p>Pure Poison Christian Dior pour femme est un parfum Floral pour femme. Les notes de t\u00eate sont Orange, Mandarine de Sicile, Bergamote et Jasmin; les notes de coeur sont Fleur d&rsquo;oranger et Gard\u00e9nia; les notes de fond sont Bois de santal, C\u00e8dre et Ambre blan<\/p>\n","protected":false},"featured_media":14854,"comment_status":"open","ping_status":"closed","template":"","meta":{"inline_featured_image":false,"_monsterinsights_skip_tracking":false,"_monsterinsights_sitenote_active":false,"_monsterinsights_sitenote_note":"","_monsterinsights_sitenote_category":0,"_joinchat":[]},"product_cat":[106],"product_tag":[],"class_list":{"0":"post-14853","1":"product","2":"type-product","3":"status-publish","4":"has-post-thumbnail","6":"product_cat-parfumerie","8":"first","9":"instock","10":"shipping-taxable","11":"purchasable","12":"product-type-simple","13":"add-to-wishlist-after_add_to_cart"},"aioseo_notices":[],"_links":{"self":[{"href":"https:\/\/pararepublique.com\/index.php\/wp-json\/wp\/v2\/product\/14853","targetHints":{"allow":["GET"]}}],"collection":[{"href":"https:\/\/pararepublique.com\/index.php\/wp-json\/wp\/v2\/product"}],"about":[{"href":"https:\/\/pararepublique.com\/index.php\/wp-json\/wp\/v2\/types\/product"}],"replies":[{"embeddable":true,"href":"https:\/\/pararepublique.com\/index.php\/wp-json\/wp\/v2\/comments?post=14853"}],"version-history":[{"count":2,"href":"https:\/\/pararepublique.com\/index.php\/wp-json\/wp\/v2\/product\/14853\/revisions"}],"predecessor-version":[{"id":14856,"href":"https:\/\/pararepublique.com\/index.php\/wp-json\/wp\/v2\/product\/14853\/revisions\/14856"}],"wp:featuredmedia":[{"embeddable":true,"href":"https:\/\/pararepublique.com\/index.php\/wp-json\/wp\/v2\/media\/14854"}],"wp:attachment":[{"href":"https:\/\/pararepublique.com\/index.php\/wp-json\/wp\/v2\/media?parent=14853"}],"wp:term":[{"taxonomy":"product_cat","embeddable":true,"href":"https:\/\/pararepublique.com\/index.php\/wp-json\/wp\/v2\/product_cat?post=14853"},{"taxonomy":"product_tag","embeddable":true,"href":"https:\/\/pararepublique.com\/index.php\/wp-json\/wp\/v2\/product_tag?post=14853"}],"curies":[{"name":"wp","href":"https:\/\/api.w.org\/{rel}","templated":true}]}}