{"id":14857,"date":"2024-12-19T14:35:25","date_gmt":"2024-12-19T14:35:25","guid":{"rendered":"https:\/\/pararepublique.com\/?post_type=product&#038;p=14857"},"modified":"2024-12-19T14:35:26","modified_gmt":"2024-12-19T14:35:26","slug":"parfum-quatre-en-bleu","status":"publish","type":"product","link":"https:\/\/pararepublique.com\/index.php\/product\/parfum-quatre-en-bleu\/","title":{"rendered":"PARFUM QUATRE EN BLEU"},"content":{"rendered":"<div class=\"WAZqE7 QfrfFD cell\">\n<section class=\"Va_ZoC\" data-hook=\"description-wrapper\">\n<div class=\"LvOu6J\">\n<div class=\"vaI0UH\" data-hook=\"content-wrapper\">\n<p>Eau de parfum BOUCHERON QUATRE en BLEU 100ml<br \/>\nQuatre en Bleu, nouvelle interpr\u00e9tation olfactive de la bague Quatre inspir\u00e9 des derni\u00e8res cr\u00e9ations joaill\u00e8res.<br \/>\nLe flacon \u00e9ponyme se teinte aujourd&rsquo;hui d&rsquo;un bleu vif. Couleur li\u00e9e aux r\u00eaves, symbole d&rsquo;\u00e9vasion, ce floral bois\u00e9 musqu\u00e9 nous invite au voyage.<br \/>\nUn parfum construit autour d&rsquo;un bouquet de fleur blanches, \u00e0 la fois g\u00e9n\u00e9reux et a\u00e9rien, vibrant et moderne pour une femme plus libre que jamais.<\/p>\n<p>Famille olfactive : Floral; Bois\u00e9; Musqu\u00e9<\/p>\n<p>Composition : C\u00e9drat essence; Bergamote;Mandarine jaune; Tub\u00e9reuse; Rose; Absolue &amp; essence; Jasmin Absolue; Bois d&rsquo;Akigala; Bois de Santal; Muscs<\/p>\n<\/div>\n<\/div>\n<\/section>\n<\/div>\n","protected":false},"excerpt":{"rendered":"<p>Famille olfactive : Floral; Bois\u00e9; Musqu\u00e9<\/p>\n","protected":false},"featured_media":14858,"comment_status":"open","ping_status":"closed","template":"","meta":{"inline_featured_image":false,"_monsterinsights_skip_tracking":false,"_monsterinsights_sitenote_active":false,"_monsterinsights_sitenote_note":"","_monsterinsights_sitenote_category":0,"_joinchat":[]},"product_cat":[106],"product_tag":[],"class_list":{"0":"post-14857","1":"product","2":"type-product","3":"status-publish","4":"has-post-thumbnail","6":"product_cat-parfumerie","8":"first","9":"instock","10":"shipping-taxable","11":"purchasable","12":"product-type-simple","13":"add-to-wishlist-after_add_to_cart"},"aioseo_notices":[],"_links":{"self":[{"href":"https:\/\/pararepublique.com\/index.php\/wp-json\/wp\/v2\/product\/14857","targetHints":{"allow":["GET"]}}],"collection":[{"href":"https:\/\/pararepublique.com\/index.php\/wp-json\/wp\/v2\/product"}],"about":[{"href":"https:\/\/pararepublique.com\/index.php\/wp-json\/wp\/v2\/types\/product"}],"replies":[{"embeddable":true,"href":"https:\/\/pararepublique.com\/index.php\/wp-json\/wp\/v2\/comments?post=14857"}],"version-history":[{"count":2,"href":"https:\/\/pararepublique.com\/index.php\/wp-json\/wp\/v2\/product\/14857\/revisions"}],"predecessor-version":[{"id":14860,"href":"https:\/\/pararepublique.com\/index.php\/wp-json\/wp\/v2\/product\/14857\/revisions\/14860"}],"wp:featuredmedia":[{"embeddable":true,"href":"https:\/\/pararepublique.com\/index.php\/wp-json\/wp\/v2\/media\/14858"}],"wp:attachment":[{"href":"https:\/\/pararepublique.com\/index.php\/wp-json\/wp\/v2\/media?parent=14857"}],"wp:term":[{"taxonomy":"product_cat","embeddable":true,"href":"https:\/\/pararepublique.com\/index.php\/wp-json\/wp\/v2\/product_cat?post=14857"},{"taxonomy":"product_tag","embeddable":true,"href":"https:\/\/pararepublique.com\/index.php\/wp-json\/wp\/v2\/product_tag?post=14857"}],"curies":[{"name":"wp","href":"https:\/\/api.w.org\/{rel}","templated":true}]}}