{"id":14866,"date":"2024-12-19T14:41:19","date_gmt":"2024-12-19T14:41:19","guid":{"rendered":"https:\/\/pararepublique.com\/?post_type=product&#038;p=14866"},"modified":"2024-12-19T14:41:19","modified_gmt":"2024-12-19T14:41:19","slug":"parfum-roberto-cavailli-edp","status":"publish","type":"product","link":"https:\/\/pararepublique.com\/index.php\/product\/parfum-roberto-cavailli-edp\/","title":{"rendered":"PARFUM ROBERTO CAVAILLI EDP"},"content":{"rendered":"<div id=\"description\" class=\"tab-pane fade in  active \" role=\"tabpanel\">\n<div class=\"product-description cms-description\">\n<p>Certaines attendent qu\u2019on les remarque. Elle ne passe pas inaper\u00e7ue.<br \/>\nCertaines attendent que le monde bouge. Elle fait bouger le monde et tourner les t\u00eates.<br \/>\nCertaines attendent qu\u2019on les apprivoise. Elle est indomptable. Elle a la gr\u00e2ce d\u2019un f\u00e9lin et l\u2019\u00e9nergie des cr\u00e9atures insoumises.<br \/>\nChacune de ses apparitions est un \u00e9v\u00e9nement. Sa vie est une sc\u00e8ne o\u00f9 elle joue de son glamour et de son charisme.<br \/>\nSexy,sophistiqu\u00e9e, elle transforme ses exc\u00e8s en \u00e9l\u00e9gance.<\/p>\n<p>C\u2019est la femme envo\u00fbtante dont le cr\u00e9ateur s\u2019inspire pour imaginer les contours et les motifs d\u2019une fragrance qui habille cette femme qui la porte.<br \/>\nELLE, c\u2019est la femme Roberto Cavalli.<\/p>\n<p>&nbsp;<\/p>\n<\/div>\n<\/div>\n","protected":false},"excerpt":{"rendered":"<p>Baies roses, fleur d&rsquo;oranger, f\u00e8ve Tonka<\/p>\n","protected":false},"featured_media":14867,"comment_status":"open","ping_status":"closed","template":"","meta":{"inline_featured_image":false,"_monsterinsights_skip_tracking":false,"_monsterinsights_sitenote_active":false,"_monsterinsights_sitenote_note":"","_monsterinsights_sitenote_category":0,"_joinchat":[]},"product_cat":[106],"product_tag":[],"class_list":{"0":"post-14866","1":"product","2":"type-product","3":"status-publish","4":"has-post-thumbnail","6":"product_cat-parfumerie","8":"first","9":"instock","10":"shipping-taxable","11":"purchasable","12":"product-type-simple","13":"add-to-wishlist-after_add_to_cart"},"aioseo_notices":[],"_links":{"self":[{"href":"https:\/\/pararepublique.com\/index.php\/wp-json\/wp\/v2\/product\/14866","targetHints":{"allow":["GET"]}}],"collection":[{"href":"https:\/\/pararepublique.com\/index.php\/wp-json\/wp\/v2\/product"}],"about":[{"href":"https:\/\/pararepublique.com\/index.php\/wp-json\/wp\/v2\/types\/product"}],"replies":[{"embeddable":true,"href":"https:\/\/pararepublique.com\/index.php\/wp-json\/wp\/v2\/comments?post=14866"}],"version-history":[{"count":1,"href":"https:\/\/pararepublique.com\/index.php\/wp-json\/wp\/v2\/product\/14866\/revisions"}],"predecessor-version":[{"id":14868,"href":"https:\/\/pararepublique.com\/index.php\/wp-json\/wp\/v2\/product\/14866\/revisions\/14868"}],"wp:featuredmedia":[{"embeddable":true,"href":"https:\/\/pararepublique.com\/index.php\/wp-json\/wp\/v2\/media\/14867"}],"wp:attachment":[{"href":"https:\/\/pararepublique.com\/index.php\/wp-json\/wp\/v2\/media?parent=14866"}],"wp:term":[{"taxonomy":"product_cat","embeddable":true,"href":"https:\/\/pararepublique.com\/index.php\/wp-json\/wp\/v2\/product_cat?post=14866"},{"taxonomy":"product_tag","embeddable":true,"href":"https:\/\/pararepublique.com\/index.php\/wp-json\/wp\/v2\/product_tag?post=14866"}],"curies":[{"name":"wp","href":"https:\/\/api.w.org\/{rel}","templated":true}]}}