{"id":14869,"date":"2024-12-19T15:41:47","date_gmt":"2024-12-19T15:41:47","guid":{"rendered":"https:\/\/pararepublique.com\/?post_type=product&#038;p=14869"},"modified":"2024-12-19T15:41:48","modified_gmt":"2024-12-19T15:41:48","slug":"parfum-rochas-couture","status":"publish","type":"product","link":"https:\/\/pararepublique.com\/index.php\/product\/parfum-rochas-couture\/","title":{"rendered":"PARFUM ROCHAS COUTURE"},"content":{"rendered":"<p>Ce bois\u00e9 floral figure les nuits parisiennes, \u00e9l\u00e9gantes, vibrantes et infinies. Plus intense et plus sensuel que les pr\u00e9c\u00e9dentes versions de Mademoiselle, cette Eau de Parfum refl\u00e8te la silhouette \u00e9l\u00e9gante de cette jeune femme spontan\u00e9e au<br \/>\ncharme immense.<br \/>\nApr\u00e8s une envol\u00e9e associant les notes \u00e9pic\u00e9es du poivre rose, \u00e0 la poire et \u00e0 la bergamote, la composition traduit sa douceur avec un c\u0153ur de fleur d&rsquo;oranger, de muguet et d&rsquo;h\u00e9liotrope.<\/p>\n","protected":false},"excerpt":{"rendered":"<p>Des fleurs blanches enivrantes, soulign\u00e9es de muscs, de f\u00e8ves tonka et de bois de santal, qui d\u00e9ploient leur pr\u00e9sence voluptueuse et charnelle sur la peau.<\/p>\n","protected":false},"featured_media":14870,"comment_status":"open","ping_status":"closed","template":"","meta":{"inline_featured_image":false,"_monsterinsights_skip_tracking":false,"_monsterinsights_sitenote_active":false,"_monsterinsights_sitenote_note":"","_monsterinsights_sitenote_category":0,"_joinchat":[]},"product_cat":[106],"product_tag":[],"class_list":{"0":"post-14869","1":"product","2":"type-product","3":"status-publish","4":"has-post-thumbnail","6":"product_cat-parfumerie","8":"first","9":"instock","10":"shipping-taxable","11":"purchasable","12":"product-type-simple","13":"add-to-wishlist-after_add_to_cart"},"aioseo_notices":[],"_links":{"self":[{"href":"https:\/\/pararepublique.com\/index.php\/wp-json\/wp\/v2\/product\/14869","targetHints":{"allow":["GET"]}}],"collection":[{"href":"https:\/\/pararepublique.com\/index.php\/wp-json\/wp\/v2\/product"}],"about":[{"href":"https:\/\/pararepublique.com\/index.php\/wp-json\/wp\/v2\/types\/product"}],"replies":[{"embeddable":true,"href":"https:\/\/pararepublique.com\/index.php\/wp-json\/wp\/v2\/comments?post=14869"}],"version-history":[{"count":1,"href":"https:\/\/pararepublique.com\/index.php\/wp-json\/wp\/v2\/product\/14869\/revisions"}],"predecessor-version":[{"id":14871,"href":"https:\/\/pararepublique.com\/index.php\/wp-json\/wp\/v2\/product\/14869\/revisions\/14871"}],"wp:featuredmedia":[{"embeddable":true,"href":"https:\/\/pararepublique.com\/index.php\/wp-json\/wp\/v2\/media\/14870"}],"wp:attachment":[{"href":"https:\/\/pararepublique.com\/index.php\/wp-json\/wp\/v2\/media?parent=14869"}],"wp:term":[{"taxonomy":"product_cat","embeddable":true,"href":"https:\/\/pararepublique.com\/index.php\/wp-json\/wp\/v2\/product_cat?post=14869"},{"taxonomy":"product_tag","embeddable":true,"href":"https:\/\/pararepublique.com\/index.php\/wp-json\/wp\/v2\/product_tag?post=14869"}],"curies":[{"name":"wp","href":"https:\/\/api.w.org\/{rel}","templated":true}]}}