{"id":14872,"date":"2024-12-19T15:45:15","date_gmt":"2024-12-19T15:45:15","guid":{"rendered":"https:\/\/pararepublique.com\/?post_type=product&#038;p=14872"},"modified":"2024-12-19T15:45:16","modified_gmt":"2024-12-19T15:45:16","slug":"parfum-rumba","status":"publish","type":"product","link":"https:\/\/pararepublique.com\/index.php\/product\/parfum-rumba\/","title":{"rendered":"PARFUM RUMBA"},"content":{"rendered":"<p><b>Rumba<\/b> de <b>Ted Lapidus<\/b> est un parfum Orientale Floral pour femme. <b>Rumba<\/b> a \u00e9t\u00e9 lanc\u00e9 en 1989. Le nez derri\u00e8re ce parfum est Jean-Claude Ellena. Les notes de t\u00eate sont Prune, P\u00eache, Mirabelle, Fleur d&rsquo;oranger, Basilic, Bergamote et Framboise; les notes de coeur sont Miel, Souci, \u0152illet, Tub\u00e9reuse, H\u00e9liotrope, Gard\u00e9nia, Jasmin, Rose, Magnolia, Orchid\u00e9e et Muguet; les notes de fond sont Cuir, Mousse de ch\u00eane, Prune, Ambre gris, Bois de santal, Patchouli, Musc, Styrax, Vanille, F\u00e8ve de tonka et C\u00e8dre.<\/p>\n","protected":false},"excerpt":{"rendered":"<ul>\n<li class=\"a-spacing-mini\"><span class=\"a-list-item\"> Ce parfum fleuri est un m\u00e9lange de notes florales fruit\u00e9es, de bois clair, de musc et de vanille. <\/span><\/li>\n<li class=\"a-spacing-mini\"><span class=\"a-list-item\"> Il est recommand\u00e9 pour des v\u00eatements d\u00e9contract\u00e9s. <\/span><\/li>\n<\/ul>\n","protected":false},"featured_media":14873,"comment_status":"open","ping_status":"closed","template":"","meta":{"inline_featured_image":false,"_monsterinsights_skip_tracking":false,"_monsterinsights_sitenote_active":false,"_monsterinsights_sitenote_note":"","_monsterinsights_sitenote_category":0,"_joinchat":[]},"product_cat":[106],"product_tag":[],"class_list":{"0":"post-14872","1":"product","2":"type-product","3":"status-publish","4":"has-post-thumbnail","6":"product_cat-parfumerie","8":"first","9":"instock","10":"shipping-taxable","11":"purchasable","12":"product-type-simple","13":"add-to-wishlist-after_add_to_cart"},"aioseo_notices":[],"_links":{"self":[{"href":"https:\/\/pararepublique.com\/index.php\/wp-json\/wp\/v2\/product\/14872","targetHints":{"allow":["GET"]}}],"collection":[{"href":"https:\/\/pararepublique.com\/index.php\/wp-json\/wp\/v2\/product"}],"about":[{"href":"https:\/\/pararepublique.com\/index.php\/wp-json\/wp\/v2\/types\/product"}],"replies":[{"embeddable":true,"href":"https:\/\/pararepublique.com\/index.php\/wp-json\/wp\/v2\/comments?post=14872"}],"version-history":[{"count":2,"href":"https:\/\/pararepublique.com\/index.php\/wp-json\/wp\/v2\/product\/14872\/revisions"}],"predecessor-version":[{"id":14875,"href":"https:\/\/pararepublique.com\/index.php\/wp-json\/wp\/v2\/product\/14872\/revisions\/14875"}],"wp:featuredmedia":[{"embeddable":true,"href":"https:\/\/pararepublique.com\/index.php\/wp-json\/wp\/v2\/media\/14873"}],"wp:attachment":[{"href":"https:\/\/pararepublique.com\/index.php\/wp-json\/wp\/v2\/media?parent=14872"}],"wp:term":[{"taxonomy":"product_cat","embeddable":true,"href":"https:\/\/pararepublique.com\/index.php\/wp-json\/wp\/v2\/product_cat?post=14872"},{"taxonomy":"product_tag","embeddable":true,"href":"https:\/\/pararepublique.com\/index.php\/wp-json\/wp\/v2\/product_tag?post=14872"}],"curies":[{"name":"wp","href":"https:\/\/api.w.org\/{rel}","templated":true}]}}