{"id":14876,"date":"2024-12-19T15:51:57","date_gmt":"2024-12-19T15:51:57","guid":{"rendered":"https:\/\/pararepublique.com\/?post_type=product&#038;p=14876"},"modified":"2024-12-19T15:51:57","modified_gmt":"2024-12-19T15:51:57","slug":"parfum-samsara-eau-de-parf-30ml","status":"publish","type":"product","link":"https:\/\/pararepublique.com\/index.php\/product\/parfum-samsara-eau-de-parf-30ml\/","title":{"rendered":"PARFUM SAMSARA EAU DE PARF 30ML"},"content":{"rendered":"<p>Jean-Paul Guerlain cr\u00e9e Samsara pour la femme de sa vie. Seules indications : le santal et le jasmin, que la \u00ab\u00a0Dame de Samsara\u00a0\u00bb affectionnait particuli\u00e8rement. Jean-Paul Guerlain fit de nombreux voyages en Inde afin d&rsquo;acqu\u00e9rir le santal le plus pur et un jasmin jusqu&rsquo;alors r\u00e9serv\u00e9 aux offrandes religieuses.<br \/>\nSamsara est une version sensuelle de la s\u00e9duction, pour une femme qui a trouv\u00e9 harmonie et \u00e9quilibre, notamment gr\u00e2ce aux mati\u00e8res essentielles de sa composition.<\/p>\n","protected":false},"excerpt":{"rendered":"<p>Jean-Paul Guerlain cr\u00e9e Samsara pour la femme de sa vie.<\/p>\n","protected":false},"featured_media":14877,"comment_status":"open","ping_status":"closed","template":"","meta":{"inline_featured_image":false,"_monsterinsights_skip_tracking":false,"_monsterinsights_sitenote_active":false,"_monsterinsights_sitenote_note":"","_monsterinsights_sitenote_category":0,"_joinchat":[]},"product_cat":[106],"product_tag":[],"class_list":{"0":"post-14876","1":"product","2":"type-product","3":"status-publish","4":"has-post-thumbnail","6":"product_cat-parfumerie","8":"first","9":"instock","10":"shipping-taxable","11":"purchasable","12":"product-type-simple","13":"add-to-wishlist-after_add_to_cart"},"aioseo_notices":[],"_links":{"self":[{"href":"https:\/\/pararepublique.com\/index.php\/wp-json\/wp\/v2\/product\/14876","targetHints":{"allow":["GET"]}}],"collection":[{"href":"https:\/\/pararepublique.com\/index.php\/wp-json\/wp\/v2\/product"}],"about":[{"href":"https:\/\/pararepublique.com\/index.php\/wp-json\/wp\/v2\/types\/product"}],"replies":[{"embeddable":true,"href":"https:\/\/pararepublique.com\/index.php\/wp-json\/wp\/v2\/comments?post=14876"}],"version-history":[{"count":2,"href":"https:\/\/pararepublique.com\/index.php\/wp-json\/wp\/v2\/product\/14876\/revisions"}],"predecessor-version":[{"id":14879,"href":"https:\/\/pararepublique.com\/index.php\/wp-json\/wp\/v2\/product\/14876\/revisions\/14879"}],"wp:featuredmedia":[{"embeddable":true,"href":"https:\/\/pararepublique.com\/index.php\/wp-json\/wp\/v2\/media\/14877"}],"wp:attachment":[{"href":"https:\/\/pararepublique.com\/index.php\/wp-json\/wp\/v2\/media?parent=14876"}],"wp:term":[{"taxonomy":"product_cat","embeddable":true,"href":"https:\/\/pararepublique.com\/index.php\/wp-json\/wp\/v2\/product_cat?post=14876"},{"taxonomy":"product_tag","embeddable":true,"href":"https:\/\/pararepublique.com\/index.php\/wp-json\/wp\/v2\/product_tag?post=14876"}],"curies":[{"name":"wp","href":"https:\/\/api.w.org\/{rel}","templated":true}]}}