{"id":14885,"date":"2024-12-19T16:03:35","date_gmt":"2024-12-19T16:03:35","guid":{"rendered":"https:\/\/pararepublique.com\/?post_type=product&#038;p=14885"},"modified":"2024-12-19T16:03:36","modified_gmt":"2024-12-19T16:03:36","slug":"parfum-shalimar-50ml-edp","status":"publish","type":"product","link":"https:\/\/pararepublique.com\/index.php\/product\/parfum-shalimar-50ml-edp\/","title":{"rendered":"PARFUM SHALIMAR 50ML EDP"},"content":{"rendered":"<p>Shalimar est le premier oriental de l&rsquo;histoire de la parfumerie. L&rsquo;Eau de Parfum Shalimar est une fragrance mythique aux accents de bergamote, d&rsquo;iris et de vanille ; un sillage intense un brin sulfureux, toujours incandescent, qui incarne une sensualit\u00e9 \u00e0 fleur de peau, un soup\u00e7on d&rsquo;interdit. Inspir\u00e9 par l&rsquo;histoire d&rsquo;un amour fou entre un empereur et une princesse indienne, Shalimar, qui signifie en sanscrit \u00ab\u00a0Temple de l&rsquo;amour\u00a0\u00bb, symbolise \u00e0 jamais l&rsquo;essence du d\u00e9sir, la promesse d&rsquo;un amour \u00e9ternel. En 1925, le flacon de Shalimar, dessin\u00e9 par Raymond Guerlain, remporte le premier prix de l&rsquo;exposition des Arts D\u00e9coratifs \u00e0 Paris. Ses courbes s&rsquo;inspirent des vasques des fameux jardins de Shalimar. Le bouchon \u00e9ventail, \u00e0 la transparence saphir, rappelle ses jets d&rsquo;eau \u00e9ternels.<\/p>\n","protected":false},"excerpt":{"rendered":"<p>Shalimar est le premier oriental de l&rsquo;histoire de la parfumerie.<\/p>\n","protected":false},"featured_media":14886,"comment_status":"open","ping_status":"closed","template":"","meta":{"inline_featured_image":false,"_monsterinsights_skip_tracking":false,"_monsterinsights_sitenote_active":false,"_monsterinsights_sitenote_note":"","_monsterinsights_sitenote_category":0,"_joinchat":[]},"product_cat":[106],"product_tag":[],"class_list":{"0":"post-14885","1":"product","2":"type-product","3":"status-publish","4":"has-post-thumbnail","6":"product_cat-parfumerie","8":"first","9":"instock","10":"shipping-taxable","11":"purchasable","12":"product-type-simple","13":"add-to-wishlist-after_add_to_cart"},"aioseo_notices":[],"_links":{"self":[{"href":"https:\/\/pararepublique.com\/index.php\/wp-json\/wp\/v2\/product\/14885","targetHints":{"allow":["GET"]}}],"collection":[{"href":"https:\/\/pararepublique.com\/index.php\/wp-json\/wp\/v2\/product"}],"about":[{"href":"https:\/\/pararepublique.com\/index.php\/wp-json\/wp\/v2\/types\/product"}],"replies":[{"embeddable":true,"href":"https:\/\/pararepublique.com\/index.php\/wp-json\/wp\/v2\/comments?post=14885"}],"version-history":[{"count":2,"href":"https:\/\/pararepublique.com\/index.php\/wp-json\/wp\/v2\/product\/14885\/revisions"}],"predecessor-version":[{"id":14888,"href":"https:\/\/pararepublique.com\/index.php\/wp-json\/wp\/v2\/product\/14885\/revisions\/14888"}],"wp:featuredmedia":[{"embeddable":true,"href":"https:\/\/pararepublique.com\/index.php\/wp-json\/wp\/v2\/media\/14886"}],"wp:attachment":[{"href":"https:\/\/pararepublique.com\/index.php\/wp-json\/wp\/v2\/media?parent=14885"}],"wp:term":[{"taxonomy":"product_cat","embeddable":true,"href":"https:\/\/pararepublique.com\/index.php\/wp-json\/wp\/v2\/product_cat?post=14885"},{"taxonomy":"product_tag","embeddable":true,"href":"https:\/\/pararepublique.com\/index.php\/wp-json\/wp\/v2\/product_tag?post=14885"}],"curies":[{"name":"wp","href":"https:\/\/api.w.org\/{rel}","templated":true}]}}