{"id":14897,"date":"2024-12-19T16:21:56","date_gmt":"2024-12-19T16:21:56","guid":{"rendered":"https:\/\/pararepublique.com\/?post_type=product&#038;p=14897"},"modified":"2024-12-19T16:21:57","modified_gmt":"2024-12-19T16:21:57","slug":"parfum-shalimar-initial-100ml","status":"publish","type":"product","link":"https:\/\/pararepublique.com\/index.php\/product\/parfum-shalimar-initial-100ml\/","title":{"rendered":"PARFUM SHALIMAR INITIAL 100ML"},"content":{"rendered":"<p><strong>SHALIMAR PARFUM INITIAL<\/strong> par Guerlain est une eau de parfum pour femmes lanc\u00e9e en 2011 par la prestigieuse maison de design Guerlain. Ce parfum envo\u00fbtant se distingue par un m\u00e9lange harmonieux de notes de fruits d\u2019agrumes, de bergamote, de rose, de jasmin, de vanille et de musc blanc.<\/p>\n<p>Ce parfum incarne les d\u00e9sirs, la joie et la sensualit\u00e9 dans une cr\u00e9ation raffin\u00e9e. Son flacon, inspir\u00e9 de la forme traditionnelle de Shalimar, se r\u00e9invente avec une silhouette plus \u00e9lanc\u00e9e et \u00e9l\u00e9gante, reflet de son essence moderne et sophistiqu\u00e9e.<\/p>\n<p>La composition de <strong>Shalimar Parfum Initial<\/strong> s\u2019ouvre sur des notes p\u00e9tillantes d\u2019agrumes, notamment le zeste de bergamote et d\u2019orange. Son c\u0153ur floral d\u00e9voile un bouquet exquis de rose et de jasmin, envelopp\u00e9 par la profondeur bois\u00e9e du v\u00e9tiver et du patchouli. En fond, les accords orientaux se manifestent avec la chaleur envo\u00fbtante de la vanille, du musc blanc et de la f\u00e8ve tonka, cr\u00e9ant une signature olfactive irr\u00e9sistible et captivante.<\/p>\n<p>Un parfum qui s\u00e9duit par son \u00e9quilibre entre fra\u00eecheur, sensualit\u00e9 et sophistication. <strong>Shalimar Parfum Initial<\/strong> est une ode au raffinement et \u00e0 la f\u00e9minit\u00e9 intemporelle.<\/p>\n","protected":false},"excerpt":{"rendered":"<p>Un parfum qui s\u00e9duit par son \u00e9quilibre entre fra\u00eecheur, sensualit\u00e9 et sophistication. <strong>Shalimar Parfum Initial<\/strong> est une ode au raffinement et \u00e0 la f\u00e9minit\u00e9 intemporelle.<\/p>\n","protected":false},"featured_media":14898,"comment_status":"open","ping_status":"closed","template":"","meta":{"inline_featured_image":false,"_monsterinsights_skip_tracking":false,"_monsterinsights_sitenote_active":false,"_monsterinsights_sitenote_note":"","_monsterinsights_sitenote_category":0,"_joinchat":[]},"product_cat":[106],"product_tag":[],"class_list":{"0":"post-14897","1":"product","2":"type-product","3":"status-publish","4":"has-post-thumbnail","6":"product_cat-parfumerie","8":"first","9":"instock","10":"shipping-taxable","11":"purchasable","12":"product-type-simple","13":"add-to-wishlist-after_add_to_cart"},"aioseo_notices":[],"_links":{"self":[{"href":"https:\/\/pararepublique.com\/index.php\/wp-json\/wp\/v2\/product\/14897","targetHints":{"allow":["GET"]}}],"collection":[{"href":"https:\/\/pararepublique.com\/index.php\/wp-json\/wp\/v2\/product"}],"about":[{"href":"https:\/\/pararepublique.com\/index.php\/wp-json\/wp\/v2\/types\/product"}],"replies":[{"embeddable":true,"href":"https:\/\/pararepublique.com\/index.php\/wp-json\/wp\/v2\/comments?post=14897"}],"version-history":[{"count":2,"href":"https:\/\/pararepublique.com\/index.php\/wp-json\/wp\/v2\/product\/14897\/revisions"}],"predecessor-version":[{"id":14900,"href":"https:\/\/pararepublique.com\/index.php\/wp-json\/wp\/v2\/product\/14897\/revisions\/14900"}],"wp:featuredmedia":[{"embeddable":true,"href":"https:\/\/pararepublique.com\/index.php\/wp-json\/wp\/v2\/media\/14898"}],"wp:attachment":[{"href":"https:\/\/pararepublique.com\/index.php\/wp-json\/wp\/v2\/media?parent=14897"}],"wp:term":[{"taxonomy":"product_cat","embeddable":true,"href":"https:\/\/pararepublique.com\/index.php\/wp-json\/wp\/v2\/product_cat?post=14897"},{"taxonomy":"product_tag","embeddable":true,"href":"https:\/\/pararepublique.com\/index.php\/wp-json\/wp\/v2\/product_tag?post=14897"}],"curies":[{"name":"wp","href":"https:\/\/api.w.org\/{rel}","templated":true}]}}