{"id":14901,"date":"2024-12-19T16:27:52","date_gmt":"2024-12-19T16:27:52","guid":{"rendered":"https:\/\/pararepublique.com\/?post_type=product&#038;p=14901"},"modified":"2024-12-19T16:27:52","modified_gmt":"2024-12-19T16:27:52","slug":"parfum-shalimar-souffle","status":"publish","type":"product","link":"https:\/\/pararepublique.com\/index.php\/product\/parfum-shalimar-souffle\/","title":{"rendered":"PARFUM SHALIMAR SOUFFLE"},"content":{"rendered":"<p>Voici une version am\u00e9lior\u00e9e du texte :<\/p>\n<hr \/>\n<p>Il \u00e9tait une fois, il y a quatre si\u00e8cles, aux confins enchanteurs de l\u2019Inde, une histoire d\u2019amour extraordinaire. Pour honorer sa divine \u00e9pouse, la princesse Mumtaz Mahal, l\u2019empereur Shah Jahan fit concevoir les somptueux jardins de Shalimar, t\u00e9moins de leur passion \u00e9ternelle, et \u00e9leva le majestueux Taj Mahal, chef-d\u2019\u0153uvre admir\u00e9 \u00e0 travers le monde.<\/p>\n<p>Aujourd\u2019hui, Thierry Wasser r\u00e9invente l\u2019essence du l\u00e9gendaire parfum Shalimar avec <strong>Shalimar Souffle de Parfum<\/strong>, un hommage olfactif \u00e0 une sensualit\u00e9 absolue. Cette cr\u00e9ation lumineuse et envo\u00fbtante s\u2019impose comme une v\u00e9ritable caresse parfum\u00e9e, d\u00e9licatement raffin\u00e9e.<\/p>\n<p>Le temps d\u2019un collector exclusif, le flacon iconique se r\u00e9invente avec un d\u00e9cor in\u00e9dit, finement dessin\u00e9 et r\u00e9v\u00e9l\u00e9 par un subtil jeu de transparence. Le verre \u00e9pur\u00e9 laisse transpara\u00eetre la d\u00e9licatesse d\u2019un jus gris bleut\u00e9, qui sublime par contraste les reflets dor\u00e9s embl\u00e9matiques de <strong>Shalimar<\/strong>. Une \u0153uvre qui m\u00eale \u00e9l\u00e9gance et magie, inscrite dans la l\u00e9gende.<\/p>\n","protected":false},"excerpt":{"rendered":"<p>Le verre \u00e9pur\u00e9 laisse transpara\u00eetre la d\u00e9licatesse d\u2019un jus gris bleut\u00e9, qui sublime par contraste les reflets dor\u00e9s embl\u00e9matiques de <strong>Shalimar<\/strong>. Une \u0153uvre qui m\u00eale \u00e9l\u00e9gance et magie, inscrite dans la l\u00e9gende.<\/p>\n","protected":false},"featured_media":14902,"comment_status":"open","ping_status":"closed","template":"","meta":{"inline_featured_image":false,"_monsterinsights_skip_tracking":false,"_monsterinsights_sitenote_active":false,"_monsterinsights_sitenote_note":"","_monsterinsights_sitenote_category":0,"_joinchat":[]},"product_cat":[106],"product_tag":[],"class_list":{"0":"post-14901","1":"product","2":"type-product","3":"status-publish","4":"has-post-thumbnail","6":"product_cat-parfumerie","8":"first","9":"instock","10":"shipping-taxable","11":"purchasable","12":"product-type-simple","13":"add-to-wishlist-after_add_to_cart"},"aioseo_notices":[],"_links":{"self":[{"href":"https:\/\/pararepublique.com\/index.php\/wp-json\/wp\/v2\/product\/14901","targetHints":{"allow":["GET"]}}],"collection":[{"href":"https:\/\/pararepublique.com\/index.php\/wp-json\/wp\/v2\/product"}],"about":[{"href":"https:\/\/pararepublique.com\/index.php\/wp-json\/wp\/v2\/types\/product"}],"replies":[{"embeddable":true,"href":"https:\/\/pararepublique.com\/index.php\/wp-json\/wp\/v2\/comments?post=14901"}],"version-history":[{"count":2,"href":"https:\/\/pararepublique.com\/index.php\/wp-json\/wp\/v2\/product\/14901\/revisions"}],"predecessor-version":[{"id":14904,"href":"https:\/\/pararepublique.com\/index.php\/wp-json\/wp\/v2\/product\/14901\/revisions\/14904"}],"wp:featuredmedia":[{"embeddable":true,"href":"https:\/\/pararepublique.com\/index.php\/wp-json\/wp\/v2\/media\/14902"}],"wp:attachment":[{"href":"https:\/\/pararepublique.com\/index.php\/wp-json\/wp\/v2\/media?parent=14901"}],"wp:term":[{"taxonomy":"product_cat","embeddable":true,"href":"https:\/\/pararepublique.com\/index.php\/wp-json\/wp\/v2\/product_cat?post=14901"},{"taxonomy":"product_tag","embeddable":true,"href":"https:\/\/pararepublique.com\/index.php\/wp-json\/wp\/v2\/product_tag?post=14901"}],"curies":[{"name":"wp","href":"https:\/\/api.w.org\/{rel}","templated":true}]}}