{"id":14905,"date":"2024-12-19T16:32:28","date_gmt":"2024-12-19T16:32:28","guid":{"rendered":"https:\/\/pararepublique.com\/?post_type=product&#038;p=14905"},"modified":"2024-12-19T16:32:29","modified_gmt":"2024-12-19T16:32:29","slug":"parfum-shalimar-vanille-50ml","status":"publish","type":"product","link":"https:\/\/pararepublique.com\/index.php\/product\/parfum-shalimar-vanille-50ml\/","title":{"rendered":"PARFUM SHALIMAR VANILLE 50ML"},"content":{"rendered":"","protected":false},"excerpt":{"rendered":"<p><b>Shalimar Ode a la Vanille Sur la Route du Mexique<\/b> de <b>Guerlain<\/b> est un parfum Orientale Vanill\u00e9 pour femme. <b>Shalimar Ode a la Vanille Sur la Route du Mexique<\/b> a \u00e9t\u00e9 lanc\u00e9 en 2013. Le nez derri\u00e8re ce parfum est Thierry Wasser.<\/p>\n","protected":false},"featured_media":14906,"comment_status":"open","ping_status":"closed","template":"","meta":{"inline_featured_image":false,"_monsterinsights_skip_tracking":false,"_monsterinsights_sitenote_active":false,"_monsterinsights_sitenote_note":"","_monsterinsights_sitenote_category":0,"_joinchat":[]},"product_cat":[106],"product_tag":[],"class_list":{"0":"post-14905","1":"product","2":"type-product","3":"status-publish","4":"has-post-thumbnail","6":"product_cat-parfumerie","8":"first","9":"instock","10":"shipping-taxable","11":"purchasable","12":"product-type-simple","13":"add-to-wishlist-after_add_to_cart"},"aioseo_notices":[],"_links":{"self":[{"href":"https:\/\/pararepublique.com\/index.php\/wp-json\/wp\/v2\/product\/14905","targetHints":{"allow":["GET"]}}],"collection":[{"href":"https:\/\/pararepublique.com\/index.php\/wp-json\/wp\/v2\/product"}],"about":[{"href":"https:\/\/pararepublique.com\/index.php\/wp-json\/wp\/v2\/types\/product"}],"replies":[{"embeddable":true,"href":"https:\/\/pararepublique.com\/index.php\/wp-json\/wp\/v2\/comments?post=14905"}],"version-history":[{"count":1,"href":"https:\/\/pararepublique.com\/index.php\/wp-json\/wp\/v2\/product\/14905\/revisions"}],"predecessor-version":[{"id":14907,"href":"https:\/\/pararepublique.com\/index.php\/wp-json\/wp\/v2\/product\/14905\/revisions\/14907"}],"wp:featuredmedia":[{"embeddable":true,"href":"https:\/\/pararepublique.com\/index.php\/wp-json\/wp\/v2\/media\/14906"}],"wp:attachment":[{"href":"https:\/\/pararepublique.com\/index.php\/wp-json\/wp\/v2\/media?parent=14905"}],"wp:term":[{"taxonomy":"product_cat","embeddable":true,"href":"https:\/\/pararepublique.com\/index.php\/wp-json\/wp\/v2\/product_cat?post=14905"},{"taxonomy":"product_tag","embeddable":true,"href":"https:\/\/pararepublique.com\/index.php\/wp-json\/wp\/v2\/product_tag?post=14905"}],"curies":[{"name":"wp","href":"https:\/\/api.w.org\/{rel}","templated":true}]}}