{"id":14912,"date":"2024-12-19T16:38:48","date_gmt":"2024-12-19T16:38:48","guid":{"rendered":"https:\/\/pararepublique.com\/?post_type=product&#038;p=14912"},"modified":"2024-12-19T16:38:49","modified_gmt":"2024-12-19T16:38:49","slug":"parfum-si-lolita-eau-toilette-80ml","status":"publish","type":"product","link":"https:\/\/pararepublique.com\/index.php\/product\/parfum-si-lolita-eau-toilette-80ml\/","title":{"rendered":"PARFUM SI LOLITA EAU TOILETTE 80ML"},"content":{"rendered":"<p>Le nouveau Parfum du Bonheur<br \/>\nSi fra\u00eeche, Si pimpante, Si sensuelle\u2026 autrement Si Lolita.<\/p>\n<p>L&rsquo;Eau de Toilette Si Lolita affiche son audace, et d\u00e9voile une sensualit\u00e9 \u00e0 fleur de peau : f\u00e9minine \u00e0 l&rsquo;extr\u00eame.<br \/>\nR\u00e9solument fra\u00eeche et insolemment sensuelle, sa fragrance florale et vive r\u00e9v\u00e8le la d\u00e9licieuse fra\u00eecheur du Pois de Senteur.<\/p>\n<p>Flacon : Un nouveau flacon porte-bonheur<br \/>\nUn tr\u00e8fle \u00e0 quatre c\u0153urs rose poudr\u00e9 qui ose les contrastes. La fra\u00eecheur cristalline et la puret\u00e9 du verre en son c\u0153ur sont soulign\u00e9es par la douceur des contours d\u00e9polis.<br \/>\nSignature couture, autour de son col, s&rsquo;affiche un nouveau foulard bandit rouge, passionn\u00e9ment rouge, orn\u00e9 de pois blancs et soulign\u00e9 de fleurs d&rsquo;un vert croquant.<\/p>\n","protected":false},"excerpt":{"rendered":"<div>\n<p><strong>Notes olfactives<\/strong><\/p>\n<p>T\u00eate : Poivre rose, Canneberge et Petit-grain.<br \/>\nCoeur : Pois de senteur, Magnolia et Aub\u00e9pine.<br \/>\nFond : Musc, Iris et Ambre.<\/p>\n<\/div>\n","protected":false},"featured_media":14913,"comment_status":"open","ping_status":"closed","template":"","meta":{"inline_featured_image":false,"_monsterinsights_skip_tracking":false,"_monsterinsights_sitenote_active":false,"_monsterinsights_sitenote_note":"","_monsterinsights_sitenote_category":0,"_joinchat":[]},"product_cat":[106],"product_tag":[],"class_list":{"0":"post-14912","1":"product","2":"type-product","3":"status-publish","4":"has-post-thumbnail","6":"product_cat-parfumerie","8":"first","9":"instock","10":"shipping-taxable","11":"purchasable","12":"product-type-simple","13":"add-to-wishlist-after_add_to_cart"},"aioseo_notices":[],"_links":{"self":[{"href":"https:\/\/pararepublique.com\/index.php\/wp-json\/wp\/v2\/product\/14912","targetHints":{"allow":["GET"]}}],"collection":[{"href":"https:\/\/pararepublique.com\/index.php\/wp-json\/wp\/v2\/product"}],"about":[{"href":"https:\/\/pararepublique.com\/index.php\/wp-json\/wp\/v2\/types\/product"}],"replies":[{"embeddable":true,"href":"https:\/\/pararepublique.com\/index.php\/wp-json\/wp\/v2\/comments?post=14912"}],"version-history":[{"count":2,"href":"https:\/\/pararepublique.com\/index.php\/wp-json\/wp\/v2\/product\/14912\/revisions"}],"predecessor-version":[{"id":14915,"href":"https:\/\/pararepublique.com\/index.php\/wp-json\/wp\/v2\/product\/14912\/revisions\/14915"}],"wp:featuredmedia":[{"embeddable":true,"href":"https:\/\/pararepublique.com\/index.php\/wp-json\/wp\/v2\/media\/14913"}],"wp:attachment":[{"href":"https:\/\/pararepublique.com\/index.php\/wp-json\/wp\/v2\/media?parent=14912"}],"wp:term":[{"taxonomy":"product_cat","embeddable":true,"href":"https:\/\/pararepublique.com\/index.php\/wp-json\/wp\/v2\/product_cat?post=14912"},{"taxonomy":"product_tag","embeddable":true,"href":"https:\/\/pararepublique.com\/index.php\/wp-json\/wp\/v2\/product_tag?post=14912"}],"curies":[{"name":"wp","href":"https:\/\/api.w.org\/{rel}","templated":true}]}}