{"id":14921,"date":"2024-12-19T16:48:22","date_gmt":"2024-12-19T16:48:22","guid":{"rendered":"https:\/\/pararepublique.com\/?post_type=product&#038;p=14921"},"modified":"2024-12-19T16:48:22","modified_gmt":"2024-12-19T16:48:22","slug":"parfum-tom-ford-noir-femme","status":"publish","type":"product","link":"https:\/\/pararepublique.com\/index.php\/product\/parfum-tom-ford-noir-femme\/","title":{"rendered":"PARFUM TOM FORD NOIR FEMME"},"content":{"rendered":"<div id=\"tab-description\" class=\"c-product__tabs-panel  woocommerce-Tabs-panel woocommerce-Tabs-panel--description panel entry-content wc-tab  current visible\" role=\"tabpanel\" aria-labelledby=\"tab-title-description\">\n<p>Inspir\u00e9 du fascinant contraste entre l\u2019\u00e9l\u00e9gance et la sensualit\u00e9.<br \/>\nTom Ford Noir est une fragrance orientale et sensuelle.<\/p>\n<p>qui capture les deux facettes de la personnalit\u00e9 de l\u2019homme Tom Ford ;<br \/>\nl\u2019homme raffin\u00e9 et sophistiqu\u00e9 connu de tous.<\/p>\n<p>et la sensualit\u00e9 intrigante de l\u2019homme priv\u00e9.<\/p>\n<\/div>\n","protected":false},"excerpt":{"rendered":"<p>Inspir\u00e9 du fascinant contraste entre l\u2019\u00e9l\u00e9gance et la sensualit\u00e9.<\/p>\n","protected":false},"featured_media":14922,"comment_status":"open","ping_status":"closed","template":"","meta":{"inline_featured_image":false,"_monsterinsights_skip_tracking":false,"_monsterinsights_sitenote_active":false,"_monsterinsights_sitenote_note":"","_monsterinsights_sitenote_category":0,"_joinchat":[]},"product_cat":[106],"product_tag":[],"class_list":{"0":"post-14921","1":"product","2":"type-product","3":"status-publish","4":"has-post-thumbnail","6":"product_cat-parfumerie","8":"first","9":"instock","10":"shipping-taxable","11":"purchasable","12":"product-type-simple","13":"add-to-wishlist-after_add_to_cart"},"aioseo_notices":[],"_links":{"self":[{"href":"https:\/\/pararepublique.com\/index.php\/wp-json\/wp\/v2\/product\/14921","targetHints":{"allow":["GET"]}}],"collection":[{"href":"https:\/\/pararepublique.com\/index.php\/wp-json\/wp\/v2\/product"}],"about":[{"href":"https:\/\/pararepublique.com\/index.php\/wp-json\/wp\/v2\/types\/product"}],"replies":[{"embeddable":true,"href":"https:\/\/pararepublique.com\/index.php\/wp-json\/wp\/v2\/comments?post=14921"}],"version-history":[{"count":1,"href":"https:\/\/pararepublique.com\/index.php\/wp-json\/wp\/v2\/product\/14921\/revisions"}],"predecessor-version":[{"id":14923,"href":"https:\/\/pararepublique.com\/index.php\/wp-json\/wp\/v2\/product\/14921\/revisions\/14923"}],"wp:featuredmedia":[{"embeddable":true,"href":"https:\/\/pararepublique.com\/index.php\/wp-json\/wp\/v2\/media\/14922"}],"wp:attachment":[{"href":"https:\/\/pararepublique.com\/index.php\/wp-json\/wp\/v2\/media?parent=14921"}],"wp:term":[{"taxonomy":"product_cat","embeddable":true,"href":"https:\/\/pararepublique.com\/index.php\/wp-json\/wp\/v2\/product_cat?post=14921"},{"taxonomy":"product_tag","embeddable":true,"href":"https:\/\/pararepublique.com\/index.php\/wp-json\/wp\/v2\/product_tag?post=14921"}],"curies":[{"name":"wp","href":"https:\/\/api.w.org\/{rel}","templated":true}]}}