{"id":14924,"date":"2024-12-19T16:51:18","date_gmt":"2024-12-19T16:51:18","guid":{"rendered":"https:\/\/pararepublique.com\/?post_type=product&#038;p=14924"},"modified":"2024-12-19T16:51:18","modified_gmt":"2024-12-19T16:51:18","slug":"parfum-tresor-de-lancome","status":"publish","type":"product","link":"https:\/\/pararepublique.com\/index.php\/product\/parfum-tresor-de-lancome\/","title":{"rendered":"PARFUM TRESOR DE LANCOME"},"content":{"rendered":"<div id=\"tab-description\" class=\"woocommerce-Tabs-panel woocommerce-Tabs-panel--description panel entry-content active\" role=\"tabpanel\" aria-labelledby=\"tab-title-description\">\n<p>Notes Olfactives:<br \/>\nNotes de t\u00eate : P\u00e9tales de Rose, Fleurs d\u2019Abricotier, Fleurs de P\u00eacher<br \/>\nNotes de c\u0153ur : Muguet, Vanille, H\u00e9liotrope, Iris<br \/>\nNotes de fond : Bois de Santal, Musc<\/p>\n<p><strong>Contenance:30ml<\/strong><\/p>\n<p>Conseils d\u2019utilisation:<br \/>\nVaporisez \u00e0 environ 20 cm de la peau en insistant sur les endroits particuli\u00e8rement chauds de votre corps : points de pulsation sur les poignets, sous les lobes d\u2019oreille, derri\u00e8re les genoux, pour un sillage plus intense!<\/p>\n<\/div>\n","protected":false},"excerpt":{"rendered":"<p>Le parfum Tr\u00e9sor, depuis sa cr\u00e9ation en 1990, incarne l\u2019amour absolu sous toutes ses facettes. Une fragrance subtile et l\u00e9g\u00e8re qu\u2019enveloppe un voile doux et romantique. Partagez l\u2019\u00e9motion de l\u2019amour \u00e9ternel avec Tr\u00e9sor, le parfum des instants pr\u00e9cieux. L\u2019Eau de Parfum d\u00e9voile les notes fleuries, fruit\u00e9es, poudr\u00e9es et ambr\u00e9es de Tr\u00e9sor. Ce flacon au design pr\u00e9cieux vient se lover entre les mains comme une offrande. Parce que l\u2019amour est un Tr\u00e9sor, il rend la femme aussi radieuse et pr\u00e9cieuse que le parfum qu\u2019elle porte. Il flotte dans l\u2019air un parfum d\u2019\u00e9motion. . . Tr\u00e9sor.<\/p>\n","protected":false},"featured_media":14925,"comment_status":"open","ping_status":"closed","template":"","meta":{"inline_featured_image":false,"_monsterinsights_skip_tracking":false,"_monsterinsights_sitenote_active":false,"_monsterinsights_sitenote_note":"","_monsterinsights_sitenote_category":0,"_joinchat":[]},"product_cat":[106],"product_tag":[],"class_list":{"0":"post-14924","1":"product","2":"type-product","3":"status-publish","4":"has-post-thumbnail","6":"product_cat-parfumerie","8":"first","9":"instock","10":"shipping-taxable","11":"purchasable","12":"product-type-simple","13":"add-to-wishlist-after_add_to_cart"},"aioseo_notices":[],"_links":{"self":[{"href":"https:\/\/pararepublique.com\/index.php\/wp-json\/wp\/v2\/product\/14924","targetHints":{"allow":["GET"]}}],"collection":[{"href":"https:\/\/pararepublique.com\/index.php\/wp-json\/wp\/v2\/product"}],"about":[{"href":"https:\/\/pararepublique.com\/index.php\/wp-json\/wp\/v2\/types\/product"}],"replies":[{"embeddable":true,"href":"https:\/\/pararepublique.com\/index.php\/wp-json\/wp\/v2\/comments?post=14924"}],"version-history":[{"count":2,"href":"https:\/\/pararepublique.com\/index.php\/wp-json\/wp\/v2\/product\/14924\/revisions"}],"predecessor-version":[{"id":14927,"href":"https:\/\/pararepublique.com\/index.php\/wp-json\/wp\/v2\/product\/14924\/revisions\/14927"}],"wp:featuredmedia":[{"embeddable":true,"href":"https:\/\/pararepublique.com\/index.php\/wp-json\/wp\/v2\/media\/14925"}],"wp:attachment":[{"href":"https:\/\/pararepublique.com\/index.php\/wp-json\/wp\/v2\/media?parent=14924"}],"wp:term":[{"taxonomy":"product_cat","embeddable":true,"href":"https:\/\/pararepublique.com\/index.php\/wp-json\/wp\/v2\/product_cat?post=14924"},{"taxonomy":"product_tag","embeddable":true,"href":"https:\/\/pararepublique.com\/index.php\/wp-json\/wp\/v2\/product_tag?post=14924"}],"curies":[{"name":"wp","href":"https:\/\/api.w.org\/{rel}","templated":true}]}}