{"id":14928,"date":"2024-12-19T16:53:11","date_gmt":"2024-12-19T16:53:11","guid":{"rendered":"https:\/\/pararepublique.com\/?post_type=product&#038;p=14928"},"modified":"2024-12-19T16:53:12","modified_gmt":"2024-12-19T16:53:12","slug":"parfum-tresor-love","status":"publish","type":"product","link":"https:\/\/pararepublique.com\/index.php\/product\/parfum-tresor-love\/","title":{"rendered":"PARFUM TRESOR LOVE"},"content":{"rendered":"<div id=\"tab-description\" class=\"c-product__tabs-panel  woocommerce-Tabs-panel woocommerce-Tabs-panel--description panel entry-content wc-tab  current visible\" role=\"tabpanel\" aria-labelledby=\"tab-title-description\">\n<p><strong>Conseils d\u2019utilisation :<\/strong><\/p>\n<ol>\n<li>Vaporisez le parfum \u00e0 environ 20 cm de la peau.<\/li>\n<li>Concentrez-vous sur les zones chaudes du corps : poignets, derri\u00e8re les oreilles, derri\u00e8re les genoux.<\/li>\n<li>\u00c9vitez de frotter les poignets ensemble apr\u00e8s application pour pr\u00e9server l\u2019int\u00e9grit\u00e9 des notes olfactives.<\/li>\n<\/ol>\n<p><strong>Ingr\u00e9dients INCI :<\/strong> Alcohol, Parfum (Fragrance), Aqua (Water), Limonene, Linalool, Geraniol, Citral, Eugenol, Coumarin, Benzyl Alcohol, Benzyl Salicylate, Alpha-Isomethyl Ionone, Hydroxycitronellal, Citronellol, Farnesol, Isoeugenol, Evernia Prunastri (Oakmoss) Extract, Evernia Furfuracea (Treemoss) Extract.<\/p>\n<p>Ce parfum est id\u00e9al pour offrir \u00e0 la peau fragile une hydratation optimale et une protection durable.<\/p>\n<\/div>\n","protected":false},"excerpt":{"rendered":"<p>Le <strong>Tr\u00e9sor In Love Eau de Parfum 75ml<\/strong> de Lanc\u00f4me est une fragrance f\u00e9minine qui incarne la spontan\u00e9it\u00e9 et l\u2019\u00e9motion d\u2019une histoire d\u2019amour naissante. Cette composition olfactive s\u2019ouvre sur des notes de t\u00eate fra\u00eeches de poire, nectarine, poivre rose et bergamote, \u00e9voluant vers un c\u0153ur floral de rose, p\u00eache, violette et jasmin. Les notes de fond, bois\u00e9es et sensuelles, sont domin\u00e9es par le musc et le bois de c\u00e8dre.<\/p>\n","protected":false},"featured_media":14929,"comment_status":"open","ping_status":"closed","template":"","meta":{"inline_featured_image":false,"_monsterinsights_skip_tracking":false,"_monsterinsights_sitenote_active":false,"_monsterinsights_sitenote_note":"","_monsterinsights_sitenote_category":0,"_joinchat":[]},"product_cat":[106],"product_tag":[],"class_list":{"0":"post-14928","1":"product","2":"type-product","3":"status-publish","4":"has-post-thumbnail","6":"product_cat-parfumerie","8":"first","9":"instock","10":"shipping-taxable","11":"purchasable","12":"product-type-simple","13":"add-to-wishlist-after_add_to_cart"},"aioseo_notices":[],"_links":{"self":[{"href":"https:\/\/pararepublique.com\/index.php\/wp-json\/wp\/v2\/product\/14928","targetHints":{"allow":["GET"]}}],"collection":[{"href":"https:\/\/pararepublique.com\/index.php\/wp-json\/wp\/v2\/product"}],"about":[{"href":"https:\/\/pararepublique.com\/index.php\/wp-json\/wp\/v2\/types\/product"}],"replies":[{"embeddable":true,"href":"https:\/\/pararepublique.com\/index.php\/wp-json\/wp\/v2\/comments?post=14928"}],"version-history":[{"count":2,"href":"https:\/\/pararepublique.com\/index.php\/wp-json\/wp\/v2\/product\/14928\/revisions"}],"predecessor-version":[{"id":14931,"href":"https:\/\/pararepublique.com\/index.php\/wp-json\/wp\/v2\/product\/14928\/revisions\/14931"}],"wp:featuredmedia":[{"embeddable":true,"href":"https:\/\/pararepublique.com\/index.php\/wp-json\/wp\/v2\/media\/14929"}],"wp:attachment":[{"href":"https:\/\/pararepublique.com\/index.php\/wp-json\/wp\/v2\/media?parent=14928"}],"wp:term":[{"taxonomy":"product_cat","embeddable":true,"href":"https:\/\/pararepublique.com\/index.php\/wp-json\/wp\/v2\/product_cat?post=14928"},{"taxonomy":"product_tag","embeddable":true,"href":"https:\/\/pararepublique.com\/index.php\/wp-json\/wp\/v2\/product_tag?post=14928"}],"curies":[{"name":"wp","href":"https:\/\/api.w.org\/{rel}","templated":true}]}}