{"id":14932,"date":"2024-12-19T16:56:07","date_gmt":"2024-12-19T16:56:07","guid":{"rendered":"https:\/\/pararepublique.com\/?post_type=product&#038;p=14932"},"modified":"2024-12-19T16:56:08","modified_gmt":"2024-12-19T16:56:08","slug":"parfum-tresor-midnight-rose-75ml","status":"publish","type":"product","link":"https:\/\/pararepublique.com\/index.php\/product\/parfum-tresor-midnight-rose-75ml\/","title":{"rendered":"PARFUM TRESOR MIDNIGHT ROSE 75ML"},"content":{"rendered":"<div class=\"card w-full\">\n<div class=\"\">\n<p>La Lancome Tresor Midnight Rose Eau de Parfum est une exquise composition de parfum qui respire le style et l&rsquo;\u00e9l\u00e9gance. Il fait partie de la tr\u00e8s estim\u00e9e collection de parfums de Lancome, qui se caract\u00e9rise par des parfums uniques depuis des ann\u00e9es et a conquis le c\u0153ur de nombreuses femmes dans le monde entier. Avec ce flacon de 75 ml, vous recevrez une fine eau de parfum qui repr\u00e9sente des parfums de haute qualit\u00e9 et remarquables sur le march\u00e9.<\/p>\n<p>Tresor Midnight Rose Eau de Parfum captive d&rsquo;abord avec sa note florale balayante, qui enveloppe les sens avec des nuances de framboise et s&rsquo;\u00e9l\u00e8ve et met l&rsquo;accent sur la d\u00e9claration audacieuse de la femme moderne. La note de c\u0153ur d\u00e9licate est compos\u00e9e de cassis, de poivre rose et de pion, dont la combinaison cr\u00e9e un ar\u00f4me sucr\u00e9 mais fruit\u00e9 qui vous accompagne tout au long de la journ\u00e9e. La note de base du musc, de la vanille et du bois de c\u00e8dre apporte le parfum \u00e0 une merveilleuse proximit\u00e9 et laisse une impression durable avec un soup\u00e7on de flair oriental.<\/p>\n<p>L&rsquo;utilisation d&rsquo;ingr\u00e9dients de haute qualit\u00e9 et soigneusement s\u00e9lectionn\u00e9s donne \u00e0 Lancome Tresor Midnight Rose Eau de Parfum son effet durable. C&rsquo;est un parfum id\u00e9al pour sortir le soir, mais aussi pour le travail ou l&rsquo;usure quotidienne.<\/p>\n<p>La conception de la bouteille est tout aussi artistique et attrayante. La couleur violette romantique du parfum, en combinaison avec la bouteille en verre con\u00e7ue fine et la coiffe d\u00e9cor\u00e9e, cr\u00e9e une touche sensuelle et myst\u00e9rieuse et en fait un point fort d\u00e9coratif sur chaque parfumerie.<\/p>\n<p>Le Lancome Tresor Midnight Rose Eau de Parfum est un d\u00e9licieux m\u00e9lange d&rsquo;\u00e9l\u00e9gance, de sophistication et d&rsquo;attrait f\u00e9minin. La composition captivante des parfums vous enchantera, vous et ceux qui vous entourent, et laissera une trace s\u00e9duisante. En fin de compte, ce parfum est plus qu&rsquo;un simple parfum &#8211; c&rsquo;est une belle et ing\u00e9nieuse cr\u00e9ation qui donne un sentiment luxueux et met l&rsquo;accent sur l&rsquo;individualit\u00e9 f\u00e9minine.<\/p>\n<p>Que ce soit comme cadeau pour un \u00eatre cher ou comme un r\u00e9gal sp\u00e9cial pour vous-m\u00eame, la Lancome Tresor Midnight Rose Eau de Parfum 75 ml est une exp\u00e9rience de parfum qui enchante les sens et fait des moments inoubliables. Emball\u00e9 dans une belle bo\u00eete, c&rsquo;est le cadeau parfait pour n&rsquo;importe quelle occasion. Offrez-vous cette touche de luxe et sentez-vous sp\u00e9cial chaque fois que vous appliquez ce parfum s\u00e9duisant.<\/p>\n<\/div>\n<\/div>\n","protected":false},"excerpt":{"rendered":"<p>La conception de la bouteille est tout aussi artistique et attrayante. La couleur violette romantique du parfum, en combinaison avec la bouteille en verre con\u00e7ue fine et la coiffe d\u00e9cor\u00e9e, cr\u00e9e une touche sensuelle et myst\u00e9rieuse et en fait un point fort d\u00e9coratif sur chaque parfumerie.<\/p>\n","protected":false},"featured_media":14933,"comment_status":"open","ping_status":"closed","template":"","meta":{"inline_featured_image":false,"_monsterinsights_skip_tracking":false,"_monsterinsights_sitenote_active":false,"_monsterinsights_sitenote_note":"","_monsterinsights_sitenote_category":0,"_joinchat":[]},"product_cat":[106],"product_tag":[],"class_list":{"0":"post-14932","1":"product","2":"type-product","3":"status-publish","4":"has-post-thumbnail","6":"product_cat-parfumerie","8":"first","9":"instock","10":"shipping-taxable","11":"purchasable","12":"product-type-simple","13":"add-to-wishlist-after_add_to_cart"},"aioseo_notices":[],"_links":{"self":[{"href":"https:\/\/pararepublique.com\/index.php\/wp-json\/wp\/v2\/product\/14932","targetHints":{"allow":["GET"]}}],"collection":[{"href":"https:\/\/pararepublique.com\/index.php\/wp-json\/wp\/v2\/product"}],"about":[{"href":"https:\/\/pararepublique.com\/index.php\/wp-json\/wp\/v2\/types\/product"}],"replies":[{"embeddable":true,"href":"https:\/\/pararepublique.com\/index.php\/wp-json\/wp\/v2\/comments?post=14932"}],"version-history":[{"count":1,"href":"https:\/\/pararepublique.com\/index.php\/wp-json\/wp\/v2\/product\/14932\/revisions"}],"predecessor-version":[{"id":14934,"href":"https:\/\/pararepublique.com\/index.php\/wp-json\/wp\/v2\/product\/14932\/revisions\/14934"}],"wp:featuredmedia":[{"embeddable":true,"href":"https:\/\/pararepublique.com\/index.php\/wp-json\/wp\/v2\/media\/14933"}],"wp:attachment":[{"href":"https:\/\/pararepublique.com\/index.php\/wp-json\/wp\/v2\/media?parent=14932"}],"wp:term":[{"taxonomy":"product_cat","embeddable":true,"href":"https:\/\/pararepublique.com\/index.php\/wp-json\/wp\/v2\/product_cat?post=14932"},{"taxonomy":"product_tag","embeddable":true,"href":"https:\/\/pararepublique.com\/index.php\/wp-json\/wp\/v2\/product_tag?post=14932"}],"curies":[{"name":"wp","href":"https:\/\/api.w.org\/{rel}","templated":true}]}}