{"id":14935,"date":"2024-12-19T16:57:50","date_gmt":"2024-12-19T16:57:50","guid":{"rendered":"https:\/\/pararepublique.com\/?post_type=product&#038;p=14935"},"modified":"2024-12-19T16:57:50","modified_gmt":"2024-12-19T16:57:50","slug":"parfum-tresor-nuit-100ml","status":"publish","type":"product","link":"https:\/\/pararepublique.com\/index.php\/product\/parfum-tresor-nuit-100ml\/","title":{"rendered":"PARFUM TRESOR NUIT 100ML"},"content":{"rendered":"<p><strong>UN SILLAGE INTENSE ET ADDICTIF<\/strong><br \/>\nLa Nuit Tr\u00e9sor Intense est une Eau de Parfum au sillage intense, magn\u00e9tique et d\u00e9licieux.<br \/>\nEnflammez vos sens d\u00e8s les premi\u00e8res notes avec une essence de Rose accompagn\u00e9e d\u2019un accord gourmand addictif. Le c\u0153ur vibrant et sensuel de la Rose Damascena fusionne avec une Cerise Noire juteuse et d\u00e9licieuse, envelopp\u00e9e de la douceur addictive du Lait d\u2019Amande.<br \/>\nUne invitation \u00e0 vivre l\u2019instant d\u2019amour le plus intense et passionn\u00e9.<\/p>\n<p><strong>LA PASSION AU C\u0152UR D\u2019UN DIAMANT ROUGE<\/strong><br \/>\nToute l\u2019intensit\u00e9 et la passion de La Nuit Tr\u00e9sor encapsul\u00e9es dans un nouveau diamant rouge rubis aux couleurs de l\u2019amour, orn\u00e9 d\u2019une rose majestueuse.<\/p>\n<p>\u00ab\u00a0Cette olfaction est une invitation \u00e0 vivre le chapitre d\u2019amour le plus passionn\u00e9 et le plus vibrant que l\u2019on ait connu pour La Nuit Tr\u00e9sor \u00bb<br \/>\nAmandine CLERC-MARIE, parfumeuse chez Firmenich.<\/p>\n","protected":false},"excerpt":{"rendered":"<p>La Nuit Tr\u00e9sor Intense est une Eau de Parfum au sillage intense, magn\u00e9tique et d\u00e9licieux.<\/p>\n","protected":false},"featured_media":14936,"comment_status":"open","ping_status":"closed","template":"","meta":{"inline_featured_image":false,"_monsterinsights_skip_tracking":false,"_monsterinsights_sitenote_active":false,"_monsterinsights_sitenote_note":"","_monsterinsights_sitenote_category":0,"_joinchat":[]},"product_cat":[106],"product_tag":[],"class_list":{"0":"post-14935","1":"product","2":"type-product","3":"status-publish","4":"has-post-thumbnail","6":"product_cat-parfumerie","8":"first","9":"instock","10":"shipping-taxable","11":"purchasable","12":"product-type-simple","13":"add-to-wishlist-after_add_to_cart"},"aioseo_notices":[],"_links":{"self":[{"href":"https:\/\/pararepublique.com\/index.php\/wp-json\/wp\/v2\/product\/14935","targetHints":{"allow":["GET"]}}],"collection":[{"href":"https:\/\/pararepublique.com\/index.php\/wp-json\/wp\/v2\/product"}],"about":[{"href":"https:\/\/pararepublique.com\/index.php\/wp-json\/wp\/v2\/types\/product"}],"replies":[{"embeddable":true,"href":"https:\/\/pararepublique.com\/index.php\/wp-json\/wp\/v2\/comments?post=14935"}],"version-history":[{"count":2,"href":"https:\/\/pararepublique.com\/index.php\/wp-json\/wp\/v2\/product\/14935\/revisions"}],"predecessor-version":[{"id":14938,"href":"https:\/\/pararepublique.com\/index.php\/wp-json\/wp\/v2\/product\/14935\/revisions\/14938"}],"wp:featuredmedia":[{"embeddable":true,"href":"https:\/\/pararepublique.com\/index.php\/wp-json\/wp\/v2\/media\/14936"}],"wp:attachment":[{"href":"https:\/\/pararepublique.com\/index.php\/wp-json\/wp\/v2\/media?parent=14935"}],"wp:term":[{"taxonomy":"product_cat","embeddable":true,"href":"https:\/\/pararepublique.com\/index.php\/wp-json\/wp\/v2\/product_cat?post=14935"},{"taxonomy":"product_tag","embeddable":true,"href":"https:\/\/pararepublique.com\/index.php\/wp-json\/wp\/v2\/product_tag?post=14935"}],"curies":[{"name":"wp","href":"https:\/\/api.w.org\/{rel}","templated":true}]}}