{"id":14940,"date":"2024-12-20T11:04:42","date_gmt":"2024-12-20T11:04:42","guid":{"rendered":"https:\/\/pararepublique.com\/?post_type=product&#038;p=14940"},"modified":"2024-12-20T11:04:43","modified_gmt":"2024-12-20T11:04:43","slug":"parfum-ultra-violet-mauve","status":"publish","type":"product","link":"https:\/\/pararepublique.com\/index.php\/product\/parfum-ultra-violet-mauve\/","title":{"rendered":"PARFUM ULTRA VIOLET MAUVE"},"content":{"rendered":"<p><strong>ULTRAVIOLET : L\u2019OVNI OLFACTIF DE PACO RABANNE<\/strong><\/p>\n<p>Plongez dans la <strong>sensualit\u00e9 avant-gardiste<\/strong> d\u2019Ultraviolet, une fragrance audacieuse qui r\u00e9invente les codes du parfum f\u00e9minin. Au c\u0153ur de cette cr\u00e9ation, la fleur d&rsquo;osmanthus est sublim\u00e9e par une technologie olfactive r\u00e9volutionnaire, offrant une <strong>exp\u00e9rience sensorielle in\u00e9dite<\/strong>.<\/p>\n<p>Cette fragrance fruit\u00e9e, florale et orientale explore une <strong>nouvelle dimension d&rsquo;\u00e9nergie, de sensualit\u00e9 et de passion<\/strong>. Un v\u00e9ritable bijou pour la femme moderne en qu\u00eate de <strong>nouvelles \u00e9motions<\/strong> et d\u2019un style affirm\u00e9.<\/p>\n<p>L\u2019esth\u00e9tique du flacon refl\u00e8te l\u2019innovation : une <strong>forme d\u2019ellipse \u00e9pur\u00e9e<\/strong>, combinant harmonieusement verre, silicone et m\u00e9tal pour une prise en main intuitive et une gestuelle de spray unique.<\/p>\n<p>Ultraviolet de Paco Rabanne, c\u2019est bien plus qu\u2019un parfum : c\u2019est une d\u00e9claration d\u2019audace, une c\u00e9l\u00e9bration des contrastes entre force et douceur, tradition et modernit\u00e9.<\/p>\n","protected":false},"excerpt":{"rendered":"<p>Famille Olfactive : fruit\u00e9 florale orientale<\/p>\n<ul>\n<li>Notes de T\u00eate : Osmanthus, Bois de Rose, Coriandre, Abricot<\/li>\n<li>Notes de Coeur : Violette Fleur, Jasmin, Rose, Piment<\/li>\n<li>Notes de Fond : Vanille, Bois de C\u00e8dre, Patchouli, Santal<\/li>\n<\/ul>\n<p>contenance :80ml<\/p>\n","protected":false},"featured_media":14941,"comment_status":"open","ping_status":"closed","template":"","meta":{"inline_featured_image":false,"_monsterinsights_skip_tracking":false,"_monsterinsights_sitenote_active":false,"_monsterinsights_sitenote_note":"","_monsterinsights_sitenote_category":0,"_joinchat":[]},"product_cat":[106],"product_tag":[],"class_list":{"0":"post-14940","1":"product","2":"type-product","3":"status-publish","4":"has-post-thumbnail","6":"product_cat-parfumerie","8":"first","9":"instock","10":"shipping-taxable","11":"purchasable","12":"product-type-simple","13":"add-to-wishlist-after_add_to_cart"},"aioseo_notices":[],"_links":{"self":[{"href":"https:\/\/pararepublique.com\/index.php\/wp-json\/wp\/v2\/product\/14940","targetHints":{"allow":["GET"]}}],"collection":[{"href":"https:\/\/pararepublique.com\/index.php\/wp-json\/wp\/v2\/product"}],"about":[{"href":"https:\/\/pararepublique.com\/index.php\/wp-json\/wp\/v2\/types\/product"}],"replies":[{"embeddable":true,"href":"https:\/\/pararepublique.com\/index.php\/wp-json\/wp\/v2\/comments?post=14940"}],"version-history":[{"count":2,"href":"https:\/\/pararepublique.com\/index.php\/wp-json\/wp\/v2\/product\/14940\/revisions"}],"predecessor-version":[{"id":14943,"href":"https:\/\/pararepublique.com\/index.php\/wp-json\/wp\/v2\/product\/14940\/revisions\/14943"}],"wp:featuredmedia":[{"embeddable":true,"href":"https:\/\/pararepublique.com\/index.php\/wp-json\/wp\/v2\/media\/14941"}],"wp:attachment":[{"href":"https:\/\/pararepublique.com\/index.php\/wp-json\/wp\/v2\/media?parent=14940"}],"wp:term":[{"taxonomy":"product_cat","embeddable":true,"href":"https:\/\/pararepublique.com\/index.php\/wp-json\/wp\/v2\/product_cat?post=14940"},{"taxonomy":"product_tag","embeddable":true,"href":"https:\/\/pararepublique.com\/index.php\/wp-json\/wp\/v2\/product_tag?post=14940"}],"curies":[{"name":"wp","href":"https:\/\/api.w.org\/{rel}","templated":true}]}}