{"id":14944,"date":"2024-12-20T11:21:18","date_gmt":"2024-12-20T11:21:18","guid":{"rendered":"https:\/\/pararepublique.com\/?post_type=product&#038;p=14944"},"modified":"2024-12-20T11:21:18","modified_gmt":"2024-12-20T11:21:18","slug":"parfum-valentino-valentina","status":"publish","type":"product","link":"https:\/\/pararepublique.com\/index.php\/product\/parfum-valentino-valentina\/","title":{"rendered":"PARFUM VALENTINO VALENTINA"},"content":{"rendered":"<div id=\"product-ai-benefits\" class=\"\">\n<div class=\"benefit-detail mb-5\">\n<div class=\"heading-sec\">\n<h2 class=\"dark-text fw-700\">Caract\u00e9ristiques et avantages<\/h2>\n<\/div>\n<div class=\"product-benefit-points mt-4 pt-2\">\n<ul>\n<li>Fra\u00eecheur exub\u00e9rante de la bergamote calabraise<\/li>\n<li>Torsion inattendue de la truffe blanche Alba<\/li>\n<li>Beaut\u00e9 iconique d&rsquo;un bouquet floral blanc<\/li>\n<li>Subtil baiser de fraise des bois<\/li>\n<li>Sensualit\u00e9 captivante de l&rsquo;ambre<\/li>\n<li>Noble signature de Cedar<\/li>\n<\/ul>\n<\/div>\n<\/div>\n<\/div>\n","protected":false},"excerpt":{"rendered":"<p>Valentino Valentina Eau De Parfum Spray incarne une h\u00e9riti\u00e8re italienne rebelle qui nous pousse dans sa qu\u00eate pour d\u00e9couvrir la Dolce Vita italienne d&rsquo;aujourd&rsquo;hui avec une fra\u00eecheur totale, de l&rsquo;irr\u00e9v\u00e9rence et beaucoup d&rsquo;attitude<\/p>\n","protected":false},"featured_media":14945,"comment_status":"open","ping_status":"closed","template":"","meta":{"inline_featured_image":false,"_monsterinsights_skip_tracking":false,"_monsterinsights_sitenote_active":false,"_monsterinsights_sitenote_note":"","_monsterinsights_sitenote_category":0,"_joinchat":[]},"product_cat":[106],"product_tag":[],"class_list":{"0":"post-14944","1":"product","2":"type-product","3":"status-publish","4":"has-post-thumbnail","6":"product_cat-parfumerie","8":"first","9":"instock","10":"shipping-taxable","11":"purchasable","12":"product-type-simple","13":"add-to-wishlist-after_add_to_cart"},"aioseo_notices":[],"_links":{"self":[{"href":"https:\/\/pararepublique.com\/index.php\/wp-json\/wp\/v2\/product\/14944","targetHints":{"allow":["GET"]}}],"collection":[{"href":"https:\/\/pararepublique.com\/index.php\/wp-json\/wp\/v2\/product"}],"about":[{"href":"https:\/\/pararepublique.com\/index.php\/wp-json\/wp\/v2\/types\/product"}],"replies":[{"embeddable":true,"href":"https:\/\/pararepublique.com\/index.php\/wp-json\/wp\/v2\/comments?post=14944"}],"version-history":[{"count":1,"href":"https:\/\/pararepublique.com\/index.php\/wp-json\/wp\/v2\/product\/14944\/revisions"}],"predecessor-version":[{"id":14946,"href":"https:\/\/pararepublique.com\/index.php\/wp-json\/wp\/v2\/product\/14944\/revisions\/14946"}],"wp:featuredmedia":[{"embeddable":true,"href":"https:\/\/pararepublique.com\/index.php\/wp-json\/wp\/v2\/media\/14945"}],"wp:attachment":[{"href":"https:\/\/pararepublique.com\/index.php\/wp-json\/wp\/v2\/media?parent=14944"}],"wp:term":[{"taxonomy":"product_cat","embeddable":true,"href":"https:\/\/pararepublique.com\/index.php\/wp-json\/wp\/v2\/product_cat?post=14944"},{"taxonomy":"product_tag","embeddable":true,"href":"https:\/\/pararepublique.com\/index.php\/wp-json\/wp\/v2\/product_tag?post=14944"}],"curies":[{"name":"wp","href":"https:\/\/api.w.org\/{rel}","templated":true}]}}