{"id":14947,"date":"2024-12-20T11:44:26","date_gmt":"2024-12-20T11:44:26","guid":{"rendered":"https:\/\/pararepublique.com\/?post_type=product&#038;p=14947"},"modified":"2024-12-20T11:44:27","modified_gmt":"2024-12-20T11:44:27","slug":"parfum-very-irresistible-75ml","status":"publish","type":"product","link":"https:\/\/pararepublique.com\/index.php\/product\/parfum-very-irresistible-75ml\/","title":{"rendered":"PARFUM VERY IRRESISTIBLE 75ML"},"content":{"rendered":"<p>Dans la droite lign\u00e9e de l&rsquo;Eau de Toilette, Very Irr\u00e9sistible Givenchy Sensuelle Eau de Parfum est une fragrance \u00e9clatante, lumineuse qui livre une nouvelle interpr\u00e9tation plus voluptueuse et plus vibrante de la fragrance. La rose Liv Tyler, cr\u00e9\u00e9e sp\u00e9cialement pour cet \u00e9v\u00e9nement, illumine avec finesse et vivacit\u00e9 le merveilleux bouquet \u00e0 5 roses.<\/p>\n<p>Tout en notes velout\u00e9es et carressantes, son l\u00e9ger parfum pomme-poire lui donne un petit c\u00eat\u00e9 d\u00e9licieusement juicy, gai et savoureux. Cette brass\u00e9e de roses est twist\u00e9e par un accord aromatique unique : l&rsquo;Anis Etoil\u00e9, au parfum d&rsquo;herbe enesoleill\u00e9. Complice Chic et inattendu, une essence bois\u00e9e joue les guest-stars en arri\u00e8re plan : le patchouli. Il d\u00e9ploie sa sensualit\u00e9 raffin\u00e9e, affirm\u00e9e, et rebondit avec l\u00e9g\u00e8ret\u00e9 sur un fond chaleureux de notes vanill\u00e9es. Very Irr\u00e9sistible Givenchy Eau de Parfum Sensuelle, une fragrance infiniment f\u00e9minine, un parfum au glamour \u00e0 fleur de peau et au chic irr\u00e9sistible<\/p>\n","protected":false},"excerpt":{"rendered":"<div class=\"col-lg-4 caracts\"><strong>Pyramide olfactive<\/strong>Note de t\u00eate : Notes fruit\u00e9es, Anis \u00e9toil\u00e9, Pomme verte, Poire<\/p>\n<p>Type : Fruit\u00e9, Floral<\/p>\n<p>Note de fond : Vanille, Patchouli<\/p>\n<p>Note de coeur : Accord rose, Rose liv tyler, Rose, Magnolia, Pivoine<\/p>\n<\/div>\n","protected":false},"featured_media":14948,"comment_status":"open","ping_status":"closed","template":"","meta":{"inline_featured_image":false,"_monsterinsights_skip_tracking":false,"_monsterinsights_sitenote_active":false,"_monsterinsights_sitenote_note":"","_monsterinsights_sitenote_category":0,"_joinchat":[]},"product_cat":[106],"product_tag":[],"class_list":{"0":"post-14947","1":"product","2":"type-product","3":"status-publish","4":"has-post-thumbnail","6":"product_cat-parfumerie","8":"first","9":"instock","10":"shipping-taxable","11":"purchasable","12":"product-type-simple","13":"add-to-wishlist-after_add_to_cart"},"aioseo_notices":[],"_links":{"self":[{"href":"https:\/\/pararepublique.com\/index.php\/wp-json\/wp\/v2\/product\/14947","targetHints":{"allow":["GET"]}}],"collection":[{"href":"https:\/\/pararepublique.com\/index.php\/wp-json\/wp\/v2\/product"}],"about":[{"href":"https:\/\/pararepublique.com\/index.php\/wp-json\/wp\/v2\/types\/product"}],"replies":[{"embeddable":true,"href":"https:\/\/pararepublique.com\/index.php\/wp-json\/wp\/v2\/comments?post=14947"}],"version-history":[{"count":1,"href":"https:\/\/pararepublique.com\/index.php\/wp-json\/wp\/v2\/product\/14947\/revisions"}],"predecessor-version":[{"id":14949,"href":"https:\/\/pararepublique.com\/index.php\/wp-json\/wp\/v2\/product\/14947\/revisions\/14949"}],"wp:featuredmedia":[{"embeddable":true,"href":"https:\/\/pararepublique.com\/index.php\/wp-json\/wp\/v2\/media\/14948"}],"wp:attachment":[{"href":"https:\/\/pararepublique.com\/index.php\/wp-json\/wp\/v2\/media?parent=14947"}],"wp:term":[{"taxonomy":"product_cat","embeddable":true,"href":"https:\/\/pararepublique.com\/index.php\/wp-json\/wp\/v2\/product_cat?post=14947"},{"taxonomy":"product_tag","embeddable":true,"href":"https:\/\/pararepublique.com\/index.php\/wp-json\/wp\/v2\/product_tag?post=14947"}],"curies":[{"name":"wp","href":"https:\/\/api.w.org\/{rel}","templated":true}]}}