{"id":14950,"date":"2024-12-20T11:48:09","date_gmt":"2024-12-20T11:48:09","guid":{"rendered":"https:\/\/pararepublique.com\/?post_type=product&#038;p=14950"},"modified":"2024-12-20T11:48:10","modified_gmt":"2024-12-20T11:48:10","slug":"parfum-very-irresistible-live-75ml","status":"publish","type":"product","link":"https:\/\/pararepublique.com\/index.php\/product\/parfum-very-irresistible-live-75ml\/","title":{"rendered":"PARFUM VERY IRRESISTIBLE LIVE 75ML"},"content":{"rendered":"<p>Apportons une touche d&rsquo;Extra dans l&rsquo;ordinaire.<\/p>\n<p>La recette du Bonheur ? Carpe Diem ! Vivez, osez, laissez-vous guider par un instinct et vous serez tout simplement irr\u00e9sisitbile !<\/p>\n<p>Irr\u00e9sistible ? Espi\u00e8gle et effront\u00e9e, vous entreprenez tout avec une joie de vivre in\u00e9puisable ! Ultra trendy et urbaine rien ne vous r\u00e9siste.<\/p>\n<p>Je savoure le moment !<\/p>\n<p>Un floral fruit\u00e9 \u00e9pic\u00e9 ! Live Irr\u00e9sistible est un v\u00e9ritable tourbillon de vie. Une nouvelle fragrance un rien effront\u00e9e<\/p>\n","protected":false},"excerpt":{"rendered":"<p>N\u2019attendez pas demain pour \u00eatre irr\u00e9sistible !<\/p>\n<p>Votre humeur: Happy et Irr\u00e9sistible.<br \/>\nVotre devise: Profiter de chaque instant.<br \/>\nVotre parfum: Un floral fruit\u00e9 malicieusement \u00e9pic\u00e9, aussi p\u00e9tillant qu&rsquo;un \u00e9clat de rire.<\/p>\n","protected":false},"featured_media":14951,"comment_status":"open","ping_status":"closed","template":"","meta":{"inline_featured_image":false,"_monsterinsights_skip_tracking":false,"_monsterinsights_sitenote_active":false,"_monsterinsights_sitenote_note":"","_monsterinsights_sitenote_category":0,"_joinchat":[]},"product_cat":[106],"product_tag":[],"class_list":{"0":"post-14950","1":"product","2":"type-product","3":"status-publish","4":"has-post-thumbnail","6":"product_cat-parfumerie","8":"first","9":"instock","10":"shipping-taxable","11":"purchasable","12":"product-type-simple","13":"add-to-wishlist-after_add_to_cart"},"aioseo_notices":[],"_links":{"self":[{"href":"https:\/\/pararepublique.com\/index.php\/wp-json\/wp\/v2\/product\/14950","targetHints":{"allow":["GET"]}}],"collection":[{"href":"https:\/\/pararepublique.com\/index.php\/wp-json\/wp\/v2\/product"}],"about":[{"href":"https:\/\/pararepublique.com\/index.php\/wp-json\/wp\/v2\/types\/product"}],"replies":[{"embeddable":true,"href":"https:\/\/pararepublique.com\/index.php\/wp-json\/wp\/v2\/comments?post=14950"}],"version-history":[{"count":2,"href":"https:\/\/pararepublique.com\/index.php\/wp-json\/wp\/v2\/product\/14950\/revisions"}],"predecessor-version":[{"id":14953,"href":"https:\/\/pararepublique.com\/index.php\/wp-json\/wp\/v2\/product\/14950\/revisions\/14953"}],"wp:featuredmedia":[{"embeddable":true,"href":"https:\/\/pararepublique.com\/index.php\/wp-json\/wp\/v2\/media\/14951"}],"wp:attachment":[{"href":"https:\/\/pararepublique.com\/index.php\/wp-json\/wp\/v2\/media?parent=14950"}],"wp:term":[{"taxonomy":"product_cat","embeddable":true,"href":"https:\/\/pararepublique.com\/index.php\/wp-json\/wp\/v2\/product_cat?post=14950"},{"taxonomy":"product_tag","embeddable":true,"href":"https:\/\/pararepublique.com\/index.php\/wp-json\/wp\/v2\/product_tag?post=14950"}],"curies":[{"name":"wp","href":"https:\/\/api.w.org\/{rel}","templated":true}]}}