{"id":14954,"date":"2024-12-20T11:53:47","date_gmt":"2024-12-20T11:53:47","guid":{"rendered":"https:\/\/pararepublique.com\/?post_type=product&#038;p=14954"},"modified":"2024-12-20T11:53:47","modified_gmt":"2024-12-20T11:53:47","slug":"parfum-very-irresistible-rose-80ml","status":"publish","type":"product","link":"https:\/\/pararepublique.com\/index.php\/product\/parfum-very-irresistible-rose-80ml\/","title":{"rendered":"PARFUM VERY IRRESISTIBLE ROSE 80ML"},"content":{"rendered":"","protected":false},"excerpt":{"rendered":"<p><b>Very Irresistible Bulgarian Rose<\/b> de <b>Givenchy<\/b> est un parfum Floral pour femme. <b>Very Irresistible Bulgarian Rose<\/b> a \u00e9t\u00e9 lanc\u00e9 en 2005.<\/p>\n","protected":false},"featured_media":14955,"comment_status":"open","ping_status":"closed","template":"","meta":{"inline_featured_image":false,"_monsterinsights_skip_tracking":false,"_monsterinsights_sitenote_active":false,"_monsterinsights_sitenote_note":"","_monsterinsights_sitenote_category":0,"_joinchat":[]},"product_cat":[106],"product_tag":[],"class_list":{"0":"post-14954","1":"product","2":"type-product","3":"status-publish","4":"has-post-thumbnail","6":"product_cat-parfumerie","8":"first","9":"instock","10":"shipping-taxable","11":"purchasable","12":"product-type-simple","13":"add-to-wishlist-after_add_to_cart"},"aioseo_notices":[],"_links":{"self":[{"href":"https:\/\/pararepublique.com\/index.php\/wp-json\/wp\/v2\/product\/14954","targetHints":{"allow":["GET"]}}],"collection":[{"href":"https:\/\/pararepublique.com\/index.php\/wp-json\/wp\/v2\/product"}],"about":[{"href":"https:\/\/pararepublique.com\/index.php\/wp-json\/wp\/v2\/types\/product"}],"replies":[{"embeddable":true,"href":"https:\/\/pararepublique.com\/index.php\/wp-json\/wp\/v2\/comments?post=14954"}],"version-history":[{"count":1,"href":"https:\/\/pararepublique.com\/index.php\/wp-json\/wp\/v2\/product\/14954\/revisions"}],"predecessor-version":[{"id":14956,"href":"https:\/\/pararepublique.com\/index.php\/wp-json\/wp\/v2\/product\/14954\/revisions\/14956"}],"wp:featuredmedia":[{"embeddable":true,"href":"https:\/\/pararepublique.com\/index.php\/wp-json\/wp\/v2\/media\/14955"}],"wp:attachment":[{"href":"https:\/\/pararepublique.com\/index.php\/wp-json\/wp\/v2\/media?parent=14954"}],"wp:term":[{"taxonomy":"product_cat","embeddable":true,"href":"https:\/\/pararepublique.com\/index.php\/wp-json\/wp\/v2\/product_cat?post=14954"},{"taxonomy":"product_tag","embeddable":true,"href":"https:\/\/pararepublique.com\/index.php\/wp-json\/wp\/v2\/product_tag?post=14954"}],"curies":[{"name":"wp","href":"https:\/\/api.w.org\/{rel}","templated":true}]}}