{"id":14960,"date":"2024-12-20T12:09:16","date_gmt":"2024-12-20T12:09:16","guid":{"rendered":"https:\/\/pararepublique.com\/?post_type=product&#038;p=14960"},"modified":"2024-12-20T12:09:17","modified_gmt":"2024-12-20T12:09:17","slug":"parfum-dolce-gabana","status":"publish","type":"product","link":"https:\/\/pararepublique.com\/index.php\/product\/parfum-dolce-gabana\/","title":{"rendered":"PARFUM DOLCE GABANA"},"content":{"rendered":"<p>L&rsquo;Eau de Parfum Intense The One pour homme apporte une nouvelle intensit\u00e9 saisissante \u00e0 la collection de parfums pour homme The One de Dolce &amp; Gabbana. Reprenant l&rsquo;h\u00e9ritage olfactif de l&rsquo;Eau de Toilette et de l&rsquo;Eau de Parfum The One pour homme, ainsi que de l&rsquo;Eau de Toilette Intense The One Grey, ce nouveau parfum masculin introduit une nouvelle forme de sophistication intemporelle qui renforce le magn\u00e9tisme irr\u00e9sistible de l&rsquo;homme qui le porte.<\/p>\n<p>LE PARFUM<br \/>\nL&rsquo;Eau de Parfum Intense The One pour homme puise son attrait magn\u00e9tique dans une audacieuse fusion des contraires. Intens\u00e9ment masculin, \u00e9nigmatique, mais authentique, ce parfum est un m\u00e9lange explosif de notes chaudes et dor\u00e9es de n\u00e9roli et de cuir noir intense, dans lequel le clair-obscur olfactif s&rsquo;exprime de fa\u00e7on \u00e9nigmatique.<\/p>\n<p>INGR\u00c9DIENTS :<br \/>\nLa fragrance r\u00e9v\u00e8le des notes lumineuses d&rsquo;essence de n\u00e9roli dor\u00e9, auxquelles se m\u00ealent le cypr\u00e8s frais et la cardamome chaude et aromatique. Un c\u0153ur de musc cachemire enrobe le n\u00e9roli de ses effluves bois\u00e9s et \u00e9pic\u00e9s. Le parfum se d\u00e9ploie ensuite en notes de fond envo\u00fbtantes pour d\u00e9voiler des notes fum\u00e9es de cuir noir intense, entrem\u00eal\u00e9es \u00e0 la douceur \u00e9pic\u00e9e du patchouli et aux accords raffin\u00e9s du ciste labdanum.<\/p>\n","protected":false},"excerpt":{"rendered":"<p>L&rsquo;Eau de Parfum Intense The One pour homme puise son attrait magn\u00e9tique dans une audacieuse fusion des contraires. Intens\u00e9ment masculin, \u00e9nigmatique, mais authentique, ce parfum est un m\u00e9lange explosif de notes chaudes et dor\u00e9es de n\u00e9roli et de cuir noir intense, dans lequel le clair-obscur olfactif s&rsquo;exprime de fa\u00e7on \u00e9nigmatique.<\/p>\n","protected":false},"featured_media":14961,"comment_status":"open","ping_status":"closed","template":"","meta":{"inline_featured_image":false,"_monsterinsights_skip_tracking":false,"_monsterinsights_sitenote_active":false,"_monsterinsights_sitenote_note":"","_monsterinsights_sitenote_category":0,"_joinchat":[]},"product_cat":[106],"product_tag":[],"class_list":{"0":"post-14960","1":"product","2":"type-product","3":"status-publish","4":"has-post-thumbnail","6":"product_cat-parfumerie","8":"first","9":"instock","10":"shipping-taxable","11":"purchasable","12":"product-type-simple","13":"add-to-wishlist-after_add_to_cart"},"aioseo_notices":[],"_links":{"self":[{"href":"https:\/\/pararepublique.com\/index.php\/wp-json\/wp\/v2\/product\/14960","targetHints":{"allow":["GET"]}}],"collection":[{"href":"https:\/\/pararepublique.com\/index.php\/wp-json\/wp\/v2\/product"}],"about":[{"href":"https:\/\/pararepublique.com\/index.php\/wp-json\/wp\/v2\/types\/product"}],"replies":[{"embeddable":true,"href":"https:\/\/pararepublique.com\/index.php\/wp-json\/wp\/v2\/comments?post=14960"}],"version-history":[{"count":1,"href":"https:\/\/pararepublique.com\/index.php\/wp-json\/wp\/v2\/product\/14960\/revisions"}],"predecessor-version":[{"id":14962,"href":"https:\/\/pararepublique.com\/index.php\/wp-json\/wp\/v2\/product\/14960\/revisions\/14962"}],"wp:featuredmedia":[{"embeddable":true,"href":"https:\/\/pararepublique.com\/index.php\/wp-json\/wp\/v2\/media\/14961"}],"wp:attachment":[{"href":"https:\/\/pararepublique.com\/index.php\/wp-json\/wp\/v2\/media?parent=14960"}],"wp:term":[{"taxonomy":"product_cat","embeddable":true,"href":"https:\/\/pararepublique.com\/index.php\/wp-json\/wp\/v2\/product_cat?post=14960"},{"taxonomy":"product_tag","embeddable":true,"href":"https:\/\/pararepublique.com\/index.php\/wp-json\/wp\/v2\/product_tag?post=14960"}],"curies":[{"name":"wp","href":"https:\/\/api.w.org\/{rel}","templated":true}]}}