{"id":14977,"date":"2024-12-20T13:16:38","date_gmt":"2024-12-20T13:16:38","guid":{"rendered":"https:\/\/pararepublique.com\/?post_type=product&#038;p=14977"},"modified":"2024-12-20T13:16:39","modified_gmt":"2024-12-20T13:16:39","slug":"parfum-carbotine-floralisme-50ml","status":"publish","type":"product","link":"https:\/\/pararepublique.com\/index.php\/product\/parfum-carbotine-floralisme-50ml\/","title":{"rendered":"PARFUM CARBOTINE FLORALISME 50ML"},"content":{"rendered":"<p><b>Cabotine Floralisme<\/b> de <b>Gr\u00e8s<\/b> est un parfum Floral fruit\u00e9 pour femme. <b>Cabotine Floralisme<\/b> a \u00e9t\u00e9 lanc\u00e9 en 2010. Le nez derri\u00e8re ce parfum est Thomas Fontaine. Les notes de t\u00eate sont Pomme rouge, P\u00eache, Pamplemousse, Yuzu et Limone Costa d&rsquo;Amalfi; les notes de coeur sont Prune, Rose, Jasmin et Muguet; les notes de fond sont Framboise, Ambre, Racine d&rsquo;iris et C\u00e8dre de Virginie.<\/p>\n","protected":false},"excerpt":{"rendered":"<p>\u00ab\u00a0Parfum floral fruit\u00e9 f\u00e9minin. Cr\u00e9\u00e9 sp\u00e9cialement pour repr\u00e9senter la femme qui ose \u00eatre \u00e0 la fois romantique et s\u00e9duisante. Le doux parfum de Cabotine Floralisme, de Gr\u00e8s, r\u00e9sulte du contact explosif entre des notes florales excentriques et fruit\u00e9es, maintenant un \u00e9quilibre parfait entre tendresse et audace. Sa l\u00e9g\u00e8ret\u00e9 le rend id\u00e9al pour \u00eatre port\u00e9 en toutes occasions de la vie quotidienne.\u00a0\u00bb<\/p>\n","protected":false},"featured_media":14978,"comment_status":"open","ping_status":"closed","template":"","meta":{"inline_featured_image":false,"_monsterinsights_skip_tracking":false,"_monsterinsights_sitenote_active":false,"_monsterinsights_sitenote_note":"","_monsterinsights_sitenote_category":0,"_joinchat":[]},"product_cat":[106],"product_tag":[],"class_list":{"0":"post-14977","1":"product","2":"type-product","3":"status-publish","4":"has-post-thumbnail","6":"product_cat-parfumerie","8":"first","9":"instock","10":"shipping-taxable","11":"purchasable","12":"product-type-simple","13":"add-to-wishlist-after_add_to_cart"},"aioseo_notices":[],"_links":{"self":[{"href":"https:\/\/pararepublique.com\/index.php\/wp-json\/wp\/v2\/product\/14977","targetHints":{"allow":["GET"]}}],"collection":[{"href":"https:\/\/pararepublique.com\/index.php\/wp-json\/wp\/v2\/product"}],"about":[{"href":"https:\/\/pararepublique.com\/index.php\/wp-json\/wp\/v2\/types\/product"}],"replies":[{"embeddable":true,"href":"https:\/\/pararepublique.com\/index.php\/wp-json\/wp\/v2\/comments?post=14977"}],"version-history":[{"count":1,"href":"https:\/\/pararepublique.com\/index.php\/wp-json\/wp\/v2\/product\/14977\/revisions"}],"predecessor-version":[{"id":14979,"href":"https:\/\/pararepublique.com\/index.php\/wp-json\/wp\/v2\/product\/14977\/revisions\/14979"}],"wp:featuredmedia":[{"embeddable":true,"href":"https:\/\/pararepublique.com\/index.php\/wp-json\/wp\/v2\/media\/14978"}],"wp:attachment":[{"href":"https:\/\/pararepublique.com\/index.php\/wp-json\/wp\/v2\/media?parent=14977"}],"wp:term":[{"taxonomy":"product_cat","embeddable":true,"href":"https:\/\/pararepublique.com\/index.php\/wp-json\/wp\/v2\/product_cat?post=14977"},{"taxonomy":"product_tag","embeddable":true,"href":"https:\/\/pararepublique.com\/index.php\/wp-json\/wp\/v2\/product_tag?post=14977"}],"curies":[{"name":"wp","href":"https:\/\/api.w.org\/{rel}","templated":true}]}}