{"id":14980,"date":"2024-12-20T13:19:55","date_gmt":"2024-12-20T13:19:55","guid":{"rendered":"https:\/\/pararepublique.com\/?post_type=product&#038;p=14980"},"modified":"2024-12-20T13:19:55","modified_gmt":"2024-12-20T13:19:55","slug":"parfum-cartier-baiser-vole-50ml","status":"publish","type":"product","link":"https:\/\/pararepublique.com\/index.php\/product\/parfum-cartier-baiser-vole-50ml\/","title":{"rendered":"PARFUM CARTIER BAISER VOLE 50ML"},"content":{"rendered":"<div id=\"tab-description\" class=\"woocommerce-Tabs-panel woocommerce-Tabs-panel--description panel entry-content active\" role=\"tabpanel\" aria-labelledby=\"tab-title-description\">\n<div class=\"electro-description clearfix\">\n<p>Laissez-vous surprendre par le parfum de marque\u00a0<strong>Parfum Femme Cartier Baiser Vole 50 ml<\/strong> et faites ressortir votre f\u00e9minit\u00e9 en portant ce <strong>parfum femme <\/strong><strong>100 % authentique<\/strong>. Sa composition unique exalte un parfum \u00e0 votre image. D\u00e9couvrez sans plus tarder nos produits <strong>Cartier 100 % authentiques<\/strong> !<\/p>\n<ul>\n<li>Capacit\u00e9: 50 ml<\/li>\n<li>Type: EDP (Eau de Parfum)<\/li>\n<li>Nom du parfum: Baiser Vole<\/li>\n<li>Genre: Femme<\/li>\n<\/ul>\n<\/div>\n<p>&nbsp;<\/p>\n<\/div>\n","protected":false},"excerpt":{"rendered":"<p>Parfum Femme Cartier Baiser Vole 50 ml. D\u00e9sormais disponible \u00e0 Dakar \u2013 S\u00e9n\u00e9gal \u00e0 un prix extraordinaire qui d\u00e9fie toute attente. \u00c9levez votre style de vie, red\u00e9finissez vos normes et plongez dans un monde de qualit\u00e9 sup\u00e9rieure<\/p>\n","protected":false},"featured_media":14981,"comment_status":"open","ping_status":"closed","template":"","meta":{"inline_featured_image":false,"_monsterinsights_skip_tracking":false,"_monsterinsights_sitenote_active":false,"_monsterinsights_sitenote_note":"","_monsterinsights_sitenote_category":0,"_joinchat":[]},"product_cat":[106],"product_tag":[],"class_list":{"0":"post-14980","1":"product","2":"type-product","3":"status-publish","4":"has-post-thumbnail","6":"product_cat-parfumerie","8":"first","9":"instock","10":"shipping-taxable","11":"purchasable","12":"product-type-simple","13":"add-to-wishlist-after_add_to_cart"},"aioseo_notices":[],"_links":{"self":[{"href":"https:\/\/pararepublique.com\/index.php\/wp-json\/wp\/v2\/product\/14980","targetHints":{"allow":["GET"]}}],"collection":[{"href":"https:\/\/pararepublique.com\/index.php\/wp-json\/wp\/v2\/product"}],"about":[{"href":"https:\/\/pararepublique.com\/index.php\/wp-json\/wp\/v2\/types\/product"}],"replies":[{"embeddable":true,"href":"https:\/\/pararepublique.com\/index.php\/wp-json\/wp\/v2\/comments?post=14980"}],"version-history":[{"count":2,"href":"https:\/\/pararepublique.com\/index.php\/wp-json\/wp\/v2\/product\/14980\/revisions"}],"predecessor-version":[{"id":14983,"href":"https:\/\/pararepublique.com\/index.php\/wp-json\/wp\/v2\/product\/14980\/revisions\/14983"}],"wp:featuredmedia":[{"embeddable":true,"href":"https:\/\/pararepublique.com\/index.php\/wp-json\/wp\/v2\/media\/14981"}],"wp:attachment":[{"href":"https:\/\/pararepublique.com\/index.php\/wp-json\/wp\/v2\/media?parent=14980"}],"wp:term":[{"taxonomy":"product_cat","embeddable":true,"href":"https:\/\/pararepublique.com\/index.php\/wp-json\/wp\/v2\/product_cat?post=14980"},{"taxonomy":"product_tag","embeddable":true,"href":"https:\/\/pararepublique.com\/index.php\/wp-json\/wp\/v2\/product_tag?post=14980"}],"curies":[{"name":"wp","href":"https:\/\/api.w.org\/{rel}","templated":true}]}}