{"id":14992,"date":"2024-12-20T13:28:37","date_gmt":"2024-12-20T13:28:37","guid":{"rendered":"https:\/\/pararepublique.com\/?post_type=product&#038;p=14992"},"modified":"2024-12-20T13:28:37","modified_gmt":"2024-12-20T13:28:37","slug":"parfum-chloe-edp-75ml","status":"publish","type":"product","link":"https:\/\/pararepublique.com\/index.php\/product\/parfum-chloe-edp-75ml\/","title":{"rendered":"PARFUM CHLOE EDP 75ML"},"content":{"rendered":"<p>Le parfum Chlo\u00e9 exprime la personnalit\u00e9 d&rsquo;une femme moderne, dot\u00e9e d&rsquo;un sens inn\u00e9 du chic. Naturellement sexy, elle affirme avec assurance son \u00e9l\u00e9gance et son ind\u00e9pendance. Chlo\u00e9 r\u00e9interpr\u00e8te la beaut\u00e9 classique de la rose et la magnifie en une eau florale et poudr\u00e9e, tour \u00e0 tour a\u00e9rienne et sensuelle, toujours s\u00e9duisante, v\u00e9ritablement addictive. Fra\u00eeches et printani\u00e8res, les premi\u00e8res notes \u00e9voluent en douceur et laissent la rose r\u00e9v\u00e9ler son caract\u00e8re intime et sensuel. En signature appara\u00eet le mariage d\u00e9licat du miel, de l&rsquo;ambre et du bois de c\u00e8dre.<\/p>\n","protected":false},"excerpt":{"rendered":"<p>Et si un parfum pouvait capturer tout l\u2019esprit de la femme Chlo\u00e9 ? Sa personnalit\u00e9 singuli\u00e8re et confiante, sa libert\u00e9 d\u2019esprit et son \u00e9l\u00e9gance inn\u00e9e ?<br \/>\nAinsi est n\u00e9e l\u2019Eau de Parfum Chlo\u00e9, une fragrance fra\u00eeche et f\u00e9minine.<\/p>\n<p>Notes de t\u00eate : Litchi<br \/>\nNotes de c\u0153ur : Essence de Rose Damascena<br \/>\nNotes de fond : Ambre<\/p>\n","protected":false},"featured_media":14993,"comment_status":"open","ping_status":"closed","template":"","meta":{"inline_featured_image":false,"_monsterinsights_skip_tracking":false,"_monsterinsights_sitenote_active":false,"_monsterinsights_sitenote_note":"","_monsterinsights_sitenote_category":0,"_joinchat":[]},"product_cat":[106],"product_tag":[],"class_list":{"0":"post-14992","1":"product","2":"type-product","3":"status-publish","4":"has-post-thumbnail","6":"product_cat-parfumerie","8":"first","9":"instock","10":"shipping-taxable","11":"purchasable","12":"product-type-simple","13":"add-to-wishlist-after_add_to_cart"},"aioseo_notices":[],"_links":{"self":[{"href":"https:\/\/pararepublique.com\/index.php\/wp-json\/wp\/v2\/product\/14992","targetHints":{"allow":["GET"]}}],"collection":[{"href":"https:\/\/pararepublique.com\/index.php\/wp-json\/wp\/v2\/product"}],"about":[{"href":"https:\/\/pararepublique.com\/index.php\/wp-json\/wp\/v2\/types\/product"}],"replies":[{"embeddable":true,"href":"https:\/\/pararepublique.com\/index.php\/wp-json\/wp\/v2\/comments?post=14992"}],"version-history":[{"count":1,"href":"https:\/\/pararepublique.com\/index.php\/wp-json\/wp\/v2\/product\/14992\/revisions"}],"predecessor-version":[{"id":14994,"href":"https:\/\/pararepublique.com\/index.php\/wp-json\/wp\/v2\/product\/14992\/revisions\/14994"}],"wp:featuredmedia":[{"embeddable":true,"href":"https:\/\/pararepublique.com\/index.php\/wp-json\/wp\/v2\/media\/14993"}],"wp:attachment":[{"href":"https:\/\/pararepublique.com\/index.php\/wp-json\/wp\/v2\/media?parent=14992"}],"wp:term":[{"taxonomy":"product_cat","embeddable":true,"href":"https:\/\/pararepublique.com\/index.php\/wp-json\/wp\/v2\/product_cat?post=14992"},{"taxonomy":"product_tag","embeddable":true,"href":"https:\/\/pararepublique.com\/index.php\/wp-json\/wp\/v2\/product_tag?post=14992"}],"curies":[{"name":"wp","href":"https:\/\/api.w.org\/{rel}","templated":true}]}}