{"id":14995,"date":"2024-12-20T13:47:29","date_gmt":"2024-12-20T13:47:29","guid":{"rendered":"https:\/\/pararepublique.com\/?post_type=product&#038;p=14995"},"modified":"2024-12-20T13:47:29","modified_gmt":"2024-12-20T13:47:29","slug":"parfum-chopard-love-edp-50ml","status":"publish","type":"product","link":"https:\/\/pararepublique.com\/index.php\/product\/parfum-chopard-love-edp-50ml\/","title":{"rendered":"PARFUM CHOPARD LOVE EDP 50ML"},"content":{"rendered":"<div class=\"electro-description clearfix\">\n<p>Laissez le <strong>Parfum Femme 100% original Chopard EDP Love Chopard (50 ml)<\/strong> vous surprendre et booster votre fe\u0301minite\u0301 avec ce <strong>parfum fe\u0301minin<\/strong> exclusif avec une senteur unique et personnelle. De\u0301couvrez les <strong>produits Chopard 100 % originaux<\/strong> !<\/p>\n<ul>\n<li>Sexe : Femme<\/li>\n<li>Capacite\u0301 : 50 ml<\/li>\n<li>Type : EDP (Eau de Parfum)<\/li>\n<li>Nom du parfum : Love Chopard<\/li>\n<\/ul>\n<\/div>\n","protected":false},"excerpt":{"rendered":"<p>Parfum Femme Chopard EDP Love Chopard (50 ml). D\u00e9sormais disponible \u00e0 Dakar \u2013 S\u00e9n\u00e9gal \u00e0 un prix extraordinaire qui d\u00e9fie toute attente. \u00c9levez votre style de vie, red\u00e9finissez vos normes et plongez dans un monde de qualit\u00e9 sup\u00e9rieure<\/p>\n","protected":false},"featured_media":14996,"comment_status":"open","ping_status":"closed","template":"","meta":{"inline_featured_image":false,"_monsterinsights_skip_tracking":false,"_monsterinsights_sitenote_active":false,"_monsterinsights_sitenote_note":"","_monsterinsights_sitenote_category":0,"_joinchat":[]},"product_cat":[106],"product_tag":[],"class_list":{"0":"post-14995","1":"product","2":"type-product","3":"status-publish","4":"has-post-thumbnail","6":"product_cat-parfumerie","8":"first","9":"instock","10":"shipping-taxable","11":"purchasable","12":"product-type-simple","13":"add-to-wishlist-after_add_to_cart"},"aioseo_notices":[],"_links":{"self":[{"href":"https:\/\/pararepublique.com\/index.php\/wp-json\/wp\/v2\/product\/14995","targetHints":{"allow":["GET"]}}],"collection":[{"href":"https:\/\/pararepublique.com\/index.php\/wp-json\/wp\/v2\/product"}],"about":[{"href":"https:\/\/pararepublique.com\/index.php\/wp-json\/wp\/v2\/types\/product"}],"replies":[{"embeddable":true,"href":"https:\/\/pararepublique.com\/index.php\/wp-json\/wp\/v2\/comments?post=14995"}],"version-history":[{"count":1,"href":"https:\/\/pararepublique.com\/index.php\/wp-json\/wp\/v2\/product\/14995\/revisions"}],"predecessor-version":[{"id":14997,"href":"https:\/\/pararepublique.com\/index.php\/wp-json\/wp\/v2\/product\/14995\/revisions\/14997"}],"wp:featuredmedia":[{"embeddable":true,"href":"https:\/\/pararepublique.com\/index.php\/wp-json\/wp\/v2\/media\/14996"}],"wp:attachment":[{"href":"https:\/\/pararepublique.com\/index.php\/wp-json\/wp\/v2\/media?parent=14995"}],"wp:term":[{"taxonomy":"product_cat","embeddable":true,"href":"https:\/\/pararepublique.com\/index.php\/wp-json\/wp\/v2\/product_cat?post=14995"},{"taxonomy":"product_tag","embeddable":true,"href":"https:\/\/pararepublique.com\/index.php\/wp-json\/wp\/v2\/product_tag?post=14995"}],"curies":[{"name":"wp","href":"https:\/\/api.w.org\/{rel}","templated":true}]}}