{"id":14998,"date":"2024-12-20T13:49:38","date_gmt":"2024-12-20T13:49:38","guid":{"rendered":"https:\/\/pararepublique.com\/?post_type=product&#038;p=14998"},"modified":"2024-12-20T13:49:39","modified_gmt":"2024-12-20T13:49:39","slug":"parfum-coco-chanel-100ml","status":"publish","type":"product","link":"https:\/\/pararepublique.com\/index.php\/product\/parfum-coco-chanel-100ml\/","title":{"rendered":"PARFUM COCO CHANEL 100ML"},"content":{"rendered":"<div class=\"product-short-description\">\n<p>COCO exprime l\u2019intensit\u00e9 du caract\u00e8re de Gabrielle Chanel et son go\u00fbt pour le baroque. Une symphonie orientale luxuriante qui r\u00e9v\u00e8le progressivement ses notes contrast\u00e9es.<\/p>\n<p>Une composition luxuriante aux notes contrast\u00e9es.<br \/>\nLa fragrance s\u2019ouvre sur une note hesp\u00e9rid\u00e9e de mandarine de Sicile, et d\u00e9voile un c\u0153ur voluptueux d\u2019absolue de jasmin, exalt\u00e9 de touches d\u2019ylang-ylang des Comores et de fleur d\u2019oranger de Tunisie. Une harmonie captivante qui laisse derri\u00e8re elle un sillage vibrant de patchouli d\u2019Indon\u00e9sie, de f\u00e8ve tonka, et de benjoin.<\/p>\n<\/div>\n","protected":false},"excerpt":{"rendered":"<p>Une composition luxuriante aux notes contrast\u00e9es.<br \/>\nLa fragrance s\u2019ouvre sur une note hesp\u00e9rid\u00e9e de mandarine de Sicile, et d\u00e9voile un coeur voluptueux d\u2019absolue de jasmin, exalt\u00e9 de touches d\u2019ylang-ylang des Comores et de fleur d\u2019oranger de Tunisie.<br \/>\nUne harmonie captivante qui laisse derri\u00e8re elle un sillage vibrant de patchouli d\u2019Indon\u00e9sie, de f\u00e8ve tonka, et de benjoin.<\/p>\n","protected":false},"featured_media":14999,"comment_status":"open","ping_status":"closed","template":"","meta":{"inline_featured_image":false,"_monsterinsights_skip_tracking":false,"_monsterinsights_sitenote_active":false,"_monsterinsights_sitenote_note":"","_monsterinsights_sitenote_category":0,"_joinchat":[]},"product_cat":[106],"product_tag":[],"class_list":{"0":"post-14998","1":"product","2":"type-product","3":"status-publish","4":"has-post-thumbnail","6":"product_cat-parfumerie","8":"first","9":"instock","10":"shipping-taxable","11":"purchasable","12":"product-type-simple","13":"add-to-wishlist-after_add_to_cart"},"aioseo_notices":[],"_links":{"self":[{"href":"https:\/\/pararepublique.com\/index.php\/wp-json\/wp\/v2\/product\/14998","targetHints":{"allow":["GET"]}}],"collection":[{"href":"https:\/\/pararepublique.com\/index.php\/wp-json\/wp\/v2\/product"}],"about":[{"href":"https:\/\/pararepublique.com\/index.php\/wp-json\/wp\/v2\/types\/product"}],"replies":[{"embeddable":true,"href":"https:\/\/pararepublique.com\/index.php\/wp-json\/wp\/v2\/comments?post=14998"}],"version-history":[{"count":2,"href":"https:\/\/pararepublique.com\/index.php\/wp-json\/wp\/v2\/product\/14998\/revisions"}],"predecessor-version":[{"id":15001,"href":"https:\/\/pararepublique.com\/index.php\/wp-json\/wp\/v2\/product\/14998\/revisions\/15001"}],"wp:featuredmedia":[{"embeddable":true,"href":"https:\/\/pararepublique.com\/index.php\/wp-json\/wp\/v2\/media\/14999"}],"wp:attachment":[{"href":"https:\/\/pararepublique.com\/index.php\/wp-json\/wp\/v2\/media?parent=14998"}],"wp:term":[{"taxonomy":"product_cat","embeddable":true,"href":"https:\/\/pararepublique.com\/index.php\/wp-json\/wp\/v2\/product_cat?post=14998"},{"taxonomy":"product_tag","embeddable":true,"href":"https:\/\/pararepublique.com\/index.php\/wp-json\/wp\/v2\/product_tag?post=14998"}],"curies":[{"name":"wp","href":"https:\/\/api.w.org\/{rel}","templated":true}]}}