{"id":15002,"date":"2024-12-20T13:53:03","date_gmt":"2024-12-20T13:53:03","guid":{"rendered":"https:\/\/pararepublique.com\/?post_type=product&#038;p=15002"},"modified":"2024-12-20T13:53:03","modified_gmt":"2024-12-20T13:53:03","slug":"parfum-coffret-5-th-avenue","status":"publish","type":"product","link":"https:\/\/pararepublique.com\/index.php\/product\/parfum-coffret-5-th-avenue\/","title":{"rendered":"PARFUM COFFRET 5 TH AVENUE"},"content":{"rendered":"<p>Coffret 5th Avenue EDP 125ml + Lait Corps 100ml5th Avenue, hommage raffin\u00e9 et \u00e9l\u00e9gant \u00e0 l&rsquo;\u00e9nergie de la plus belle rue du monde.5th Avenue &#8211; centre n\u00e9vralgique de New York City &#8211; se trouve au coeur de cette frargance. En perp\u00e9tuel changement, mais immuable 5th Avenue est une histoire d&rsquo;\u00e9nergie, d&rsquo;excitation, de sophistication, d&rsquo;\u00e9l\u00e9gance, de r\u00eaves \u00e0 r\u00e9aliser. C&rsquo;est tout cela que raconte le bouquet fleuri raffin\u00e9 de 5th Avenue, une histoire d&rsquo;\u00e9nergie,l&rsquo;excitation de New-York tout en restant f\u00e9minine et luxueuse.La singularit\u00e9 de ce parfum r\u00e9side dans son vaste bouquet floral vibrant et lumineux, aux subtiles notes hesp\u00e9rid\u00e9es et au fond sensuel. Toute une d\u00e9claration de principes, o\u00f9 la f\u00e9minit\u00e9 bat au rythme effr\u00e9n\u00e9 de la grande ville, de mani\u00e8re somptueuse, radieuse et \u00e9l\u00e9gante.Le premier moment de la fragrance offre une caresse de lilas, fleurs de tilleul et d\u00e9licats magnolias, accompagn\u00e9s de notes de mandarine et bergamote, lui donnant un caract\u00e8re tr\u00e8s f\u00e9minin, frais et vibrant. Pass\u00e9es les premi\u00e8res minutes, cette fragrance c\u00e8de le pas \u00e0 un somptueux c\u0153ur floral de roses de Bulgarie et de notes sucr\u00e9es de p\u00eache, donnant naissance \u00e0 un halo exotique sans \u00e9gal, avec le clou de girofle et la noix de muscade.L\u2019ambre chaud et l\u2019exquis musc tib\u00e9tain closent cette cr\u00e9ation f\u00e9minine, con\u00e7ue pour toutes les femmes triomphant personnellement et professionnellement.<\/p>\n","protected":false},"excerpt":{"rendered":"<p>Embl\u00e9matique, stimulante et urbaine 5th AVENUE d\u2019Elizabeth Arden est une eau de parfum inspir\u00e9e du style cosmopolite de la 5\u00e8me Avenue, l\u2019une des rues les plus c\u00e9l\u00e8bres de New York. La singularit\u00e9 de ce parfum r\u00e9side dans son vaste bouquet floral vibrant et lumineux, aux subtiles notes hesp\u00e9rid\u00e9es et au fond sensuel. Toute une d\u00e9claration de principes, o\u00f9 la f\u00e9minit\u00e9 bat au rythme effr\u00e9n\u00e9 de la grande ville, de mani\u00e8re somptueuse, radieuse et \u00e9l\u00e9gante.<br \/>\nLe coffret contient: 1 Eau de parfum 125ml + lotion corps 100ml.<\/p>\n<p>&nbsp;<\/p>\n","protected":false},"featured_media":15003,"comment_status":"open","ping_status":"closed","template":"","meta":{"inline_featured_image":false,"_monsterinsights_skip_tracking":false,"_monsterinsights_sitenote_active":false,"_monsterinsights_sitenote_note":"","_monsterinsights_sitenote_category":0,"_joinchat":[]},"product_cat":[106],"product_tag":[],"class_list":{"0":"post-15002","1":"product","2":"type-product","3":"status-publish","4":"has-post-thumbnail","6":"product_cat-parfumerie","8":"first","9":"instock","10":"shipping-taxable","11":"purchasable","12":"product-type-simple","13":"add-to-wishlist-after_add_to_cart"},"aioseo_notices":[],"_links":{"self":[{"href":"https:\/\/pararepublique.com\/index.php\/wp-json\/wp\/v2\/product\/15002","targetHints":{"allow":["GET"]}}],"collection":[{"href":"https:\/\/pararepublique.com\/index.php\/wp-json\/wp\/v2\/product"}],"about":[{"href":"https:\/\/pararepublique.com\/index.php\/wp-json\/wp\/v2\/types\/product"}],"replies":[{"embeddable":true,"href":"https:\/\/pararepublique.com\/index.php\/wp-json\/wp\/v2\/comments?post=15002"}],"version-history":[{"count":2,"href":"https:\/\/pararepublique.com\/index.php\/wp-json\/wp\/v2\/product\/15002\/revisions"}],"predecessor-version":[{"id":15005,"href":"https:\/\/pararepublique.com\/index.php\/wp-json\/wp\/v2\/product\/15002\/revisions\/15005"}],"wp:featuredmedia":[{"embeddable":true,"href":"https:\/\/pararepublique.com\/index.php\/wp-json\/wp\/v2\/media\/15003"}],"wp:attachment":[{"href":"https:\/\/pararepublique.com\/index.php\/wp-json\/wp\/v2\/media?parent=15002"}],"wp:term":[{"taxonomy":"product_cat","embeddable":true,"href":"https:\/\/pararepublique.com\/index.php\/wp-json\/wp\/v2\/product_cat?post=15002"},{"taxonomy":"product_tag","embeddable":true,"href":"https:\/\/pararepublique.com\/index.php\/wp-json\/wp\/v2\/product_tag?post=15002"}],"curies":[{"name":"wp","href":"https:\/\/api.w.org\/{rel}","templated":true}]}}