{"id":15006,"date":"2024-12-20T13:56:05","date_gmt":"2024-12-20T13:56:05","guid":{"rendered":"https:\/\/pararepublique.com\/?post_type=product&#038;p=15006"},"modified":"2024-12-20T13:56:05","modified_gmt":"2024-12-20T13:56:05","slug":"parfum-coffret-angel-muse","status":"publish","type":"product","link":"https:\/\/pararepublique.com\/index.php\/product\/parfum-coffret-angel-muse\/","title":{"rendered":"PARFUM COFFRET ANGEL MUSE"},"content":{"rendered":"<div class=\"elementor-element elementor-element-zcxihfz elementor-widget elementor-widget-heading\" data-id=\"zcxihfz\" data-element_type=\"heading.default\">\n<div class=\"elementor-widget-container\">\n<h2 class=\"elementor-heading-title elementor-size-default\">Angel Muse en Coffret Eau de Parfum MUGLER<\/h2>\n<\/div>\n<\/div>\n<div class=\"elementor-element elementor-element-dtzuqko elementor-widget elementor-widget-text-editor\" data-id=\"dtzuqko\" data-element_type=\"text-editor.default\">\n<div class=\"elementor-widget-container\">\n<div class=\"elementor-text-editor elementor-clearfix\">\n<p>Retrouvez la derni\u00e8re \u00e9toile de la galaxie Angel,\u00a0<a title=\"Angel Muse Eau de Parfum Femme THIERRY MUGLER\" href=\"https:\/\/www.parfumerie-burdin.com\/thierry-mugler-angel-muse-eau-de-parfum-prd3330.html\" target=\"_blank\" rel=\"follow noopener\">Angel MUSE<\/a>, et son duo cr\u00e8me de noisettes-v\u00e9tiver au sein d&rsquo;un coffret in\u00e9dit. Son flacon en forme de galet cosmique \u00e9pur\u00e9 est \u00e0 retrouver ici en format 50ML et en miniature.<\/p>\n<p>Angel Muse, l&rsquo;eau de parfum de Thierry mugler est une \u00f4de \u00e0 l&rsquo;inspiration et \u00e0 la cr\u00e9ativit\u00e9. Senteur \u00e0 la fois gourmande et sensuelle, Angel Muse s&rsquo;approprie les notes olfactives d&rsquo;Angel et leur donne corps avec des notes vibrantes de vetiver et de noisettes.<\/p>\n<\/div>\n<\/div>\n<\/div>\n","protected":false},"excerpt":{"rendered":"<p>Retrouvez la derni\u00e8re \u00e9toile de la galaxie Angel,\u00a0<a title=\"Angel Muse Eau de Parfum Femme THIERRY MUGLER\" href=\"https:\/\/www.parfumerie-burdin.com\/thierry-mugler-angel-muse-eau-de-parfum-prd3330.html\" target=\"_blank\" rel=\"follow noopener\">Angel MUSE<\/a>, et son duo cr\u00e8me de noisettes-v\u00e9tiver au sein d&rsquo;un coffret in\u00e9dit. Son flacon en forme de galet cosmique \u00e9pur\u00e9 est \u00e0 retrouver ici en format 50ML et en miniature.<\/p>\n","protected":false},"featured_media":15007,"comment_status":"open","ping_status":"closed","template":"","meta":{"inline_featured_image":false,"_monsterinsights_skip_tracking":false,"_monsterinsights_sitenote_active":false,"_monsterinsights_sitenote_note":"","_monsterinsights_sitenote_category":0,"_joinchat":[]},"product_cat":[106],"product_tag":[],"class_list":{"0":"post-15006","1":"product","2":"type-product","3":"status-publish","4":"has-post-thumbnail","6":"product_cat-parfumerie","8":"first","9":"instock","10":"shipping-taxable","11":"purchasable","12":"product-type-simple","13":"add-to-wishlist-after_add_to_cart"},"aioseo_notices":[],"_links":{"self":[{"href":"https:\/\/pararepublique.com\/index.php\/wp-json\/wp\/v2\/product\/15006","targetHints":{"allow":["GET"]}}],"collection":[{"href":"https:\/\/pararepublique.com\/index.php\/wp-json\/wp\/v2\/product"}],"about":[{"href":"https:\/\/pararepublique.com\/index.php\/wp-json\/wp\/v2\/types\/product"}],"replies":[{"embeddable":true,"href":"https:\/\/pararepublique.com\/index.php\/wp-json\/wp\/v2\/comments?post=15006"}],"version-history":[{"count":2,"href":"https:\/\/pararepublique.com\/index.php\/wp-json\/wp\/v2\/product\/15006\/revisions"}],"predecessor-version":[{"id":15009,"href":"https:\/\/pararepublique.com\/index.php\/wp-json\/wp\/v2\/product\/15006\/revisions\/15009"}],"wp:featuredmedia":[{"embeddable":true,"href":"https:\/\/pararepublique.com\/index.php\/wp-json\/wp\/v2\/media\/15007"}],"wp:attachment":[{"href":"https:\/\/pararepublique.com\/index.php\/wp-json\/wp\/v2\/media?parent=15006"}],"wp:term":[{"taxonomy":"product_cat","embeddable":true,"href":"https:\/\/pararepublique.com\/index.php\/wp-json\/wp\/v2\/product_cat?post=15006"},{"taxonomy":"product_tag","embeddable":true,"href":"https:\/\/pararepublique.com\/index.php\/wp-json\/wp\/v2\/product_tag?post=15006"}],"curies":[{"name":"wp","href":"https:\/\/api.w.org\/{rel}","templated":true}]}}