{"id":15010,"date":"2024-12-20T13:58:24","date_gmt":"2024-12-20T13:58:24","guid":{"rendered":"https:\/\/pararepublique.com\/?post_type=product&#038;p=15010"},"modified":"2024-12-20T13:58:24","modified_gmt":"2024-12-20T13:58:24","slug":"coffret-acqua-di-gio-parfum-de-digioia-armani-kapao","status":"publish","type":"product","link":"https:\/\/pararepublique.com\/index.php\/product\/coffret-acqua-di-gio-parfum-de-digioia-armani-kapao\/","title":{"rendered":"COFFRET ACQUA DI GIO  PARFUM DE  DIGIOIA ARMANI KAPAO"},"content":{"rendered":"<p>D\u00e9couvrez Acqua di G\u00eco Eau de Parfum de Giorgio Armani<br \/>\nCette ann\u00e9e, c\u00e9l\u00e9brez la f\u00eate des P\u00e8res en rendant hommage \u00e0 l&rsquo;h\u00e9ritage couture d&rsquo;Armani Beauty. D\u00e9couvrez le coffret exclusif Acqua di G\u00eco Eau de Parfum. Ce coffret en \u00e9dition limit\u00e9e est un cadeau parfait pour l&rsquo;homme qui m\u00e9rite la perfection, tout comme le parfum qui l&rsquo;enveloppe.<br \/>\nGiorgio Armani Acqua di G\u00eco Eau de Parfum est un d\u00e9licieux parfum masculin et frais, aux notes marines, pour l&rsquo;homme \u00e0 la recherche de fra\u00eecheur et de masculinit\u00e9. Ce parfum pour homme est frais et sensuel, avec des notes de parfum telles que la bergamote, le ciste et des notes de nuances aquatiques. Acqua di G\u00eco est inspir\u00e9 de la mer, de la chaleur du soleil et de la richesse de la terre. Un parfum moderne et intense qui \u00e9veille les sens.<\/p>\n<p>Contenu du coffret<br \/>\nAcqua di G\u00eco Eau de Parfum de Giorgio Armani \u2013 100 ml<br \/>\nAcqua di G\u00eco Eau de Parfum de Giorgio Armani spray de voyage \u2013 15 ml<br \/>\nNotes olfactives<br \/>\nFamille olfactive : aquatique &amp; bois\u00e9<br \/>\nNotes de t\u00eate : bergamote<br \/>\nNotes de c\u0153ur : g\u00e9ranium<br \/>\nNotes de fond : patchouli<br \/>\nAquatique et authentique<br \/>\nAcqua di G\u00eco Parfum enchante les sens avec un m\u00e9lange rafra\u00eechissant et sophistiqu\u00e9 de bergamote, de g\u00e9ranium et de patchouli. La note de t\u00eate de bergamote offre un d\u00e9part p\u00e9tillant et hesp\u00e9rid\u00e9, tandis que le c\u0153ur de g\u00e9ranium ajoute une dimension florale et \u00e9pic\u00e9e. La note de fond de patchouli apporte une chaleur et une profondeur terrestres, cr\u00e9ant une fragrance intemporelle et irr\u00e9sistible, \u00e0 la fois vivifiante et s\u00e9duisante.<\/p>\n","protected":false},"excerpt":{"rendered":"<p>D\u00e9couvrez Acqua di G\u00eco Eau de Parfum de Giorgio Armani<br \/>\nCette ann\u00e9e, c\u00e9l\u00e9brez la f\u00eate des P\u00e8res en rendant hommage \u00e0 l&rsquo;h\u00e9ritage couture d&rsquo;Armani Beauty. D\u00e9couvrez le coffret exclusif Acqua di G\u00eco Eau de Parfum. Ce coffret en \u00e9dition limit\u00e9e est un cadeau parfait pour l&rsquo;homme qui m\u00e9rite la perfection, tout comme le parfum qui l&rsquo;enveloppe.<\/p>\n","protected":false},"featured_media":15011,"comment_status":"open","ping_status":"closed","template":"","meta":{"inline_featured_image":false,"_monsterinsights_skip_tracking":false,"_monsterinsights_sitenote_active":false,"_monsterinsights_sitenote_note":"","_monsterinsights_sitenote_category":0,"_joinchat":[]},"product_cat":[106],"product_tag":[],"class_list":{"0":"post-15010","1":"product","2":"type-product","3":"status-publish","4":"has-post-thumbnail","6":"product_cat-parfumerie","8":"first","9":"instock","10":"shipping-taxable","11":"purchasable","12":"product-type-simple","13":"add-to-wishlist-after_add_to_cart"},"aioseo_notices":[],"_links":{"self":[{"href":"https:\/\/pararepublique.com\/index.php\/wp-json\/wp\/v2\/product\/15010","targetHints":{"allow":["GET"]}}],"collection":[{"href":"https:\/\/pararepublique.com\/index.php\/wp-json\/wp\/v2\/product"}],"about":[{"href":"https:\/\/pararepublique.com\/index.php\/wp-json\/wp\/v2\/types\/product"}],"replies":[{"embeddable":true,"href":"https:\/\/pararepublique.com\/index.php\/wp-json\/wp\/v2\/comments?post=15010"}],"version-history":[{"count":1,"href":"https:\/\/pararepublique.com\/index.php\/wp-json\/wp\/v2\/product\/15010\/revisions"}],"predecessor-version":[{"id":15012,"href":"https:\/\/pararepublique.com\/index.php\/wp-json\/wp\/v2\/product\/15010\/revisions\/15012"}],"wp:featuredmedia":[{"embeddable":true,"href":"https:\/\/pararepublique.com\/index.php\/wp-json\/wp\/v2\/media\/15011"}],"wp:attachment":[{"href":"https:\/\/pararepublique.com\/index.php\/wp-json\/wp\/v2\/media?parent=15010"}],"wp:term":[{"taxonomy":"product_cat","embeddable":true,"href":"https:\/\/pararepublique.com\/index.php\/wp-json\/wp\/v2\/product_cat?post=15010"},{"taxonomy":"product_tag","embeddable":true,"href":"https:\/\/pararepublique.com\/index.php\/wp-json\/wp\/v2\/product_tag?post=15010"}],"curies":[{"name":"wp","href":"https:\/\/api.w.org\/{rel}","templated":true}]}}