{"id":15013,"date":"2024-12-20T14:02:15","date_gmt":"2024-12-20T14:02:15","guid":{"rendered":"https:\/\/pararepublique.com\/?post_type=product&#038;p=15013"},"modified":"2024-12-20T14:02:16","modified_gmt":"2024-12-20T14:02:16","slug":"gres-coffret-cabotine-edt-lait","status":"publish","type":"product","link":"https:\/\/pararepublique.com\/index.php\/product\/gres-coffret-cabotine-edt-lait\/","title":{"rendered":"GRES COFFRET CABOTINE EDT +LAIT"},"content":{"rendered":"<div class=\"product-detail-info\">\n<div class=\"hbqjtcyY4DmGUU0ezjD6\" data-testid=\"product-detail-info__classifications\">\n<div>CABOTINE, qui signifie \u00e0 l&rsquo;origine actrice, est une fragrance aux milles facettes qui joue de son charme au moyen d&rsquo;un regard, pleine de joie de vivre et de spontan\u00e9it\u00e9.Attachant, ludique, irr\u00e9sistible.La premi\u00e8re bouff\u00e9e de ce parfum est une fra\u00eecheur transparente, incarn\u00e9e par la fleur de cerisier, la poire et les feuilles vertes ros\u00e9es. Puis, cette fra\u00eecheur se fond dans des notes florales douces et sensuelles de jasmin Pikake et de tub\u00e9reuse, relev\u00e9es par une touche de poivre. Le pr\u00e9cieux bois de santal et le v\u00e9tiver d\u00e9ploient leur odeur bois\u00e9e dans le fond sur un lit de muscs moelleux.<\/div>\n<\/div>\n<\/div>\n","protected":false},"excerpt":{"rendered":"<div class=\"iayHgKPIUZWrzT4fpACP\"><span class=\"PHtNB5LNBAR0ej2bv6Bf\">Parfum : <\/span>floral<\/div>\n<div class=\"iayHgKPIUZWrzT4fpACP\"><span class=\"PHtNB5LNBAR0ej2bv6Bf\">Note de t\u00eate : <\/span>fleur de cerisier, mandarine, mandarine, poire<\/div>\n<div class=\"iayHgKPIUZWrzT4fpACP\"><span class=\"PHtNB5LNBAR0ej2bv6Bf\">Note de c\u0153ur : <\/span>mimosa, Pivoine, jasmin<\/div>\n<div class=\"iayHgKPIUZWrzT4fpACP\"><span class=\"PHtNB5LNBAR0ej2bv6Bf\">Note de fond : <\/span>v\u00e9tiver, bois de santal<\/div>\n<div class=\"iayHgKPIUZWrzT4fpACP\"><span class=\"PHtNB5LNBAR0ej2bv6Bf\">Type de produit : <\/span>coffret<\/div>\n<div class=\"iayHgKPIUZWrzT4fpACP\"><span class=\"PHtNB5LNBAR0ej2bv6Bf\">Champ d&rsquo;application : <\/span>corps, cou, d\u00e9collet\u00e9, bras<\/div>\n","protected":false},"featured_media":15014,"comment_status":"open","ping_status":"closed","template":"","meta":{"inline_featured_image":false,"_monsterinsights_skip_tracking":false,"_monsterinsights_sitenote_active":false,"_monsterinsights_sitenote_note":"","_monsterinsights_sitenote_category":0,"_joinchat":[]},"product_cat":[106],"product_tag":[],"class_list":{"0":"post-15013","1":"product","2":"type-product","3":"status-publish","4":"has-post-thumbnail","6":"product_cat-parfumerie","8":"first","9":"instock","10":"shipping-taxable","11":"purchasable","12":"product-type-simple","13":"add-to-wishlist-after_add_to_cart"},"aioseo_notices":[],"_links":{"self":[{"href":"https:\/\/pararepublique.com\/index.php\/wp-json\/wp\/v2\/product\/15013","targetHints":{"allow":["GET"]}}],"collection":[{"href":"https:\/\/pararepublique.com\/index.php\/wp-json\/wp\/v2\/product"}],"about":[{"href":"https:\/\/pararepublique.com\/index.php\/wp-json\/wp\/v2\/types\/product"}],"replies":[{"embeddable":true,"href":"https:\/\/pararepublique.com\/index.php\/wp-json\/wp\/v2\/comments?post=15013"}],"version-history":[{"count":1,"href":"https:\/\/pararepublique.com\/index.php\/wp-json\/wp\/v2\/product\/15013\/revisions"}],"predecessor-version":[{"id":15015,"href":"https:\/\/pararepublique.com\/index.php\/wp-json\/wp\/v2\/product\/15013\/revisions\/15015"}],"wp:featuredmedia":[{"embeddable":true,"href":"https:\/\/pararepublique.com\/index.php\/wp-json\/wp\/v2\/media\/15014"}],"wp:attachment":[{"href":"https:\/\/pararepublique.com\/index.php\/wp-json\/wp\/v2\/media?parent=15013"}],"wp:term":[{"taxonomy":"product_cat","embeddable":true,"href":"https:\/\/pararepublique.com\/index.php\/wp-json\/wp\/v2\/product_cat?post=15013"},{"taxonomy":"product_tag","embeddable":true,"href":"https:\/\/pararepublique.com\/index.php\/wp-json\/wp\/v2\/product_tag?post=15013"}],"curies":[{"name":"wp","href":"https:\/\/api.w.org\/{rel}","templated":true}]}}