{"id":15023,"date":"2024-12-20T14:14:40","date_gmt":"2024-12-20T14:14:40","guid":{"rendered":"https:\/\/pararepublique.com\/?post_type=product&#038;p=15023"},"modified":"2024-12-20T14:14:40","modified_gmt":"2024-12-20T14:14:40","slug":"parfum-coffret-coco-mademoiselle","status":"publish","type":"product","link":"https:\/\/pararepublique.com\/index.php\/product\/parfum-coffret-coco-mademoiselle\/","title":{"rendered":"PARFUM COFFRET COCO MADEMOISELLE"},"content":{"rendered":"<div class=\"section__content\">\n<div class=\"accordion-content-tab-wrapper\">\n<div class=\"accordion-content-tab-elements-wrapper\">\n<div class=\"accordion-content-elements\">\n<h3 class=\"heading is-5\">PRODUIT<\/h3>\n<p>L\u2019Huile Corps COCO MADEMOISELLE en spray p\u00e9n\u00e8tre instantan\u00e9ment pour une hydratation longue dur\u00e9e et un fini non gras. Elle laisse la peau souple et soyeuse, envelopp\u00e9e des notes sensuelles et fra\u00eeches de COCO MADEMOISELLE.<\/p>\n<h3 class=\"heading is-5\">Composition<\/h3>\n<p>Compos\u00e9e \u00e0 79 % d\u2019ingr\u00e9dients d\u2019origine naturelle dont un m\u00e9lange d\u2019huiles v\u00e9g\u00e9tales nobles (jojoba et limnanthes alba) et d\u2019un actif hydratant m\u00ealant la rose et le jasmin, L\u2019Huile Corps nourrit la peau d\u00e8s la premi\u00e8re application.<br \/>\nLes notes vives de l\u2019orange laissent place \u00e0 un accord tr\u00e8s f\u00e9minin de jasmin et de rose, finalement soulign\u00e9 par l\u2019\u00e9l\u00e9gance du patchouli.<\/p>\n<h3 class=\"heading is-5\">INSPIRATION<\/h3>\n<p>COCO MADEMOISELLE puise son inspiration dans la personnalit\u00e9 hors du commun de Gabrielle Chanel. La fragrance s&rsquo;affirme comme l\u2019\u00e9cho olfactif d\u2019un esprit ind\u00e9pendant qui s\u2019affranchit des codes pour mieux cr\u00e9er les siens. Le portrait d\u2019une femme pr\u00eate \u00e0 \u00e9crire sa destin\u00e9e avec audace.<\/p>\n<h3 class=\"heading is-5\">L&rsquo;ART DU PARFUM<\/h3>\n<p>Un rituel parfum\u00e9 pour le bain et le corps qui prolonge le sillage ambr\u00e9-frais de COCO MADEMOISELLE.<br \/>\nAppliquer g\u00e9n\u00e9reusement l\u2019huile sur toutes les parties du corps pour hydrater la peau.<br \/>\nSon format spray facilite l\u2019application.<\/p>\n<\/div>\n<\/div>\n<\/div>\n<\/div>\n","protected":false},"excerpt":{"rendered":"<p>L\u2019Huile Corps COCO MADEMOISELLE en spray p\u00e9n\u00e8tre instantan\u00e9ment pour une hydratation longue dur\u00e9e et un fini non gras. Elle laisse la peau souple et soyeuse, envelopp\u00e9e des notes sensuelles et fra\u00eeches de COCO MADEMOISELLE.<\/p>\n","protected":false},"featured_media":15024,"comment_status":"open","ping_status":"closed","template":"","meta":{"inline_featured_image":false,"_monsterinsights_skip_tracking":false,"_monsterinsights_sitenote_active":false,"_monsterinsights_sitenote_note":"","_monsterinsights_sitenote_category":0,"_joinchat":[]},"product_cat":[106],"product_tag":[],"class_list":{"0":"post-15023","1":"product","2":"type-product","3":"status-publish","4":"has-post-thumbnail","6":"product_cat-parfumerie","8":"first","9":"instock","10":"shipping-taxable","11":"purchasable","12":"product-type-simple","13":"add-to-wishlist-after_add_to_cart"},"aioseo_notices":[],"_links":{"self":[{"href":"https:\/\/pararepublique.com\/index.php\/wp-json\/wp\/v2\/product\/15023","targetHints":{"allow":["GET"]}}],"collection":[{"href":"https:\/\/pararepublique.com\/index.php\/wp-json\/wp\/v2\/product"}],"about":[{"href":"https:\/\/pararepublique.com\/index.php\/wp-json\/wp\/v2\/types\/product"}],"replies":[{"embeddable":true,"href":"https:\/\/pararepublique.com\/index.php\/wp-json\/wp\/v2\/comments?post=15023"}],"version-history":[{"count":1,"href":"https:\/\/pararepublique.com\/index.php\/wp-json\/wp\/v2\/product\/15023\/revisions"}],"predecessor-version":[{"id":15025,"href":"https:\/\/pararepublique.com\/index.php\/wp-json\/wp\/v2\/product\/15023\/revisions\/15025"}],"wp:featuredmedia":[{"embeddable":true,"href":"https:\/\/pararepublique.com\/index.php\/wp-json\/wp\/v2\/media\/15024"}],"wp:attachment":[{"href":"https:\/\/pararepublique.com\/index.php\/wp-json\/wp\/v2\/media?parent=15023"}],"wp:term":[{"taxonomy":"product_cat","embeddable":true,"href":"https:\/\/pararepublique.com\/index.php\/wp-json\/wp\/v2\/product_cat?post=15023"},{"taxonomy":"product_tag","embeddable":true,"href":"https:\/\/pararepublique.com\/index.php\/wp-json\/wp\/v2\/product_tag?post=15023"}],"curies":[{"name":"wp","href":"https:\/\/api.w.org\/{rel}","templated":true}]}}