{"id":15036,"date":"2024-12-20T14:27:03","date_gmt":"2024-12-20T14:27:03","guid":{"rendered":"https:\/\/pararepublique.com\/?post_type=product&#038;p=15036"},"modified":"2024-12-20T14:27:03","modified_gmt":"2024-12-20T14:27:03","slug":"parfum-coffret-estee-lauder-plessures","status":"publish","type":"product","link":"https:\/\/pararepublique.com\/index.php\/product\/parfum-coffret-estee-lauder-plessures\/","title":{"rendered":"PARFUM COFFRET ESTEE LAUDER PLESSURES"},"content":{"rendered":"<p>le Corps, 75 ml.<\/p>\n<p>Le coffret Estee Lauder Pleasures comprend un lait pour le corps et une eau de parfum pour femme qui cr\u00e9ent ensemble une atmosph\u00e8re incomparable de tendresse, de sensualit\u00e9 et de sentimentalit\u00e9. Con\u00e7u par Alberto Morillas et Annie Buzantian en 1995, le parfum incarne l&rsquo;essence du printemps avec son souffle rafra\u00eechissant, remplissant le corps d&rsquo;un bonheur inou\u00ef. Le parfum, qui a maintenu sa pertinence pendant plus de deux d\u00e9cennies, promet un v\u00e9ritable d\u00e9lice \u00e0 travers ses motifs floraux sophistiqu\u00e9s.<\/p>\n","protected":false},"excerpt":{"rendered":"<p><strong>Gamme:<\/strong> pleasure<br \/>\n<strong>Composition:<\/strong> eau parfum\u00e9e, lotion pour corps<br \/>\n<strong>Pour qui:<\/strong> femmes<br \/>\n<strong>Famille Olfactive:<\/strong> florale, frais<br \/>\n<strong>Notes de t\u00eate:<\/strong> Baie rose, Freesia, Violette<br \/>\n<strong>Notes de c\u0153ur:<\/strong> G\u00e9ranium, Karo-Karounde, Lilas, Lis blanc, Pivoine, Rose<\/p>\n","protected":false},"featured_media":15037,"comment_status":"open","ping_status":"closed","template":"","meta":{"inline_featured_image":false,"_monsterinsights_skip_tracking":false,"_monsterinsights_sitenote_active":false,"_monsterinsights_sitenote_note":"","_monsterinsights_sitenote_category":0,"_joinchat":[]},"product_cat":[106],"product_tag":[],"class_list":{"0":"post-15036","1":"product","2":"type-product","3":"status-publish","4":"has-post-thumbnail","6":"product_cat-parfumerie","8":"first","9":"instock","10":"shipping-taxable","11":"purchasable","12":"product-type-simple","13":"add-to-wishlist-after_add_to_cart"},"aioseo_notices":[],"_links":{"self":[{"href":"https:\/\/pararepublique.com\/index.php\/wp-json\/wp\/v2\/product\/15036","targetHints":{"allow":["GET"]}}],"collection":[{"href":"https:\/\/pararepublique.com\/index.php\/wp-json\/wp\/v2\/product"}],"about":[{"href":"https:\/\/pararepublique.com\/index.php\/wp-json\/wp\/v2\/types\/product"}],"replies":[{"embeddable":true,"href":"https:\/\/pararepublique.com\/index.php\/wp-json\/wp\/v2\/comments?post=15036"}],"version-history":[{"count":1,"href":"https:\/\/pararepublique.com\/index.php\/wp-json\/wp\/v2\/product\/15036\/revisions"}],"predecessor-version":[{"id":15038,"href":"https:\/\/pararepublique.com\/index.php\/wp-json\/wp\/v2\/product\/15036\/revisions\/15038"}],"wp:featuredmedia":[{"embeddable":true,"href":"https:\/\/pararepublique.com\/index.php\/wp-json\/wp\/v2\/media\/15037"}],"wp:attachment":[{"href":"https:\/\/pararepublique.com\/index.php\/wp-json\/wp\/v2\/media?parent=15036"}],"wp:term":[{"taxonomy":"product_cat","embeddable":true,"href":"https:\/\/pararepublique.com\/index.php\/wp-json\/wp\/v2\/product_cat?post=15036"},{"taxonomy":"product_tag","embeddable":true,"href":"https:\/\/pararepublique.com\/index.php\/wp-json\/wp\/v2\/product_tag?post=15036"}],"curies":[{"name":"wp","href":"https:\/\/api.w.org\/{rel}","templated":true}]}}