{"id":15039,"date":"2024-12-20T14:30:54","date_gmt":"2024-12-20T14:30:54","guid":{"rendered":"https:\/\/pararepublique.com\/?post_type=product&#038;p=15039"},"modified":"2024-12-20T14:30:54","modified_gmt":"2024-12-20T14:30:54","slug":"parfum-coffret-jadore-50mllait","status":"publish","type":"product","link":"https:\/\/pararepublique.com\/index.php\/product\/parfum-coffret-jadore-50mllait\/","title":{"rendered":"PARFUM COFFRET J\u2019ADORE 50ML+LAIT"},"content":{"rendered":"<p>Offrez un cadeau g\u00e9n\u00e9reux avec le coffret J\u2019adore. Imagin\u00e9 par Pietro Ruffo pour Dior, un motif po\u00e9tique inspir\u00e9 par la verri\u00e8re de la villa Les Rhumbs, maison d&rsquo;enfance de Christian Dior, vient orner le coffret cadeau.<\/p>\n<p>\u00c0 l&rsquo;int\u00e9rieur de celui-ci, deux cr\u00e9ations J&rsquo;adore se d\u00e9voilent :<\/p>\n<p>&#8211; J&rsquo;adore Eau de Parfum, format 50ml. L&rsquo;ic\u00f4ne du parfum pour femme Dior aux notes d&rsquo;essences d&rsquo;ylang-ylang et de rose, de jasmin de Grasse et de jasmin sambac.<\/p>\n<p>&#8211; J&rsquo;adore Lait Sublime, format 75ml. Un lait parfum\u00e9 pour le corps qui d\u00e9veloppe sur la peau les notes florales et sensuelles de la fragrance.<\/p>\n<p>Conseils d&rsquo;utilisation<\/p>\n<p>1. Vaporisez J&rsquo;adore Eau de Parfum sur les points de pulsation \u2013 poignets et cou.<\/p>\n<p>2. Embellissez votre peau avec J&rsquo;adore Lait Sublime. Dior renforce son engagement en mati\u00e8re de durabilit\u00e9.<\/p>\n<p>Le coffret est sans plastique, au format optimis\u00e9* et compos\u00e9 de papier et carton recyclables**. Con\u00e7u pour \u00eatre r\u00e9utilis\u00e9, vous pouvez retirer sa cale afin de lui offrir une seconde vie comme \u00e9crin de rangement pour vos objets du quotidien.<\/p>\n<p>* En comparaison avec les coffrets pr\u00e9c\u00e9dents.<\/p>\n<p>** Emballage recyclable uniquement dans les zones dot\u00e9es d\u2019installations appropri\u00e9es.<\/p>\n<p>&nbsp;<\/p>\n","protected":false},"excerpt":{"rendered":"<p>Famille Olfactive : Floral<\/p>\n<p>Notes olfactives<\/p>\n<p>Note de t\u00eate : Ylang-ylang des Comores<\/p>\n<p>Note de c\u0153ur : Rose Damascena<\/p>\n<p>Note de fond : Jasmin Sambac<\/p>\n","protected":false},"featured_media":15040,"comment_status":"open","ping_status":"closed","template":"","meta":{"inline_featured_image":false,"_monsterinsights_skip_tracking":false,"_monsterinsights_sitenote_active":false,"_monsterinsights_sitenote_note":"","_monsterinsights_sitenote_category":0,"_joinchat":[]},"product_cat":[106],"product_tag":[],"class_list":{"0":"post-15039","1":"product","2":"type-product","3":"status-publish","4":"has-post-thumbnail","6":"product_cat-parfumerie","8":"first","9":"instock","10":"shipping-taxable","11":"purchasable","12":"product-type-simple","13":"add-to-wishlist-after_add_to_cart"},"aioseo_notices":[],"_links":{"self":[{"href":"https:\/\/pararepublique.com\/index.php\/wp-json\/wp\/v2\/product\/15039","targetHints":{"allow":["GET"]}}],"collection":[{"href":"https:\/\/pararepublique.com\/index.php\/wp-json\/wp\/v2\/product"}],"about":[{"href":"https:\/\/pararepublique.com\/index.php\/wp-json\/wp\/v2\/types\/product"}],"replies":[{"embeddable":true,"href":"https:\/\/pararepublique.com\/index.php\/wp-json\/wp\/v2\/comments?post=15039"}],"version-history":[{"count":1,"href":"https:\/\/pararepublique.com\/index.php\/wp-json\/wp\/v2\/product\/15039\/revisions"}],"predecessor-version":[{"id":15041,"href":"https:\/\/pararepublique.com\/index.php\/wp-json\/wp\/v2\/product\/15039\/revisions\/15041"}],"wp:featuredmedia":[{"embeddable":true,"href":"https:\/\/pararepublique.com\/index.php\/wp-json\/wp\/v2\/media\/15040"}],"wp:attachment":[{"href":"https:\/\/pararepublique.com\/index.php\/wp-json\/wp\/v2\/media?parent=15039"}],"wp:term":[{"taxonomy":"product_cat","embeddable":true,"href":"https:\/\/pararepublique.com\/index.php\/wp-json\/wp\/v2\/product_cat?post=15039"},{"taxonomy":"product_tag","embeddable":true,"href":"https:\/\/pararepublique.com\/index.php\/wp-json\/wp\/v2\/product_tag?post=15039"}],"curies":[{"name":"wp","href":"https:\/\/api.w.org\/{rel}","templated":true}]}}