{"id":15042,"date":"2024-12-20T14:33:48","date_gmt":"2024-12-20T14:33:48","guid":{"rendered":"https:\/\/pararepublique.com\/?post_type=product&#038;p=15042"},"modified":"2024-12-20T14:33:48","modified_gmt":"2024-12-20T14:33:48","slug":"parfum-coffret-jadore-femme","status":"publish","type":"product","link":"https:\/\/pararepublique.com\/index.php\/product\/parfum-coffret-jadore-femme\/","title":{"rendered":"PARFUM COFFRET J\u2019ADORE FEMME"},"content":{"rendered":"<div class=\"product-information__content\">\n<div class=\"in collapse\" data-uib-collapse=\"!isCollapseddescription\" aria-expanded=\"true\" aria-hidden=\"false\">\n<div class=\"attribute-value-container\">\n<div>\n<div class=\"richtext\">\n<p>Pietro Ruffo imagine pour Dior un d\u00e9cor singulier de constellations, qui vient envelopper le coffret cadeau J&rsquo;adore. Ainsi magnifi\u00e9 d&rsquo;une carte c\u00e9leste f\u00e9\u00e9rique, l&rsquo;\u00e9tui du coffret parfum vous invite dans l&rsquo;univers fantastique de Dior.<\/p>\n<p>Le coffret J&rsquo;adore contient :<\/p>\n<p>&#8211; L&rsquo;eau de parfum J&rsquo;adore, 50 ml. Cr\u00e9ation iconique de Dior, J&rsquo;adore est la fragrance embl\u00e9matique de la Maison, tant par sa composition florale que par les courbes de son flacon-amphore. Le parfum f\u00e9minin Dior \u00e0 la sensualit\u00e9 enivrante et fleurie.<br \/>\n&#8211; Le lait pour le corps J&rsquo;adore, 75 ml. Subtilement parfum\u00e9 des effluves du parfum J&rsquo;adore, le lait embellisseur pour le corps vient sublimer la peau.<\/p>\n<\/div>\n<\/div>\n<\/div>\n<\/div>\n<\/div>\n","protected":false},"excerpt":{"rendered":"<p>Pietro Ruffo imagine pour Dior un d\u00e9cor singulier de constellations, qui vient envelopper le coffret cadeau J&rsquo;adore. Ainsi magnifi\u00e9 d&rsquo;une carte c\u00e9leste f\u00e9\u00e9rique, l&rsquo;\u00e9tui du coffret parfum vous invite dans l&rsquo;univers fantastique de Dior.<\/p>\n","protected":false},"featured_media":15043,"comment_status":"open","ping_status":"closed","template":"","meta":{"inline_featured_image":false,"_monsterinsights_skip_tracking":false,"_monsterinsights_sitenote_active":false,"_monsterinsights_sitenote_note":"","_monsterinsights_sitenote_category":0,"_joinchat":[]},"product_cat":[106],"product_tag":[],"class_list":{"0":"post-15042","1":"product","2":"type-product","3":"status-publish","4":"has-post-thumbnail","6":"product_cat-parfumerie","8":"first","9":"instock","10":"shipping-taxable","11":"purchasable","12":"product-type-simple","13":"add-to-wishlist-after_add_to_cart"},"aioseo_notices":[],"_links":{"self":[{"href":"https:\/\/pararepublique.com\/index.php\/wp-json\/wp\/v2\/product\/15042","targetHints":{"allow":["GET"]}}],"collection":[{"href":"https:\/\/pararepublique.com\/index.php\/wp-json\/wp\/v2\/product"}],"about":[{"href":"https:\/\/pararepublique.com\/index.php\/wp-json\/wp\/v2\/types\/product"}],"replies":[{"embeddable":true,"href":"https:\/\/pararepublique.com\/index.php\/wp-json\/wp\/v2\/comments?post=15042"}],"version-history":[{"count":1,"href":"https:\/\/pararepublique.com\/index.php\/wp-json\/wp\/v2\/product\/15042\/revisions"}],"predecessor-version":[{"id":15044,"href":"https:\/\/pararepublique.com\/index.php\/wp-json\/wp\/v2\/product\/15042\/revisions\/15044"}],"wp:featuredmedia":[{"embeddable":true,"href":"https:\/\/pararepublique.com\/index.php\/wp-json\/wp\/v2\/media\/15043"}],"wp:attachment":[{"href":"https:\/\/pararepublique.com\/index.php\/wp-json\/wp\/v2\/media?parent=15042"}],"wp:term":[{"taxonomy":"product_cat","embeddable":true,"href":"https:\/\/pararepublique.com\/index.php\/wp-json\/wp\/v2\/product_cat?post=15042"},{"taxonomy":"product_tag","embeddable":true,"href":"https:\/\/pararepublique.com\/index.php\/wp-json\/wp\/v2\/product_tag?post=15042"}],"curies":[{"name":"wp","href":"https:\/\/api.w.org\/{rel}","templated":true}]}}