{"id":15048,"date":"2024-12-20T15:37:14","date_gmt":"2024-12-20T15:37:14","guid":{"rendered":"https:\/\/pararepublique.com\/?post_type=product&#038;p=15048"},"modified":"2024-12-20T15:37:15","modified_gmt":"2024-12-20T15:37:15","slug":"parfum-coffret-lair-du-temps","status":"publish","type":"product","link":"https:\/\/pararepublique.com\/index.php\/product\/parfum-coffret-lair-du-temps\/","title":{"rendered":"PARFUM COFFRET L\u2019AIR DU TEMPS"},"content":{"rendered":"<div id=\"idTab1\" class=\"rte\">\n<p>C\u00e9l\u00e9brez les f\u00eates de fin d\u2019ann\u00e9e avec le coffret L\u2019Air du Temps de Nina Ricci. Immergez-vous dans un monde enchant\u00e9 dans lequel ce parfum floral et \u00e9pic\u00e9 vous offre une parenth\u00e8se de magie. Accompagn\u00e9 de sa cr\u00e8me pour le corps parfum\u00e9e, ce parfum \u00e0 l\u2019\u00e9l\u00e9gance intemporelle d\u00e9ploie dans son sillage ses notes \u00e9l\u00e9gantes d\u2019\u0153illet et de bergamote et ses senteurs puissantes d\u2019ambre et de musc blanc.<\/p>\n<p>Sous son coffret habill\u00e9 d\u2019un ruban jaune, d\u00e9couvrez L\u2019Air du Temps de Nina Ricci dans son \u00e9ternel flacon embl\u00e9matique aux deux colombes. Une enveloppe raffin\u00e9e pour un parfum unique.<\/p>\n<p>Cette fragrance florale et \u00e9pic\u00e9e est un symbole d\u2019optimisme et de f\u00e9minit\u00e9, deux valeurs ch\u00e8res \u00e0 la Maison Nina Ricci.<\/p>\n<p><strong>Conseils d&rsquo;utilisation<\/strong><\/p>\n<p>Vaporisez l&rsquo;Eau de Toilette L&rsquo;Air Du Temps d&rsquo;un geste ample et g\u00e9n\u00e9reux, sur votre peau et\/ou sur vos v\u00eatements.<\/p>\n<p><strong>\u00a0<\/strong><\/p>\n<\/div>\n","protected":false},"excerpt":{"rendered":"<p>\u201cL\u2019Air du Temps est un petit miracle olfactif\u201d &#8211; Robert Ricci.<br \/>\nPremier floral \u00e9pic\u00e9 dans l&rsquo;histoire de la Haute Parfumerie, cet accord printanier, ardent et somptueux d\u2019une brass\u00e9e de fleurs, est travers\u00e9 par la senteur poivr\u00e9e de l\u2019oeillet mignardise.<\/p>\n","protected":false},"featured_media":15049,"comment_status":"open","ping_status":"closed","template":"","meta":{"inline_featured_image":false,"_monsterinsights_skip_tracking":false,"_monsterinsights_sitenote_active":false,"_monsterinsights_sitenote_note":"","_monsterinsights_sitenote_category":0,"_joinchat":[]},"product_cat":[106],"product_tag":[],"class_list":{"0":"post-15048","1":"product","2":"type-product","3":"status-publish","4":"has-post-thumbnail","6":"product_cat-parfumerie","8":"first","9":"instock","10":"shipping-taxable","11":"purchasable","12":"product-type-simple","13":"add-to-wishlist-after_add_to_cart"},"aioseo_notices":[],"_links":{"self":[{"href":"https:\/\/pararepublique.com\/index.php\/wp-json\/wp\/v2\/product\/15048","targetHints":{"allow":["GET"]}}],"collection":[{"href":"https:\/\/pararepublique.com\/index.php\/wp-json\/wp\/v2\/product"}],"about":[{"href":"https:\/\/pararepublique.com\/index.php\/wp-json\/wp\/v2\/types\/product"}],"replies":[{"embeddable":true,"href":"https:\/\/pararepublique.com\/index.php\/wp-json\/wp\/v2\/comments?post=15048"}],"version-history":[{"count":2,"href":"https:\/\/pararepublique.com\/index.php\/wp-json\/wp\/v2\/product\/15048\/revisions"}],"predecessor-version":[{"id":15051,"href":"https:\/\/pararepublique.com\/index.php\/wp-json\/wp\/v2\/product\/15048\/revisions\/15051"}],"wp:featuredmedia":[{"embeddable":true,"href":"https:\/\/pararepublique.com\/index.php\/wp-json\/wp\/v2\/media\/15049"}],"wp:attachment":[{"href":"https:\/\/pararepublique.com\/index.php\/wp-json\/wp\/v2\/media?parent=15048"}],"wp:term":[{"taxonomy":"product_cat","embeddable":true,"href":"https:\/\/pararepublique.com\/index.php\/wp-json\/wp\/v2\/product_cat?post=15048"},{"taxonomy":"product_tag","embeddable":true,"href":"https:\/\/pararepublique.com\/index.php\/wp-json\/wp\/v2\/product_tag?post=15048"}],"curies":[{"name":"wp","href":"https:\/\/api.w.org\/{rel}","templated":true}]}}