{"id":15055,"date":"2024-12-20T15:45:01","date_gmt":"2024-12-20T15:45:01","guid":{"rendered":"https:\/\/pararepublique.com\/?post_type=product&#038;p=15055"},"modified":"2024-12-20T15:45:01","modified_gmt":"2024-12-20T15:45:01","slug":"parfum-coffret-la-vie-est-belle-ele","status":"publish","type":"product","link":"https:\/\/pararepublique.com\/index.php\/product\/parfum-coffret-la-vie-est-belle-ele\/","title":{"rendered":"PARFUM COFFRET LA VIE EST BELLE ELE"},"content":{"rendered":"<div class=\"elementor-element elementor-element-201281c elementor-widget elementor-widget-woocommerce-product-short-description\" data-id=\"201281c\" data-element_type=\"widget\" data-widget_type=\"woocommerce-product-short-description.default\">\n<div class=\"elementor-widget-container\">\n<div class=\"woocommerce-product-details__short-description\">\n<p>LANC\u00d4ME \u2013 LA VIE EST BELLE<br \/>\nCe coffret cadeau contient :<br \/>\n-LA VIE EST BELLE Eau de Parfum 50ML<br \/>\n-LA VIE EST BELLE Eau de Parfum 4ML<br \/>\n-LA VIE EST BELLE Douche de parfum vivifiante 50ML<br \/>\n-Un mascara HYPN\u00d4SE 01 NOIR HYPNOTIC en format miniature<\/p>\n<p>UNE D\u00c9CLARATION UNIVERSELLE \u00c0 LA BEAUT\u00c9 DE LA VIE<br \/>\nL\u2019Eau de Parfum La Vie Est Belle invite chaque femme \u00e0 choisir son propre chemin vers le bonheur. Le premier Iris Gourmand cr\u00e9\u00e9<br \/>\nexclusivement pour Lanc\u00f4me par trois des plus grands parfumeurs fran\u00e7ais. Une Eau de Parfum \u00e0 l\u2019\u00e9quilibre parfait qui se compose<br \/>\nde mati\u00e8res naturelles nobles [Concr\u00e8te d\u2019Iris Pallida, Absolu de Jasmin Sambac, Absolu de Fleur d\u2019Oranger, Essence de Patchouli],<br \/>\nillumin\u00e9es par un accord gourmand r\u00e9gressif..<\/p>\n<\/div>\n<\/div>\n<\/div>\n","protected":false},"excerpt":{"rendered":"<p>Ce coffret cadeau contient :<br \/>\n-LA VIE EST BELLE Eau de Parfum 50ML<br \/>\n-LA VIE EST BELLE Eau de Parfum 4ML<br \/>\n-LA VIE EST BELLE Douche de parfum vivifiante 50ML<br \/>\n-Un mascara HYPN\u00d4SE 01 NOIR HYPNOTIC en format miniature<\/p>\n","protected":false},"featured_media":15056,"comment_status":"open","ping_status":"closed","template":"","meta":{"inline_featured_image":false,"_monsterinsights_skip_tracking":false,"_monsterinsights_sitenote_active":false,"_monsterinsights_sitenote_note":"","_monsterinsights_sitenote_category":0,"_joinchat":[]},"product_cat":[106],"product_tag":[],"class_list":{"0":"post-15055","1":"product","2":"type-product","3":"status-publish","4":"has-post-thumbnail","6":"product_cat-parfumerie","8":"first","9":"instock","10":"shipping-taxable","11":"purchasable","12":"product-type-simple","13":"add-to-wishlist-after_add_to_cart"},"aioseo_notices":[],"_links":{"self":[{"href":"https:\/\/pararepublique.com\/index.php\/wp-json\/wp\/v2\/product\/15055","targetHints":{"allow":["GET"]}}],"collection":[{"href":"https:\/\/pararepublique.com\/index.php\/wp-json\/wp\/v2\/product"}],"about":[{"href":"https:\/\/pararepublique.com\/index.php\/wp-json\/wp\/v2\/types\/product"}],"replies":[{"embeddable":true,"href":"https:\/\/pararepublique.com\/index.php\/wp-json\/wp\/v2\/comments?post=15055"}],"version-history":[{"count":1,"href":"https:\/\/pararepublique.com\/index.php\/wp-json\/wp\/v2\/product\/15055\/revisions"}],"predecessor-version":[{"id":15057,"href":"https:\/\/pararepublique.com\/index.php\/wp-json\/wp\/v2\/product\/15055\/revisions\/15057"}],"wp:featuredmedia":[{"embeddable":true,"href":"https:\/\/pararepublique.com\/index.php\/wp-json\/wp\/v2\/media\/15056"}],"wp:attachment":[{"href":"https:\/\/pararepublique.com\/index.php\/wp-json\/wp\/v2\/media?parent=15055"}],"wp:term":[{"taxonomy":"product_cat","embeddable":true,"href":"https:\/\/pararepublique.com\/index.php\/wp-json\/wp\/v2\/product_cat?post=15055"},{"taxonomy":"product_tag","embeddable":true,"href":"https:\/\/pararepublique.com\/index.php\/wp-json\/wp\/v2\/product_tag?post=15055"}],"curies":[{"name":"wp","href":"https:\/\/api.w.org\/{rel}","templated":true}]}}