{"id":15058,"date":"2024-12-20T15:49:27","date_gmt":"2024-12-20T15:49:27","guid":{"rendered":"https:\/\/pararepublique.com\/?post_type=product&#038;p=15058"},"modified":"2024-12-20T15:49:27","modified_gmt":"2024-12-20T15:49:27","slug":"parfum-coffret-la-vie-belle-femme","status":"publish","type":"product","link":"https:\/\/pararepublique.com\/index.php\/product\/parfum-coffret-la-vie-belle-femme\/","title":{"rendered":"PARFUM COFFRET LA VIE BELLE FEMME"},"content":{"rendered":"<p>Le parfum est intensifi\u00e9 par la chaleur de votre propre corps. Appliquez-le dans les plis de vos genoux et de vos coudes pour un parfum plus fort et plus durable. Apr\u00e8s application, \u00e9vitez de frotter ou de tamponner la peau. Cela d\u00e9compose le parfum, le faisant dispara\u00eetre plus rapidement. Si vous pr\u00e9f\u00e9rez mettre du parfum sur vos poignets, assurez-vous de r\u00e9appliquer apr\u00e8s un lavage fr\u00e9quent des mains, car cela a tendance \u00e0 \u00e9liminer le parfum. Remplacez le parfum apr\u00e8s 12 mois. Les parfums p\u00e9rim\u00e9s datant de plus d&rsquo;un an perdent l&rsquo;int\u00e9grit\u00e9 du parfum d&rsquo;origine.<b><br \/>\n<\/b><\/p>\n<p>L&rsquo;Eau de Parfum La vie est belle est le premier Tasty Iris cr\u00e9\u00e9 exclusivement pour Lanc\u00f4me par trois des plus grands parfumeurs fran\u00e7ais. Un parfum au sillage puissant, avec un \u00e9quilibre parfait entre la noblesse de l&rsquo;Iris Pallida, la profondeur du Patchouli, et un accord addictif de vanille, cr\u00e9ant le parfum parfait du bonheur.<\/p>\n","protected":false},"excerpt":{"rendered":"<p><b>L&rsquo;ENSEMBLE DE TROIS PI\u00c8CES COMPREND<\/b><\/p>\n<ul>\n<li>L&rsquo;Eau de Parfum La Vie Est Belle 100 ml<\/li>\n<li>L&rsquo;Eau de Parfum La Vie Est Belle 10\u00a0ml<\/li>\n<li>La Vie Est Belle Lait Corps 50\u00a0ml<\/li>\n<\/ul>\n","protected":false},"featured_media":15059,"comment_status":"open","ping_status":"closed","template":"","meta":{"inline_featured_image":false,"_monsterinsights_skip_tracking":false,"_monsterinsights_sitenote_active":false,"_monsterinsights_sitenote_note":"","_monsterinsights_sitenote_category":0,"_joinchat":[]},"product_cat":[106],"product_tag":[],"class_list":{"0":"post-15058","1":"product","2":"type-product","3":"status-publish","4":"has-post-thumbnail","6":"product_cat-parfumerie","8":"first","9":"instock","10":"shipping-taxable","11":"purchasable","12":"product-type-simple","13":"add-to-wishlist-after_add_to_cart"},"aioseo_notices":[],"_links":{"self":[{"href":"https:\/\/pararepublique.com\/index.php\/wp-json\/wp\/v2\/product\/15058","targetHints":{"allow":["GET"]}}],"collection":[{"href":"https:\/\/pararepublique.com\/index.php\/wp-json\/wp\/v2\/product"}],"about":[{"href":"https:\/\/pararepublique.com\/index.php\/wp-json\/wp\/v2\/types\/product"}],"replies":[{"embeddable":true,"href":"https:\/\/pararepublique.com\/index.php\/wp-json\/wp\/v2\/comments?post=15058"}],"version-history":[{"count":2,"href":"https:\/\/pararepublique.com\/index.php\/wp-json\/wp\/v2\/product\/15058\/revisions"}],"predecessor-version":[{"id":15061,"href":"https:\/\/pararepublique.com\/index.php\/wp-json\/wp\/v2\/product\/15058\/revisions\/15061"}],"wp:featuredmedia":[{"embeddable":true,"href":"https:\/\/pararepublique.com\/index.php\/wp-json\/wp\/v2\/media\/15059"}],"wp:attachment":[{"href":"https:\/\/pararepublique.com\/index.php\/wp-json\/wp\/v2\/media?parent=15058"}],"wp:term":[{"taxonomy":"product_cat","embeddable":true,"href":"https:\/\/pararepublique.com\/index.php\/wp-json\/wp\/v2\/product_cat?post=15058"},{"taxonomy":"product_tag","embeddable":true,"href":"https:\/\/pararepublique.com\/index.php\/wp-json\/wp\/v2\/product_tag?post=15058"}],"curies":[{"name":"wp","href":"https:\/\/api.w.org\/{rel}","templated":true}]}}