{"id":15062,"date":"2024-12-20T15:52:45","date_gmt":"2024-12-20T15:52:45","guid":{"rendered":"https:\/\/pararepublique.com\/?post_type=product&#038;p=15062"},"modified":"2024-12-20T15:52:45","modified_gmt":"2024-12-20T15:52:45","slug":"parfum-coffret-live-very-irresistible","status":"publish","type":"product","link":"https:\/\/pararepublique.com\/index.php\/product\/parfum-coffret-live-very-irresistible\/","title":{"rendered":"PARFUM COFFRET LIVE VERY IRRESISTIBLE"},"content":{"rendered":"<p>Ce charmant parfum se vante d&rsquo;accords fruit\u00e9s, floraux et \u00e9pic\u00e9s pour un ar\u00f4me vibrant et enivrant qui vous fera vous sentir soulag\u00e9 et inspir\u00e9 avec chaque spritz. Les notes les plus r\u00e9centes comprennent l&rsquo;ananas juteux, la mandarine sucr\u00e9e, le pamplemousse acidul\u00e9 et les p\u00e9tales de rose qui cr\u00e9ent un fantasme de l&rsquo;\u00eele tropicale d\u00e8s le d\u00e9but. Des notes de c\u0153ur de fruit de passion exotique, de poivre noir \u00e9pic\u00e9 et de rose sophistiqu\u00e9s enhardissent l&rsquo;odeur encore plus avec leurs tons dynamisants et invitants. Enfin, les notes de base de praline cr\u00e9meuse, de patchouli enivrant, de vanille lisse, de racine d&rsquo;orris terreux, de musc et d&rsquo;ambre s&rsquo;\u00e9quilibrent dans la concoction pour un r\u00e9sultat radieux et attrayant qui est li\u00e9 \u00e0 vous faire remarquer.<\/p>\n","protected":false},"excerpt":{"rendered":"<p>Ce charmant parfum se vante d&rsquo;accords fruit\u00e9s, floraux et \u00e9pic\u00e9s pour un ar\u00f4me vibrant et enivrant qui vous fera vous sentir soulag\u00e9 et inspir\u00e9 avec chaque spritz. Les notes les plus r\u00e9centes comprennent l&rsquo;ananas juteux, la mandarine sucr\u00e9e, le pamplemousse acidul\u00e9 et les p\u00e9tales de rose qui cr\u00e9ent un fantasme de l&rsquo;\u00eele tropicale d\u00e8s le d\u00e9but.<\/p>\n","protected":false},"featured_media":15063,"comment_status":"open","ping_status":"closed","template":"","meta":{"inline_featured_image":false,"_monsterinsights_skip_tracking":false,"_monsterinsights_sitenote_active":false,"_monsterinsights_sitenote_note":"","_monsterinsights_sitenote_category":0,"_joinchat":[]},"product_cat":[106],"product_tag":[],"class_list":{"0":"post-15062","1":"product","2":"type-product","3":"status-publish","4":"has-post-thumbnail","6":"product_cat-parfumerie","8":"first","9":"instock","10":"shipping-taxable","11":"purchasable","12":"product-type-simple","13":"add-to-wishlist-after_add_to_cart"},"aioseo_notices":[],"_links":{"self":[{"href":"https:\/\/pararepublique.com\/index.php\/wp-json\/wp\/v2\/product\/15062","targetHints":{"allow":["GET"]}}],"collection":[{"href":"https:\/\/pararepublique.com\/index.php\/wp-json\/wp\/v2\/product"}],"about":[{"href":"https:\/\/pararepublique.com\/index.php\/wp-json\/wp\/v2\/types\/product"}],"replies":[{"embeddable":true,"href":"https:\/\/pararepublique.com\/index.php\/wp-json\/wp\/v2\/comments?post=15062"}],"version-history":[{"count":1,"href":"https:\/\/pararepublique.com\/index.php\/wp-json\/wp\/v2\/product\/15062\/revisions"}],"predecessor-version":[{"id":15064,"href":"https:\/\/pararepublique.com\/index.php\/wp-json\/wp\/v2\/product\/15062\/revisions\/15064"}],"wp:featuredmedia":[{"embeddable":true,"href":"https:\/\/pararepublique.com\/index.php\/wp-json\/wp\/v2\/media\/15063"}],"wp:attachment":[{"href":"https:\/\/pararepublique.com\/index.php\/wp-json\/wp\/v2\/media?parent=15062"}],"wp:term":[{"taxonomy":"product_cat","embeddable":true,"href":"https:\/\/pararepublique.com\/index.php\/wp-json\/wp\/v2\/product_cat?post=15062"},{"taxonomy":"product_tag","embeddable":true,"href":"https:\/\/pararepublique.com\/index.php\/wp-json\/wp\/v2\/product_tag?post=15062"}],"curies":[{"name":"wp","href":"https:\/\/api.w.org\/{rel}","templated":true}]}}