{"id":15065,"date":"2024-12-20T15:56:52","date_gmt":"2024-12-20T15:56:52","guid":{"rendered":"https:\/\/pararepublique.com\/?post_type=product&#038;p=15065"},"modified":"2024-12-20T15:56:52","modified_gmt":"2024-12-20T15:56:52","slug":"parfum-coffret-lolita","status":"publish","type":"product","link":"https:\/\/pararepublique.com\/index.php\/product\/parfum-coffret-lolita\/","title":{"rendered":"PARFUM COFFRET LOLITA"},"content":{"rendered":"<p>Lolita Lempicka s\u2019est impos\u00e9e comme la cr\u00e9atrice d\u2019un monde unique, f\u00e9\u00e9rique et enchanteur. Ses parfums sont des signatures reconnaissables et engag\u00e9es. Lolita Lempicka a fait le choix d&rsquo;inscrire sa marque dans des pr\u00e9ceptes v\u00e9gan et cruelty free. Ses parfums sont naturels, exempts de colorants, de filtres solaires et de perturbateurs endocriniens.<\/p>\n","protected":false},"excerpt":{"rendered":"<ul class=\"prodf-infos\">\n<li><label>Marque<\/label>Lolita Lempicka<\/li>\n<li><label>R\u00e9f\u00e9rence<\/label>Le Parfum<\/li>\n<li><label>Concentration<\/label>Eau de parfum<\/li>\n<li><label>Genre<\/label>Femme<\/li>\n<li><label>Ann\u00e9e<\/label>2021<\/li>\n<li><label>Famille olfactive<\/label>Oriental &#8211; Floral<\/li>\n<\/ul>\n","protected":false},"featured_media":15066,"comment_status":"open","ping_status":"closed","template":"","meta":{"inline_featured_image":false,"_monsterinsights_skip_tracking":false,"_monsterinsights_sitenote_active":false,"_monsterinsights_sitenote_note":"","_monsterinsights_sitenote_category":0,"_joinchat":[]},"product_cat":[106],"product_tag":[],"class_list":{"0":"post-15065","1":"product","2":"type-product","3":"status-publish","4":"has-post-thumbnail","6":"product_cat-parfumerie","8":"first","9":"instock","10":"shipping-taxable","11":"purchasable","12":"product-type-simple","13":"add-to-wishlist-after_add_to_cart"},"aioseo_notices":[],"_links":{"self":[{"href":"https:\/\/pararepublique.com\/index.php\/wp-json\/wp\/v2\/product\/15065","targetHints":{"allow":["GET"]}}],"collection":[{"href":"https:\/\/pararepublique.com\/index.php\/wp-json\/wp\/v2\/product"}],"about":[{"href":"https:\/\/pararepublique.com\/index.php\/wp-json\/wp\/v2\/types\/product"}],"replies":[{"embeddable":true,"href":"https:\/\/pararepublique.com\/index.php\/wp-json\/wp\/v2\/comments?post=15065"}],"version-history":[{"count":2,"href":"https:\/\/pararepublique.com\/index.php\/wp-json\/wp\/v2\/product\/15065\/revisions"}],"predecessor-version":[{"id":15068,"href":"https:\/\/pararepublique.com\/index.php\/wp-json\/wp\/v2\/product\/15065\/revisions\/15068"}],"wp:featuredmedia":[{"embeddable":true,"href":"https:\/\/pararepublique.com\/index.php\/wp-json\/wp\/v2\/media\/15066"}],"wp:attachment":[{"href":"https:\/\/pararepublique.com\/index.php\/wp-json\/wp\/v2\/media?parent=15065"}],"wp:term":[{"taxonomy":"product_cat","embeddable":true,"href":"https:\/\/pararepublique.com\/index.php\/wp-json\/wp\/v2\/product_cat?post=15065"},{"taxonomy":"product_tag","embeddable":true,"href":"https:\/\/pararepublique.com\/index.php\/wp-json\/wp\/v2\/product_tag?post=15065"}],"curies":[{"name":"wp","href":"https:\/\/api.w.org\/{rel}","templated":true}]}}